{"id":226836,"date":"2025-03-22T16:06:20","date_gmt":"2025-03-22T16:06:20","guid":{"rendered":"https:\/\/aromasentia.com\/product\/money-cat-teapot-set-two-cups-travel-pack-black\/"},"modified":"2025-12-30T19:13:30","modified_gmt":"2025-12-30T19:13:30","slug":"set-theiere-chat-chanceux-deux-tasses-pack-de-voyage-noir","status":"publish","type":"product","link":"https:\/\/aromasentia.com\/fr\/set-theiere-chat-chanceux-deux-tasses-pack-de-voyage-noir\/","title":{"rendered":"Set Th\u00e9i\u00e8re Chat Chanceux &#8211; Deux Tasses &#8211; Pack de Voyage &#8211; Noir"},"content":{"rendered":"<h1>Ajoutez une touche de charme et d&rsquo;\u00e9l\u00e9gance \u00e0 votre gamme de produits avec le d\u00e9licieux set de th\u00e9i\u00e8re Chat Chanceux.&nbsp;<\/h1>\n<p>Cet ensemble fantaisiste comprend une th\u00e9i\u00e8re au design unique et deux tasses assorties, le tout soigneusement rang\u00e9 dans une \u00e9l\u00e9gante mallette de voyage, parfaite pour les amateurs de th\u00e9 en d\u00e9placement.&nbsp;<\/p>\n<p>Le set inclut une th\u00e9i\u00e8re avec une \u00e9l\u00e9gante finition noire orn\u00e9e d&rsquo;un motif d&rsquo;argent dor\u00e9, symbole de prosp\u00e9rit\u00e9 et de bonne fortune.&nbsp;<\/p>\n<p>Le bec et le couvercle ergonomiques permettent de verser le th\u00e9 en douceur.&nbsp;<\/p>\n<p>Chaque tasse est orn\u00e9e d&rsquo;une mignonne frimousse de chat et, lorsqu&rsquo;elles sont empil\u00e9es sur la th\u00e9i\u00e8re, elles cr\u00e9ent l&rsquo;apparence d&rsquo;un charmant chat, ajoutant une touche d&rsquo;espi\u00e8glerie \u00e0 l&rsquo;ensemble.&nbsp;<\/p>\n<h2>L&rsquo;ensemble comprend :&nbsp;<\/h2>\n<p>&#8211; 1x Th\u00e9i\u00e8re&nbsp;<\/p>\n<p>&#8211; 2 tasses \u00e0 th\u00e9&nbsp;<\/p>\n<p>&#8211; 1 valise de voyage&nbsp;<\/p>\n<h2>Sp\u00e9cifications du produit : &nbsp;<\/h2>\n<p>&#8211; Mat\u00e9riau : C\u00e9ramique (lavage \u00e0 la main recommand\u00e9) &nbsp;<\/p>\n<p>&#8211; Capacit\u00e9 de la th\u00e9i\u00e8re : environ 200 ml &nbsp;<\/p>\n<p>&#8211; Capacit\u00e9 de la petite tasse : environ 80 ml&nbsp;<\/p>\n<p>&#8211; Capacit\u00e9 de la plus grande tasse : environ 120 ml &nbsp;<\/p>\n<p><strong><span style=\"color: rgb(141, 186, 216);\">Faites vos r\u00e9serves d\u00e8s maintenant pour offrir \u00e0 vos clients une d\u00e9licieuse exp\u00e9rience de d\u00e9gustation de th\u00e9 qu&rsquo;ils ch\u00e9riront.<\/span><\/strong><\/p>\n","protected":false},"excerpt":{"rendered":"<p>Ajoutez une touche de charme et d&rsquo;\u00e9l\u00e9gance \u00e0 votre gamme de produits avec le d\u00e9licieux set de th\u00e9i\u00e8re Chat Chanceux.&nbsp; Cet ensemble fantaisiste comprend une th\u00e9i\u00e8re au design unique et deux tasses assorties, le tout soigneusement rang\u00e9 dans une \u00e9l\u00e9gante mallette de voyage, parfaite pour les amateurs de th\u00e9 en d\u00e9placement.&nbsp; Le set inclut une [&hellip;]<\/p>\n","protected":false},"featured_media":379916,"comment_status":"closed","ping_status":"open","template":"","meta":[],"product_brand":[],"product_cat":[16988,14446,25039,26700],"product_tag":[],"class_list":{"0":"post-226836","1":"product","2":"type-product","3":"status-publish","4":"has-post-thumbnail","6":"product_cat-cuisine-et-accessoires","7":"product_cat-maison-et-jardin","8":"product_cat-the-et-accessoires","9":"product_cat-theieres-et-tasses-a-the","10":"pa_collection-herbal-teapot-sets-fr","11":"pa_made-in-chine","13":"first","14":"instock","15":"purchasable","16":"product-type-simple"},"supplier_id":null,"supplier_sku":"TeaP-30","barcode":null,"atum_controlled":true,"out_stock_date":null,"out_stock_threshold":null,"inheritable":false,"inbound_stock":null,"stock_on_hold":0,"sold_today":0,"sales_last_days":0,"reserved_stock":null,"customer_returns":null,"warehouse_damage":null,"lost_in_post":null,"other_logs":null,"out_stock_days":0,"lost_sales":0,"has_location":null,"update_date":"2026-02-11T08:28:08","atum_locations":[],"atum_stock_status":"instock","restock_status":false,"low_stock_amount":"","sales_update_date":"2025-09-04T00:30:35","calc_backorders":null,"_links":{"self":[{"href":"https:\/\/aromasentia.com\/fr\/wp-json\/wp\/v2\/product\/226836","targetHints":{"allow":["GET"]}}],"collection":[{"href":"https:\/\/aromasentia.com\/fr\/wp-json\/wp\/v2\/product"}],"about":[{"href":"https:\/\/aromasentia.com\/fr\/wp-json\/wp\/v2\/types\/product"}],"replies":[{"embeddable":true,"href":"https:\/\/aromasentia.com\/fr\/wp-json\/wp\/v2\/comments?post=226836"}],"version-history":[{"count":0,"href":"https:\/\/aromasentia.com\/fr\/wp-json\/wp\/v2\/product\/226836\/revisions"}],"wp:featuredmedia":[{"embeddable":true,"href":"https:\/\/aromasentia.com\/fr\/wp-json\/wp\/v2\/media\/379916"}],"wp:attachment":[{"href":"https:\/\/aromasentia.com\/fr\/wp-json\/wp\/v2\/media?parent=226836"}],"wp:term":[{"taxonomy":"product_brand","embeddable":true,"href":"https:\/\/aromasentia.com\/fr\/wp-json\/wp\/v2\/product_brand?post=226836"},{"taxonomy":"product_cat","embeddable":true,"href":"https:\/\/aromasentia.com\/fr\/wp-json\/wp\/v2\/product_cat?post=226836"},{"taxonomy":"product_tag","embeddable":true,"href":"https:\/\/aromasentia.com\/fr\/wp-json\/wp\/v2\/product_tag?post=226836"}],"curies":[{"name":"wp","href":"https:\/\/api.w.org\/{rel}","templated":true}]}}