{"id":226828,"date":"2025-03-22T16:06:20","date_gmt":"2025-03-22T16:06:20","guid":{"rendered":"https:\/\/aromasentia.com\/product\/travel-ceramic-teapot-set-three-friends-travel-pack\/"},"modified":"2025-12-30T19:13:30","modified_gmt":"2025-12-30T19:13:30","slug":"set-theiere-en-ceramique-de-voyage-trois-amis-pack-de-voyage","status":"publish","type":"product","link":"https:\/\/aromasentia.com\/fr\/set-theiere-en-ceramique-de-voyage-trois-amis-pack-de-voyage\/","title":{"rendered":"Set Th\u00e9i\u00e8re en C\u00e9ramique de Voyage &#8211; Trois Amis &#8211; Pack de Voyage"},"content":{"rendered":"<h1>D\u00e9couvrez l&rsquo;\u00e9l\u00e9gance et la praticit\u00e9 avec notre ensemble de th\u00e9i\u00e8res de voyage en c\u00e9ramique &#8211; Trois Amis.&nbsp;<\/h1>\n<p>Parfait pour les amateurs de th\u00e9 en d\u00e9placement, cet ensemble comprend une th\u00e9i\u00e8re moderne au d\u00e9grad\u00e9 de blanc et noir, dot\u00e9e d&rsquo;une bande en bois pour une prise en main optimale et d&rsquo;un bec ergonomique pour un service facile.&nbsp;<\/p>\n<p>La th\u00e9i\u00e8re est \u00e9quip\u00e9e d&rsquo;un infuseur amovible, id\u00e9al pour les th\u00e9s en feuilles et facile \u00e0 nettoyer.&nbsp;<\/p>\n<p>Les tasses assorties pr\u00e9sentent un design minimaliste en d\u00e9grad\u00e9 noir et blanc.&nbsp;<\/p>\n<h2>L&rsquo;ensemble comprend :&nbsp;<\/h2>\n<p>&#8211; 1x Th\u00e9i\u00e8re avec infuseur&nbsp;<\/p>\n<p>&#8211; 3x Tasse \u00e0 th\u00e9&nbsp;<\/p>\n<p>&#8211; 1 \u00e9tui de voyage&nbsp;<\/p>\n<h2>Sp\u00e9cifications du produit : <\/h2>\n<p>&#8211; Mat\u00e9riau : C\u00e9ramique (lavage \u00e0 la main recommand\u00e9)&nbsp;<\/p>\n<p>&#8211; Capacit\u00e9 de la th\u00e9i\u00e8re : environ 350 ml (environ 11,8 onces liquides)&nbsp;<\/p>\n<p>&#8211; Capacit\u00e9 de la tasse : environ 50 ml (environ 1,7 onces liquides)<\/p>\n<p><strong><span style=\"color: rgb(141, 186, 216);\">R\u00e9approvisionnez-vous d\u00e8s maintenant pour offrir \u00e0 vos clients une exp\u00e9rience de d\u00e9gustation de th\u00e9 raffin\u00e9e.<\/span><\/strong><\/p>\n","protected":false},"excerpt":{"rendered":"<p>D\u00e9couvrez l&rsquo;\u00e9l\u00e9gance et la praticit\u00e9 avec notre ensemble de th\u00e9i\u00e8res de voyage en c\u00e9ramique &#8211; Trois Amis.&nbsp; Parfait pour les amateurs de th\u00e9 en d\u00e9placement, cet ensemble comprend une th\u00e9i\u00e8re moderne au d\u00e9grad\u00e9 de blanc et noir, dot\u00e9e d&rsquo;une bande en bois pour une prise en main optimale et d&rsquo;un bec ergonomique pour un service [&hellip;]<\/p>\n","protected":false},"featured_media":379842,"comment_status":"closed","ping_status":"open","template":"","meta":{"_angie_page":false},"product_brand":[],"product_cat":[16988,14446,25039,26700],"product_tag":[],"class_list":{"0":"post-226828","1":"product","2":"type-product","3":"status-publish","4":"has-post-thumbnail","6":"product_cat-cuisine-et-accessoires","7":"product_cat-maison-et-jardin","8":"product_cat-the-et-accessoires","9":"product_cat-theieres-et-tasses-a-the","10":"pa_collection-herbal-teapot-sets-fr","11":"pa_made-in-chine","13":"first","14":"instock","15":"purchasable","16":"product-type-simple"},"supplier_id":null,"supplier_sku":"TeaP-28","barcode":null,"atum_controlled":true,"out_stock_date":null,"out_stock_threshold":null,"inheritable":false,"inbound_stock":null,"stock_on_hold":0,"sold_today":0,"sales_last_days":0,"reserved_stock":null,"customer_returns":null,"warehouse_damage":null,"lost_in_post":null,"other_logs":null,"out_stock_days":0,"lost_sales":0,"has_location":null,"update_date":"2026-04-27T07:24:30","atum_locations":[],"atum_stock_status":"instock","restock_status":false,"low_stock_amount":"","sales_update_date":"2026-01-30T01:24:46","calc_backorders":null,"_links":{"self":[{"href":"https:\/\/aromasentia.com\/fr\/wp-json\/wp\/v2\/product\/226828","targetHints":{"allow":["GET"]}}],"collection":[{"href":"https:\/\/aromasentia.com\/fr\/wp-json\/wp\/v2\/product"}],"about":[{"href":"https:\/\/aromasentia.com\/fr\/wp-json\/wp\/v2\/types\/product"}],"replies":[{"embeddable":true,"href":"https:\/\/aromasentia.com\/fr\/wp-json\/wp\/v2\/comments?post=226828"}],"version-history":[{"count":0,"href":"https:\/\/aromasentia.com\/fr\/wp-json\/wp\/v2\/product\/226828\/revisions"}],"wp:featuredmedia":[{"embeddable":true,"href":"https:\/\/aromasentia.com\/fr\/wp-json\/wp\/v2\/media\/379842"}],"wp:attachment":[{"href":"https:\/\/aromasentia.com\/fr\/wp-json\/wp\/v2\/media?parent=226828"}],"wp:term":[{"taxonomy":"product_brand","embeddable":true,"href":"https:\/\/aromasentia.com\/fr\/wp-json\/wp\/v2\/product_brand?post=226828"},{"taxonomy":"product_cat","embeddable":true,"href":"https:\/\/aromasentia.com\/fr\/wp-json\/wp\/v2\/product_cat?post=226828"},{"taxonomy":"product_tag","embeddable":true,"href":"https:\/\/aromasentia.com\/fr\/wp-json\/wp\/v2\/product_tag?post=226828"}],"curies":[{"name":"wp","href":"https:\/\/api.w.org\/{rel}","templated":true}]}}