{"id":226824,"date":"2025-03-22T16:06:20","date_gmt":"2025-03-22T16:06:20","guid":{"rendered":"https:\/\/aromasentia.com\/product\/travel-mountain-teapot-set-four-friends-travel-pack\/"},"modified":"2025-12-30T19:13:30","modified_gmt":"2025-12-30T19:13:30","slug":"set-theiere-montagne-quatre-amis-pack-de-voyage","status":"publish","type":"product","link":"https:\/\/aromasentia.com\/fr\/set-theiere-montagne-quatre-amis-pack-de-voyage\/","title":{"rendered":"Set Th\u00e9i\u00e8re Montagne &#8211; Quatre Amis &#8211; Pack de Voyage"},"content":{"rendered":"<h1>Le set de th\u00e9i\u00e8re de montagne de voyage, con&ccedil;u pour les amateurs de th\u00e9 en d\u00e9placement, combine praticit\u00e9 et \u00e9l\u00e9gance. <\/h1>\n<p>Ce set comprend une th\u00e9i\u00e8re polyvalente avec un infuseur amovible et quatre tasses assorties, le tout soigneusement rang\u00e9 dans une \u00e9l\u00e9gante mallette de voyage.&nbsp;<\/p>\n<p>La th\u00e9i\u00e8re est dot\u00e9e d&rsquo;un corps en verre transparent avec un magnifique motif de montagne grav\u00e9 \u00e0 la base.&nbsp;<\/p>\n<p>L&rsquo;infuseur amovible, \u00e9galement orn\u00e9 d&rsquo;un motif de montagne, facilite l&rsquo;infusion et le nettoyage. Les tasses, avec leur ext\u00e9rieur vert \u00e9l\u00e9gant et leur int\u00e9rieur cr\u00e8me lisse, offrent un parfait \u00e9quilibre entre esth\u00e9tique et fonctionnalit\u00e9.&nbsp;<\/p>\n<h2>L&rsquo;ensemble comprend : <\/h2>\n<p>&#8211; 1x Th\u00e9i\u00e8re avec infuseur&nbsp;<\/p>\n<p>&#8211; 4x Tasse \u00e0 th\u00e9&nbsp;<\/p>\n<p>&#8211; 1 \u00e9tui de voyage&nbsp;<\/p>\n<h2>Sp\u00e9cifications du produit : <\/h2>\n<p>&#8211; Mat\u00e9riau : C\u00e9ramique (lavage \u00e0 la main recommand\u00e9)&nbsp;<\/p>\n<p>&#8211; Capacit\u00e9 de la th\u00e9i\u00e8re : environ 300 ml (environ 10,1 onces liquides)&nbsp;<\/p>\n<p>&#8211; Capacit\u00e9 de la tasse : environ 50 ml (environ 1,7 onces liquides)&nbsp;<\/p>\n<p>&#8211; Lavable au lave-vaisselle : Non recommand\u00e9&nbsp;<\/p>\n<p>&#8211; Peut \u00eatre utilis\u00e9 au micro-ondes : Non recommand\u00e9&nbsp;<\/p>\n<p><strong><span style=\"color: rgb(141, 186, 216);\">Faites vos r\u00e9serves d\u00e8s maintenant pour offrir \u00e0 vos clients une exp\u00e9rience de d\u00e9gustation de th\u00e9 raffin\u00e9e qu&rsquo;ils pourront appr\u00e9cier n&rsquo;importe o&ugrave;.<\/span><\/strong><\/p>\n","protected":false},"excerpt":{"rendered":"<p>Le set de th\u00e9i\u00e8re de montagne de voyage, con&ccedil;u pour les amateurs de th\u00e9 en d\u00e9placement, combine praticit\u00e9 et \u00e9l\u00e9gance. Ce set comprend une th\u00e9i\u00e8re polyvalente avec un infuseur amovible et quatre tasses assorties, le tout soigneusement rang\u00e9 dans une \u00e9l\u00e9gante mallette de voyage.&nbsp; La th\u00e9i\u00e8re est dot\u00e9e d&rsquo;un corps en verre transparent avec un [&hellip;]<\/p>\n","protected":false},"featured_media":379801,"comment_status":"closed","ping_status":"open","template":"","meta":{"_angie_page":false},"product_brand":[],"product_cat":[16988,14446,25039,26700],"product_tag":[],"class_list":{"0":"post-226824","1":"product","2":"type-product","3":"status-publish","4":"has-post-thumbnail","6":"product_cat-cuisine-et-accessoires","7":"product_cat-maison-et-jardin","8":"product_cat-the-et-accessoires","9":"product_cat-theieres-et-tasses-a-the","10":"pa_collection-herbal-teapot-sets-fr","11":"pa_made-in-chine","13":"first","14":"instock","15":"purchasable","16":"product-type-simple"},"supplier_id":null,"supplier_sku":"TeaP-27","barcode":null,"atum_controlled":true,"out_stock_date":null,"out_stock_threshold":null,"inheritable":false,"inbound_stock":null,"stock_on_hold":0,"sold_today":0,"sales_last_days":0,"reserved_stock":null,"customer_returns":null,"warehouse_damage":null,"lost_in_post":null,"other_logs":null,"out_stock_days":0,"lost_sales":0,"has_location":null,"update_date":"2026-05-04T00:04:59","atum_locations":[],"atum_stock_status":"instock","restock_status":false,"low_stock_amount":"","sales_update_date":"2026-02-06T00:02:29","calc_backorders":null,"_links":{"self":[{"href":"https:\/\/aromasentia.com\/fr\/wp-json\/wp\/v2\/product\/226824","targetHints":{"allow":["GET"]}}],"collection":[{"href":"https:\/\/aromasentia.com\/fr\/wp-json\/wp\/v2\/product"}],"about":[{"href":"https:\/\/aromasentia.com\/fr\/wp-json\/wp\/v2\/types\/product"}],"replies":[{"embeddable":true,"href":"https:\/\/aromasentia.com\/fr\/wp-json\/wp\/v2\/comments?post=226824"}],"version-history":[{"count":0,"href":"https:\/\/aromasentia.com\/fr\/wp-json\/wp\/v2\/product\/226824\/revisions"}],"wp:featuredmedia":[{"embeddable":true,"href":"https:\/\/aromasentia.com\/fr\/wp-json\/wp\/v2\/media\/379801"}],"wp:attachment":[{"href":"https:\/\/aromasentia.com\/fr\/wp-json\/wp\/v2\/media?parent=226824"}],"wp:term":[{"taxonomy":"product_brand","embeddable":true,"href":"https:\/\/aromasentia.com\/fr\/wp-json\/wp\/v2\/product_brand?post=226824"},{"taxonomy":"product_cat","embeddable":true,"href":"https:\/\/aromasentia.com\/fr\/wp-json\/wp\/v2\/product_cat?post=226824"},{"taxonomy":"product_tag","embeddable":true,"href":"https:\/\/aromasentia.com\/fr\/wp-json\/wp\/v2\/product_tag?post=226824"}],"curies":[{"name":"wp","href":"https:\/\/api.w.org\/{rel}","templated":true}]}}