{"id":226820,"date":"2025-03-22T16:06:20","date_gmt":"2025-03-22T16:06:20","guid":{"rendered":"https:\/\/aromasentia.com\/product\/herbal-jade-teapot-set-pot-two-cups\/"},"modified":"2025-12-30T19:13:30","modified_gmt":"2025-12-30T19:13:30","slug":"set-de-theiere-jade-herbal-pot-deux-tasses","status":"publish","type":"product","link":"https:\/\/aromasentia.com\/fr\/set-de-theiere-jade-herbal-pot-deux-tasses\/","title":{"rendered":"Set de Th\u00e9i\u00e8re Jade Herbal &#8211; Pot &#038; Deux Tasses"},"content":{"rendered":"<h1>\u00e9merveillez vos clients avec la s\u00e9r\u00e9nit\u00e9 \u00e9l\u00e9gante de notre set de th\u00e9i\u00e8res couleur verte jade.&nbsp;<\/h1>\n<p>Cet ensemble exquis propose une th\u00e9i\u00e8re finement fabriqu\u00e9e et deux tasses assorties, pour une exp\u00e9rience de th\u00e9 raffin\u00e9e et apaisante.&nbsp;<\/p>\n<p>La th\u00e9i\u00e8re, d&rsquo;une finition lisse en vert jade, arbore une forme moderne et \u00e9l\u00e9gante avec une poign\u00e9e dor\u00e9e robuste, ajoutant une touche sophistiqu\u00e9e \u00e0 tout rituel de th\u00e9. Le bec ergonomique assure un service facile.&nbsp;<\/p>\n<p>Les deux tasses de couleur vertes jade assorties compl\u00e8tent parfaitement cet ensemble.&nbsp;<\/p>\n<h2>L&rsquo;ensemble comprend :&nbsp;<\/h2>\n<p>&#8211; 1x Th\u00e9i\u00e8re&nbsp;<\/p>\n<p>&#8211; 2 tasses \u00e0 th\u00e9&nbsp;<\/p>\n<h2>Sp\u00e9cifications du produit : <\/h2>\n<p>&#8211; Mat\u00e9riau : C\u00e9ramique (lavage \u00e0 la main recommand\u00e9)&nbsp;<\/p>\n<p>&#8211; Capacit\u00e9 de la th\u00e9i\u00e8re : environ 200 ml&nbsp;<\/p>\n<p>&#8211; Capacit\u00e9 de la tasse : environ 50 ml<\/p>\n<p><strong><span style=\"color: rgb(141, 186, 216);\">R\u00e9approvisionnez d\u00e8s maintenant votre boutique pour offrir \u00e0 vos clients une exp\u00e9rience de d\u00e9gustation de th\u00e9 qu&rsquo;ils ch\u00e9riront.<\/span><\/strong><\/p>\n","protected":false},"excerpt":{"rendered":"<p>\u00e9merveillez vos clients avec la s\u00e9r\u00e9nit\u00e9 \u00e9l\u00e9gante de notre set de th\u00e9i\u00e8res couleur verte jade.&nbsp; Cet ensemble exquis propose une th\u00e9i\u00e8re finement fabriqu\u00e9e et deux tasses assorties, pour une exp\u00e9rience de th\u00e9 raffin\u00e9e et apaisante.&nbsp; La th\u00e9i\u00e8re, d&rsquo;une finition lisse en vert jade, arbore une forme moderne et \u00e9l\u00e9gante avec une poign\u00e9e dor\u00e9e robuste, ajoutant [&hellip;]<\/p>\n","protected":false},"featured_media":379760,"comment_status":"closed","ping_status":"open","template":"","meta":[],"product_brand":[],"product_cat":[16988,25639,14446,25226,25039,26700],"product_tag":[],"class_list":{"0":"post-226820","1":"product","2":"type-product","3":"status-publish","4":"has-post-thumbnail","6":"product_cat-cuisine-et-accessoires","7":"product_cat-jade","8":"product_cat-maison-et-jardin","9":"product_cat-pierres-et-mineraux","10":"product_cat-the-et-accessoires","11":"product_cat-theieres-et-tasses-a-the","12":"pa_collection-herbal-teapot-sets-fr","13":"pa_made-in-chine","15":"first","16":"instock","17":"purchasable","18":"product-type-simple"},"supplier_id":null,"supplier_sku":"TeaP-26","barcode":null,"atum_controlled":true,"out_stock_date":null,"out_stock_threshold":null,"inheritable":false,"inbound_stock":null,"stock_on_hold":0,"sold_today":0,"sales_last_days":0,"reserved_stock":null,"customer_returns":null,"warehouse_damage":null,"lost_in_post":null,"other_logs":null,"out_stock_days":0,"lost_sales":0,"has_location":null,"update_date":"2026-02-11T08:31:01","atum_locations":[],"atum_stock_status":"instock","restock_status":false,"low_stock_amount":"","sales_update_date":"2025-09-04T00:30:33","calc_backorders":null,"_links":{"self":[{"href":"https:\/\/aromasentia.com\/fr\/wp-json\/wp\/v2\/product\/226820","targetHints":{"allow":["GET"]}}],"collection":[{"href":"https:\/\/aromasentia.com\/fr\/wp-json\/wp\/v2\/product"}],"about":[{"href":"https:\/\/aromasentia.com\/fr\/wp-json\/wp\/v2\/types\/product"}],"replies":[{"embeddable":true,"href":"https:\/\/aromasentia.com\/fr\/wp-json\/wp\/v2\/comments?post=226820"}],"version-history":[{"count":0,"href":"https:\/\/aromasentia.com\/fr\/wp-json\/wp\/v2\/product\/226820\/revisions"}],"wp:featuredmedia":[{"embeddable":true,"href":"https:\/\/aromasentia.com\/fr\/wp-json\/wp\/v2\/media\/379760"}],"wp:attachment":[{"href":"https:\/\/aromasentia.com\/fr\/wp-json\/wp\/v2\/media?parent=226820"}],"wp:term":[{"taxonomy":"product_brand","embeddable":true,"href":"https:\/\/aromasentia.com\/fr\/wp-json\/wp\/v2\/product_brand?post=226820"},{"taxonomy":"product_cat","embeddable":true,"href":"https:\/\/aromasentia.com\/fr\/wp-json\/wp\/v2\/product_cat?post=226820"},{"taxonomy":"product_tag","embeddable":true,"href":"https:\/\/aromasentia.com\/fr\/wp-json\/wp\/v2\/product_tag?post=226820"}],"curies":[{"name":"wp","href":"https:\/\/api.w.org\/{rel}","templated":true}]}}