{"id":226796,"date":"2025-03-22T16:06:20","date_gmt":"2025-03-22T16:06:20","guid":{"rendered":"https:\/\/aromasentia.com\/product\/herbal-tea-cups-green-daisy\/"},"modified":"2025-12-30T19:13:23","modified_gmt":"2025-12-30T19:13:23","slug":"tasses-a-the-marguerite-verte","status":"publish","type":"product","link":"https:\/\/aromasentia.com\/fr\/tasses-a-the-marguerite-verte\/","title":{"rendered":"Tasses \u00e0 Th\u00e9 &#8211; Marguerite Verte"},"content":{"rendered":"<p>Plongez dans un monde d&rsquo;exp\u00e9riences enchanteresses en mati\u00e8re de th\u00e9 avec notre collection de tasses \u00e0 tisanes.&nbsp;<\/p>\n<p>Fabriqu\u00e9es en c\u00e9ramique durable, chaque tasse contient 190 ml de liquide, ces tasses sont vendues en ensembles pratiques de 6, vous donnant la possibilit\u00e9 de les proposer individuellement ou en quantit\u00e9s personnalis\u00e9es, permettant \u00e0 vos clients de cr\u00e9er leurs propres collections de th\u00e9 uniques.<\/p>\n<p>Con&ccedil;u pour am\u00e9liorer \u00e0 la fois les aspects esth\u00e9tiques et sensoriels du rituel de consommation du th\u00e9. Un incontournable pour tout d\u00e9taillant souhaitant offrir \u00e0 ses clients une d\u00e9licieuse exp\u00e9rience de th\u00e9. Ajoutez une touche de charme de la nature avec le design ludique Marguerite Verte.<\/p>\n<p>Cette collection de tasses sont parfaites pour \u00eatre vendues en lot avec notre <a href=\"https:\/\/aromasentia.com\/teap-14\">Thei\u00e8re Marguerites vertes.<\/a><\/p>\n<p>Dot\u00e9e d&rsquo;un ravissant motif de marguerites, chaque tasse apporte une explosion d&rsquo;\u00e9nergie vibrante et inspirante \u00e0 votre collection de th\u00e9.&nbsp;<\/p>\n<p><strong>Dimensions du produit:&nbsp;<\/strong>Environ. 8 cm de hauteur x 6,5 cm de diam\u00e8tre. <strong>Volume :<\/strong> env. 190 ml.<\/p>\n","protected":false},"excerpt":{"rendered":"<p>Plongez dans un monde d&rsquo;exp\u00e9riences enchanteresses en mati\u00e8re de th\u00e9 avec notre collection de tasses \u00e0 tisanes.&nbsp; Fabriqu\u00e9es en c\u00e9ramique durable, chaque tasse contient 190 ml de liquide, ces tasses sont vendues en ensembles pratiques de 6, vous donnant la possibilit\u00e9 de les proposer individuellement ou en quantit\u00e9s personnalis\u00e9es, permettant \u00e0 vos clients de cr\u00e9er [&hellip;]<\/p>\n","protected":false},"featured_media":379546,"comment_status":"closed","ping_status":"open","template":"","meta":{"_angie_page":false},"product_brand":[],"product_cat":[16988,14446,25039,26700],"product_tag":[],"class_list":{"0":"post-226796","1":"product","2":"type-product","3":"status-publish","4":"has-post-thumbnail","6":"product_cat-cuisine-et-accessoires","7":"product_cat-maison-et-jardin","8":"product_cat-the-et-accessoires","9":"product_cat-theieres-et-tasses-a-the","10":"pa_collection-herbal-teapot-sets-fr","11":"pa_made-in-chine","13":"first","14":"instock","15":"purchasable","16":"product-type-simple"},"supplier_id":null,"supplier_sku":"TeaP-21","barcode":null,"atum_controlled":true,"out_stock_date":null,"out_stock_threshold":null,"inheritable":false,"inbound_stock":null,"stock_on_hold":0,"sold_today":0,"sales_last_days":0,"reserved_stock":null,"customer_returns":null,"warehouse_damage":null,"lost_in_post":null,"other_logs":null,"out_stock_days":0,"lost_sales":0,"has_location":null,"update_date":"2026-04-29T01:06:31","atum_locations":[],"atum_stock_status":"instock","restock_status":false,"low_stock_amount":"","sales_update_date":"2025-09-04T00:30:31","calc_backorders":null,"_links":{"self":[{"href":"https:\/\/aromasentia.com\/fr\/wp-json\/wp\/v2\/product\/226796","targetHints":{"allow":["GET"]}}],"collection":[{"href":"https:\/\/aromasentia.com\/fr\/wp-json\/wp\/v2\/product"}],"about":[{"href":"https:\/\/aromasentia.com\/fr\/wp-json\/wp\/v2\/types\/product"}],"replies":[{"embeddable":true,"href":"https:\/\/aromasentia.com\/fr\/wp-json\/wp\/v2\/comments?post=226796"}],"version-history":[{"count":0,"href":"https:\/\/aromasentia.com\/fr\/wp-json\/wp\/v2\/product\/226796\/revisions"}],"wp:featuredmedia":[{"embeddable":true,"href":"https:\/\/aromasentia.com\/fr\/wp-json\/wp\/v2\/media\/379546"}],"wp:attachment":[{"href":"https:\/\/aromasentia.com\/fr\/wp-json\/wp\/v2\/media?parent=226796"}],"wp:term":[{"taxonomy":"product_brand","embeddable":true,"href":"https:\/\/aromasentia.com\/fr\/wp-json\/wp\/v2\/product_brand?post=226796"},{"taxonomy":"product_cat","embeddable":true,"href":"https:\/\/aromasentia.com\/fr\/wp-json\/wp\/v2\/product_cat?post=226796"},{"taxonomy":"product_tag","embeddable":true,"href":"https:\/\/aromasentia.com\/fr\/wp-json\/wp\/v2\/product_tag?post=226796"}],"curies":[{"name":"wp","href":"https:\/\/api.w.org\/{rel}","templated":true}]}}