{"id":226792,"date":"2025-03-22T16:06:20","date_gmt":"2025-03-22T16:06:20","guid":{"rendered":"https:\/\/aromasentia.com\/product\/herbal-tea-cups-amber\/"},"modified":"2025-12-30T19:13:23","modified_gmt":"2025-12-30T19:13:23","slug":"tasses-a-the-ambre","status":"publish","type":"product","link":"https:\/\/aromasentia.com\/fr\/tasses-a-the-ambre\/","title":{"rendered":"Tasses \u00e0 Th\u00e9 &#8211; Ambre"},"content":{"rendered":"<p>Plongez dans un monde d&rsquo;exp\u00e9riences enchanteresses en mati\u00e8re de th\u00e9 avec notre <strong>Collection de tasses \u00e0 tisane. <\/strong><\/p>\n<p>Fabriqu\u00e9es en c\u00e9ramique durable, chaque tasse contient 190 ml de liquide, ces tasses sont vendues en ensembles pratiques de 6, vous donnant la possibilit\u00e9 de les proposer individuellement ou en quantit\u00e9s personnalis\u00e9es, permettant \u00e0 vos clients de cr\u00e9er leurs propres collections de th\u00e9 uniques.&nbsp;<\/p>\n<p>Con&ccedil;u pour am\u00e9liorer \u00e0 la fois les aspects esth\u00e9tiques et sensoriels du rituel de consommation du th\u00e9. Un incontournable pour tout d\u00e9taillant souhaitant offrir \u00e0 ses clients une d\u00e9licieuse exp\u00e9rience de th\u00e9.&nbsp;<\/p>\n<p>Enveloppez vos clients de chaleur avec le design Ambre. Chaque tasse compl\u00e8te<strong> <\/strong><a href=\"https:\/\/aromasentia.com\/teap-13\"><strong>la th\u00e9i\u00e8re Ambre<\/strong><\/a>, cr\u00e9ant une atmosph\u00e8re harmonieuse et r\u00e9confortante pour boire du th\u00e9.&nbsp;<\/p>\n<p><strong>Dimensions du produit: <\/strong>Environ. 8 cm de hauteur x 6,5 cm de diam\u00e8tre. <strong>Volume :<\/strong> env. 190 ml.<\/p>\n","protected":false},"excerpt":{"rendered":"<p>Plongez dans un monde d&rsquo;exp\u00e9riences enchanteresses en mati\u00e8re de th\u00e9 avec notre Collection de tasses \u00e0 tisane. Fabriqu\u00e9es en c\u00e9ramique durable, chaque tasse contient 190 ml de liquide, ces tasses sont vendues en ensembles pratiques de 6, vous donnant la possibilit\u00e9 de les proposer individuellement ou en quantit\u00e9s personnalis\u00e9es, permettant \u00e0 vos clients de cr\u00e9er [&hellip;]<\/p>\n","protected":false},"featured_media":379529,"comment_status":"closed","ping_status":"open","template":"","meta":{"_angie_page":false},"product_brand":[],"product_cat":[16988,14446,25039,26700],"product_tag":[],"class_list":{"0":"post-226792","1":"product","2":"type-product","3":"status-publish","4":"has-post-thumbnail","6":"product_cat-cuisine-et-accessoires","7":"product_cat-maison-et-jardin","8":"product_cat-the-et-accessoires","9":"product_cat-theieres-et-tasses-a-the","10":"pa_collection-herbal-teapot-sets-fr","11":"pa_made-in-chine","13":"first","14":"instock","15":"purchasable","16":"product-type-simple"},"supplier_id":null,"supplier_sku":"TeaP-20","barcode":null,"atum_controlled":true,"out_stock_date":null,"out_stock_threshold":null,"inheritable":false,"inbound_stock":null,"stock_on_hold":0,"sold_today":0,"sales_last_days":0,"reserved_stock":null,"customer_returns":null,"warehouse_damage":null,"lost_in_post":null,"other_logs":null,"out_stock_days":0,"lost_sales":0,"has_location":null,"update_date":"2026-04-27T07:24:30","atum_locations":[],"atum_stock_status":"instock","restock_status":false,"low_stock_amount":"","sales_update_date":"2025-09-04T00:30:31","calc_backorders":null,"_links":{"self":[{"href":"https:\/\/aromasentia.com\/fr\/wp-json\/wp\/v2\/product\/226792","targetHints":{"allow":["GET"]}}],"collection":[{"href":"https:\/\/aromasentia.com\/fr\/wp-json\/wp\/v2\/product"}],"about":[{"href":"https:\/\/aromasentia.com\/fr\/wp-json\/wp\/v2\/types\/product"}],"replies":[{"embeddable":true,"href":"https:\/\/aromasentia.com\/fr\/wp-json\/wp\/v2\/comments?post=226792"}],"version-history":[{"count":0,"href":"https:\/\/aromasentia.com\/fr\/wp-json\/wp\/v2\/product\/226792\/revisions"}],"wp:featuredmedia":[{"embeddable":true,"href":"https:\/\/aromasentia.com\/fr\/wp-json\/wp\/v2\/media\/379529"}],"wp:attachment":[{"href":"https:\/\/aromasentia.com\/fr\/wp-json\/wp\/v2\/media?parent=226792"}],"wp:term":[{"taxonomy":"product_brand","embeddable":true,"href":"https:\/\/aromasentia.com\/fr\/wp-json\/wp\/v2\/product_brand?post=226792"},{"taxonomy":"product_cat","embeddable":true,"href":"https:\/\/aromasentia.com\/fr\/wp-json\/wp\/v2\/product_cat?post=226792"},{"taxonomy":"product_tag","embeddable":true,"href":"https:\/\/aromasentia.com\/fr\/wp-json\/wp\/v2\/product_tag?post=226792"}],"curies":[{"name":"wp","href":"https:\/\/api.w.org\/{rel}","templated":true}]}}