{"id":226752,"date":"2025-03-22T16:06:20","date_gmt":"2025-03-22T16:06:20","guid":{"rendered":"https:\/\/aromasentia.com\/product\/small-herbal-teapot-butterflies\/"},"modified":"2025-12-30T19:13:16","modified_gmt":"2025-12-30T19:13:16","slug":"petite-theiere-papillons","status":"publish","type":"product","link":"https:\/\/aromasentia.com\/fr\/petite-theiere-papillons\/","title":{"rendered":"Petite Th\u00e9i\u00e8re &#8211; Papillons"},"content":{"rendered":"<p>Pr\u00e9sentation de notre petite <strong>Th\u00e9i\u00e8re &ndash; Papillons<\/strong>, un ajout tendance \u00e0 la collection de votre magasin. Cette th\u00e9i\u00e8re comporte une passoire en m\u00e9tal dans le couvercle, offrant aux amateurs de th\u00e9 une exp\u00e9rience d&rsquo;infusion d\u00e9licieuse et respectueuse de l&rsquo;environnement.&nbsp;<\/p>\n<p>Donnez \u00e0 vos clients la possibilit\u00e9 de d\u00e9guster du th\u00e9 sans sachets de th\u00e9 et contribuez \u00e0 sauver la plan\u00e8te. Parfait pour les cadeaux de pendaison de cr\u00e9maill\u00e8re, c&rsquo;est un incontournable pour les d\u00e9taillants sp\u00e9cialis\u00e9s dans les th\u00e9s de sp\u00e9cialit\u00e9. Volez dans le monde d\u2019une beaut\u00e9 d\u00e9licate avec notre th\u00e9i\u00e8re Papillons.&nbsp;<\/p>\n<p>M\u00e9lange parfait d&rsquo;esth\u00e9tique et de fonctionnalit\u00e9, cette th\u00e9i\u00e8re est un ajout enchanteur \u00e0 la collection de tout amateur de th\u00e9.&nbsp;<\/p>\n<p>Proposer nos th\u00e9i\u00e8res avec<a href=\"https:\/\/aromasentia.com\/teap-18\"><\/a><a href=\"https:\/\/aromasentia.com\/teap-17\"> les tasses assorties <\/a><a href=\"https:\/\/aromasentia.com\/teap-19\"><\/a>en lot offre plusieurs avantages : une pr\u00e9sentation \u00e9l\u00e9gante pour vos \u00e9tag\u00e8res, une incitation \u00e0 l&rsquo;achat gr\u00e2ce \u00e0 la valeur ajout\u00e9e du lot, et une exp\u00e9rience de d\u00e9gustation compl\u00e8te pour vos clients.<\/p>\n<p><strong>Dimensions du produit :&nbsp;<\/strong>Environ. 11 cm de haut, 11 cm de diam\u00e8tre, 17 cm de large avec bec verseur.&nbsp;<\/p>\n<p><strong>Volume :&nbsp;<\/strong>env. 350 ml.<\/p>\n","protected":false},"excerpt":{"rendered":"<p>Pr\u00e9sentation de notre petite Th\u00e9i\u00e8re &ndash; Papillons, un ajout tendance \u00e0 la collection de votre magasin. Cette th\u00e9i\u00e8re comporte une passoire en m\u00e9tal dans le couvercle, offrant aux amateurs de th\u00e9 une exp\u00e9rience d&rsquo;infusion d\u00e9licieuse et respectueuse de l&rsquo;environnement.&nbsp; Donnez \u00e0 vos clients la possibilit\u00e9 de d\u00e9guster du th\u00e9 sans sachets de th\u00e9 et contribuez [&hellip;]<\/p>\n","protected":false},"featured_media":379383,"comment_status":"closed","ping_status":"open","template":"","meta":{"_angie_page":false},"product_brand":[],"product_cat":[16988,14446,25039,26700],"product_tag":[],"class_list":{"0":"post-226752","1":"product","2":"type-product","3":"status-publish","4":"has-post-thumbnail","6":"product_cat-cuisine-et-accessoires","7":"product_cat-maison-et-jardin","8":"product_cat-the-et-accessoires","9":"product_cat-theieres-et-tasses-a-the","10":"pa_collection-herbal-teapot-sets-fr","11":"pa_made-in-chine","13":"first","14":"instock","15":"purchasable","16":"product-type-simple"},"supplier_id":null,"supplier_sku":"TeaP-10","barcode":null,"atum_controlled":true,"out_stock_date":null,"out_stock_threshold":null,"inheritable":false,"inbound_stock":null,"stock_on_hold":0,"sold_today":0,"sales_last_days":0,"reserved_stock":null,"customer_returns":null,"warehouse_damage":null,"lost_in_post":null,"other_logs":null,"out_stock_days":0,"lost_sales":0,"has_location":null,"update_date":"2026-04-27T07:24:23","atum_locations":[],"atum_stock_status":"instock","restock_status":false,"low_stock_amount":"","sales_update_date":"2025-09-04T00:30:27","calc_backorders":null,"_links":{"self":[{"href":"https:\/\/aromasentia.com\/fr\/wp-json\/wp\/v2\/product\/226752","targetHints":{"allow":["GET"]}}],"collection":[{"href":"https:\/\/aromasentia.com\/fr\/wp-json\/wp\/v2\/product"}],"about":[{"href":"https:\/\/aromasentia.com\/fr\/wp-json\/wp\/v2\/types\/product"}],"replies":[{"embeddable":true,"href":"https:\/\/aromasentia.com\/fr\/wp-json\/wp\/v2\/comments?post=226752"}],"version-history":[{"count":0,"href":"https:\/\/aromasentia.com\/fr\/wp-json\/wp\/v2\/product\/226752\/revisions"}],"wp:featuredmedia":[{"embeddable":true,"href":"https:\/\/aromasentia.com\/fr\/wp-json\/wp\/v2\/media\/379383"}],"wp:attachment":[{"href":"https:\/\/aromasentia.com\/fr\/wp-json\/wp\/v2\/media?parent=226752"}],"wp:term":[{"taxonomy":"product_brand","embeddable":true,"href":"https:\/\/aromasentia.com\/fr\/wp-json\/wp\/v2\/product_brand?post=226752"},{"taxonomy":"product_cat","embeddable":true,"href":"https:\/\/aromasentia.com\/fr\/wp-json\/wp\/v2\/product_cat?post=226752"},{"taxonomy":"product_tag","embeddable":true,"href":"https:\/\/aromasentia.com\/fr\/wp-json\/wp\/v2\/product_tag?post=226752"}],"curies":[{"name":"wp","href":"https:\/\/api.w.org\/{rel}","templated":true}]}}