{"id":226724,"date":"2025-03-22T16:06:20","date_gmt":"2025-03-22T16:06:20","guid":{"rendered":"https:\/\/aromasentia.com\/product\/herbal-teapot-set-butterflies\/"},"modified":"2025-12-30T19:13:16","modified_gmt":"2025-12-30T19:13:16","slug":"set-de-the-traditionnel-papillons","status":"publish","type":"product","link":"https:\/\/aromasentia.com\/fr\/set-de-the-traditionnel-papillons\/","title":{"rendered":"Set de Th\u00e9 Traditionnel &#8211; Papillons"},"content":{"rendered":"<p>Comme les tisanes et tout ce qui s&rsquo;y rapporte sont tr\u00e8s tendance, cette gamme d&rsquo;ensembles de th\u00e9i\u00e8res est facile \u00e0 exposer et constitue un cadeau parfait pour tout amateur de th\u00e9.&nbsp;<\/p>\n<p>Emball\u00e9 dans une bo\u00eete cadeau, une th\u00e9i\u00e8re avec une passoire en m\u00e9tal dans le couvercle et six tasses assorties.&nbsp;<\/p>\n<p>De jolis designs parmi lesquels choisir, et vos clients peuvent faire du th\u00e9 sans sachet de th\u00e9 et sauver la terre. C&rsquo;est vraiment votre tasse de th\u00e9 et vos clients vont l&rsquo;adorer.&nbsp;<\/p>\n<p>Un cadeau de pendaison de cr\u00e9maill\u00e8re parfait. Si vous vendez du th\u00e9 de sp\u00e9cialit\u00e9, c&rsquo;est un article essentiel. Alors versez-vous des ventes suppl\u00e9mentaires .. faites le plein aujourd&rsquo;hui&nbsp;<\/p>\n<p><strong><span style=\"color: rgb(75, 80, 88);\">Dimensions : Th\u00e9i\u00e8re, environ 11 cm de haut (sans anse) 14,5 cm de diam\u00e8tre, 17 cm de large avec bec verseur.&nbsp;<\/span><\/strong><\/p>\n<p><strong><span style=\"color: rgb(75, 80, 88);\">Tasses, environ 8 cm de hauteur x 6,5 cm de diam\u00e8tre. <\/span><\/strong><\/p>\n<p><strong><span style=\"color: rgb(141, 186, 216);\">Volume : Th\u00e9i\u00e8re, environ 850 ml Tasses, environ 190 ml<\/span><\/strong><\/p>\n","protected":false},"excerpt":{"rendered":"<p>Comme les tisanes et tout ce qui s&rsquo;y rapporte sont tr\u00e8s tendance, cette gamme d&rsquo;ensembles de th\u00e9i\u00e8res est facile \u00e0 exposer et constitue un cadeau parfait pour tout amateur de th\u00e9.&nbsp; Emball\u00e9 dans une bo\u00eete cadeau, une th\u00e9i\u00e8re avec une passoire en m\u00e9tal dans le couvercle et six tasses assorties.&nbsp; De jolis designs parmi lesquels [&hellip;]<\/p>\n","protected":false},"featured_media":379008,"comment_status":"closed","ping_status":"open","template":"","meta":{"_angie_page":false},"product_brand":[],"product_cat":[16988,14446,25039,26700],"product_tag":[],"class_list":{"0":"post-226724","1":"product","2":"type-product","3":"status-publish","4":"has-post-thumbnail","6":"product_cat-cuisine-et-accessoires","7":"product_cat-maison-et-jardin","8":"product_cat-the-et-accessoires","9":"product_cat-theieres-et-tasses-a-the","10":"pa_collection-herbal-teapot-sets-fr","11":"pa_made-in-chine","13":"first","14":"instock","15":"purchasable","16":"product-type-simple"},"supplier_id":null,"supplier_sku":"TeaP-02","barcode":null,"atum_controlled":true,"out_stock_date":null,"out_stock_threshold":null,"inheritable":false,"inbound_stock":null,"stock_on_hold":0,"sold_today":0,"sales_last_days":0,"reserved_stock":null,"customer_returns":null,"warehouse_damage":null,"lost_in_post":null,"other_logs":null,"out_stock_days":16,"lost_sales":0,"has_location":null,"update_date":"2026-04-27T07:24:23","atum_locations":[],"atum_stock_status":"instock","restock_status":false,"low_stock_amount":"","sales_update_date":"2026-02-06T00:01:20","calc_backorders":null,"_links":{"self":[{"href":"https:\/\/aromasentia.com\/fr\/wp-json\/wp\/v2\/product\/226724","targetHints":{"allow":["GET"]}}],"collection":[{"href":"https:\/\/aromasentia.com\/fr\/wp-json\/wp\/v2\/product"}],"about":[{"href":"https:\/\/aromasentia.com\/fr\/wp-json\/wp\/v2\/types\/product"}],"replies":[{"embeddable":true,"href":"https:\/\/aromasentia.com\/fr\/wp-json\/wp\/v2\/comments?post=226724"}],"version-history":[{"count":0,"href":"https:\/\/aromasentia.com\/fr\/wp-json\/wp\/v2\/product\/226724\/revisions"}],"wp:featuredmedia":[{"embeddable":true,"href":"https:\/\/aromasentia.com\/fr\/wp-json\/wp\/v2\/media\/379008"}],"wp:attachment":[{"href":"https:\/\/aromasentia.com\/fr\/wp-json\/wp\/v2\/media?parent=226724"}],"wp:term":[{"taxonomy":"product_brand","embeddable":true,"href":"https:\/\/aromasentia.com\/fr\/wp-json\/wp\/v2\/product_brand?post=226724"},{"taxonomy":"product_cat","embeddable":true,"href":"https:\/\/aromasentia.com\/fr\/wp-json\/wp\/v2\/product_cat?post=226724"},{"taxonomy":"product_tag","embeddable":true,"href":"https:\/\/aromasentia.com\/fr\/wp-json\/wp\/v2\/product_tag?post=226724"}],"curies":[{"name":"wp","href":"https:\/\/api.w.org\/{rel}","templated":true}]}}