{"id":226684,"date":"2025-03-22T16:06:31","date_gmt":"2025-03-22T16:06:31","guid":{"rendered":"https:\/\/aromasentia.com\/product\/yoga-lady-figure-bronze-silver-24cm\/"},"modified":"2025-06-23T18:39:03","modified_gmt":"2025-06-23T18:39:03","slug":"figurine-yoga-femme-bronze-argent-24cm","status":"publish","type":"product","link":"https:\/\/aromasentia.com\/fr\/figurine-yoga-femme-bronze-argent-24cm\/","title":{"rendered":"Figurine Yoga Femme &#8211; Bronze &#038; Argent 24cm"},"content":{"rendered":"<p>Fabriqu\u00e9e \u00e0 la main en Indon\u00e9sie et magnifiquement d\u00e9cor\u00e9e, la figurine en r\u00e9sine de Yoga Lady fera un joli cadeau pour toute occasion ou si vos clients veulent simplement s&rsquo;offrir une jolie d\u00e9coration pour la maison. &nbsp;<\/p>\n<p><strong><span style=\"color: rgb(75, 80, 88);\">Les figurines Yoga Femme Bronze &amp; Argent&nbsp;<\/span><\/strong>en gros seront un ajout incroyable \u00e0 toute boutique de cadeaux, caf\u00e9 \u00e0 domicile ou studio de yoga.&nbsp;<\/p>\n<p>Taille de la figurine : longueur : 17cm, largeur : 13cm, hauteur : 24cm<\/p>\n","protected":false},"excerpt":{"rendered":"<p>Fabriqu\u00e9e \u00e0 la main en Indon\u00e9sie et magnifiquement d\u00e9cor\u00e9e, la figurine en r\u00e9sine de Yoga Lady fera un joli cadeau pour toute occasion ou si vos clients veulent simplement s&rsquo;offrir une jolie d\u00e9coration pour la maison. &nbsp; Les figurines Yoga Femme Bronze &amp; Argent&nbsp;en gros seront un ajout incroyable \u00e0 toute boutique de cadeaux, caf\u00e9 [&hellip;]<\/p>\n","protected":false},"featured_media":384011,"comment_status":"closed","ping_status":"open","template":"","meta":{"_angie_page":false},"product_brand":[],"product_cat":[14446,16976],"product_tag":[],"class_list":{"0":"post-226684","1":"product","2":"type-product","3":"status-publish","4":"has-post-thumbnail","6":"product_cat-maison-et-jardin","7":"product_cat-statues-et-figurines","8":"pa_collection-yoga-lady-figures-fr","9":"pa_made-in-indonesie","11":"first","12":"instock","13":"purchasable","14":"product-type-simple"},"supplier_id":null,"supplier_sku":"YogaL-02","barcode":null,"atum_controlled":true,"out_stock_date":null,"out_stock_threshold":null,"inheritable":false,"inbound_stock":null,"stock_on_hold":0,"sold_today":0,"sales_last_days":0,"reserved_stock":null,"customer_returns":null,"warehouse_damage":null,"lost_in_post":null,"other_logs":null,"out_stock_days":0,"lost_sales":0,"has_location":null,"update_date":"2026-04-27T07:27:36","atum_locations":[],"atum_stock_status":"instock","restock_status":false,"low_stock_amount":"","sales_update_date":"2026-02-06T00:01:20","calc_backorders":null,"_links":{"self":[{"href":"https:\/\/aromasentia.com\/fr\/wp-json\/wp\/v2\/product\/226684","targetHints":{"allow":["GET"]}}],"collection":[{"href":"https:\/\/aromasentia.com\/fr\/wp-json\/wp\/v2\/product"}],"about":[{"href":"https:\/\/aromasentia.com\/fr\/wp-json\/wp\/v2\/types\/product"}],"replies":[{"embeddable":true,"href":"https:\/\/aromasentia.com\/fr\/wp-json\/wp\/v2\/comments?post=226684"}],"version-history":[{"count":0,"href":"https:\/\/aromasentia.com\/fr\/wp-json\/wp\/v2\/product\/226684\/revisions"}],"wp:featuredmedia":[{"embeddable":true,"href":"https:\/\/aromasentia.com\/fr\/wp-json\/wp\/v2\/media\/384011"}],"wp:attachment":[{"href":"https:\/\/aromasentia.com\/fr\/wp-json\/wp\/v2\/media?parent=226684"}],"wp:term":[{"taxonomy":"product_brand","embeddable":true,"href":"https:\/\/aromasentia.com\/fr\/wp-json\/wp\/v2\/product_brand?post=226684"},{"taxonomy":"product_cat","embeddable":true,"href":"https:\/\/aromasentia.com\/fr\/wp-json\/wp\/v2\/product_cat?post=226684"},{"taxonomy":"product_tag","embeddable":true,"href":"https:\/\/aromasentia.com\/fr\/wp-json\/wp\/v2\/product_tag?post=226684"}],"curies":[{"name":"wp","href":"https:\/\/api.w.org\/{rel}","templated":true}]}}