{"id":226640,"date":"2025-03-22T16:06:31","date_gmt":"2025-03-22T16:06:31","guid":{"rendered":"https:\/\/aromasentia.com\/product\/set-of-4-square-coasters-mediterranean-tile-pattern\/"},"modified":"2025-12-30T19:13:01","modified_gmt":"2025-12-30T19:13:01","slug":"lot-de-4-sous-verres-carres-motif-carreaux-mediterraneens","status":"publish","type":"product","link":"https:\/\/aromasentia.com\/fr\/lot-de-4-sous-verres-carres-motif-carreaux-mediterraneens\/","title":{"rendered":"Lot de 4 Sous-Verres Carr\u00e9s &#8211; Motif Carreaux M\u00e9diterran\u00e9ens"},"content":{"rendered":"<p>Ces <strong>sous-verres carr\u00e9s <\/strong>magnifiquement r\u00e9alis\u00e9s, orn\u00e9s d&rsquo;un motif inspir\u00e9 des carreaux m\u00e9diterran\u00e9ens, allient \u00e0 la fois praticit\u00e9 et \u00e9l\u00e9gance.&nbsp;<\/p>\n<p>Fabriqu\u00e9s en bois de manguier robuste et d\u00e9cor\u00e9s d&rsquo;un design vibrant et d\u00e9taill\u00e9, ils prot\u00e8gent vos surfaces tout en apportant une touche d\u00e9corative unique.&nbsp;<\/p>\n<p><strong>Parfaits pour ajouter une note m\u00e9diterran\u00e9enne \u00e0 n&rsquo;importe quelle table, ces sous-verres offrent un \u00e9quilibre id\u00e9al entre style et fonctionnalit\u00e9. <\/strong><\/p>\n<p><strong>Dimensions :&nbsp;<\/strong>10 x 10 x 1 cm.<\/p>\n","protected":false},"excerpt":{"rendered":"<p>Ces sous-verres carr\u00e9s magnifiquement r\u00e9alis\u00e9s, orn\u00e9s d&rsquo;un motif inspir\u00e9 des carreaux m\u00e9diterran\u00e9ens, allient \u00e0 la fois praticit\u00e9 et \u00e9l\u00e9gance.&nbsp; Fabriqu\u00e9s en bois de manguier robuste et d\u00e9cor\u00e9s d&rsquo;un design vibrant et d\u00e9taill\u00e9, ils prot\u00e8gent vos surfaces tout en apportant une touche d\u00e9corative unique.&nbsp; Parfaits pour ajouter une note m\u00e9diterran\u00e9enne \u00e0 n&rsquo;importe quelle table, ces sous-verres [&hellip;]<\/p>\n","protected":false},"featured_media":383704,"comment_status":"closed","ping_status":"open","template":"","meta":{"_angie_page":false},"product_brand":[],"product_cat":[14446],"product_tag":[],"class_list":{"0":"post-226640","1":"product","2":"type-product","3":"status-publish","4":"has-post-thumbnail","6":"product_cat-maison-et-jardin","7":"pa_collection-mango-wood-bowls-trays-and-coasters-fr","8":"pa_made-in-inde","10":"first","11":"instock","12":"purchasable","13":"product-type-simple"},"supplier_id":null,"supplier_sku":"WTray-04","barcode":null,"atum_controlled":true,"out_stock_date":null,"out_stock_threshold":null,"inheritable":false,"inbound_stock":null,"stock_on_hold":0,"sold_today":0,"sales_last_days":0,"reserved_stock":null,"customer_returns":null,"warehouse_damage":null,"lost_in_post":null,"other_logs":null,"out_stock_days":0,"lost_sales":0,"has_location":null,"update_date":"2026-04-27T07:27:13","atum_locations":[],"atum_stock_status":"instock","restock_status":false,"low_stock_amount":"","sales_update_date":"2026-01-30T01:24:36","calc_backorders":null,"_links":{"self":[{"href":"https:\/\/aromasentia.com\/fr\/wp-json\/wp\/v2\/product\/226640","targetHints":{"allow":["GET"]}}],"collection":[{"href":"https:\/\/aromasentia.com\/fr\/wp-json\/wp\/v2\/product"}],"about":[{"href":"https:\/\/aromasentia.com\/fr\/wp-json\/wp\/v2\/types\/product"}],"replies":[{"embeddable":true,"href":"https:\/\/aromasentia.com\/fr\/wp-json\/wp\/v2\/comments?post=226640"}],"version-history":[{"count":0,"href":"https:\/\/aromasentia.com\/fr\/wp-json\/wp\/v2\/product\/226640\/revisions"}],"wp:featuredmedia":[{"embeddable":true,"href":"https:\/\/aromasentia.com\/fr\/wp-json\/wp\/v2\/media\/383704"}],"wp:attachment":[{"href":"https:\/\/aromasentia.com\/fr\/wp-json\/wp\/v2\/media?parent=226640"}],"wp:term":[{"taxonomy":"product_brand","embeddable":true,"href":"https:\/\/aromasentia.com\/fr\/wp-json\/wp\/v2\/product_brand?post=226640"},{"taxonomy":"product_cat","embeddable":true,"href":"https:\/\/aromasentia.com\/fr\/wp-json\/wp\/v2\/product_cat?post=226640"},{"taxonomy":"product_tag","embeddable":true,"href":"https:\/\/aromasentia.com\/fr\/wp-json\/wp\/v2\/product_tag?post=226640"}],"curies":[{"name":"wp","href":"https:\/\/api.w.org\/{rel}","templated":true}]}}