{"id":226624,"date":"2025-03-22T16:06:31","date_gmt":"2025-03-22T16:06:31","guid":{"rendered":"https:\/\/aromasentia.com\/product\/large-mushroom-20cm-pretty-floral\/"},"modified":"2025-06-23T18:38:53","modified_gmt":"2025-06-23T18:38:53","slug":"grand-champignon-20cm-joli-motif-floral","status":"publish","type":"product","link":"https:\/\/aromasentia.com\/fr\/grand-champignon-20cm-joli-motif-floral\/","title":{"rendered":"Grand Champignon &#8211; 20cm &#8211; Joli Motif Floral"},"content":{"rendered":"<p>Orn\u00e9 d&rsquo;un motif floral d\u00e9licat, ce <strong>grand champignon <\/strong>apporte une touche de nature et un charme rustique \u00e0 toute pr\u00e9sentation.&nbsp;<\/p>\n<p>Sa taille en fait un \u00e9l\u00e9ment id\u00e9al pour servir de pi\u00e8ce ma\u00eetresse.&nbsp;<\/p>\n<p>Parfait pour les magasins de cadeaux ou les boutiques de d\u00e9coration int\u00e9rieure cherchant \u00e0 se d\u00e9marquer.&nbsp;<\/p>\n<p>Cr\u00e9ez une vitrine originale et inspir\u00e9e de la nature en l\u2019associant avec nos C\u0153urs en bois d\u00e9coratifs ou nos <a href=\"https:\/\/aromasentia.com\/wtray\">bols, plateaux et sous-verres en bois de manguier.<\/a> Ensemble, ces pi\u00e8ces aux motifs similaires transformeront toute pr\u00e9sentation en une oasis naturelle que vos clients ne pourront pas r\u00e9sister.&nbsp;<\/p>\n<p><strong>Dimensions :<\/strong> 20 x 15 cm.<\/p>\n","protected":false},"excerpt":{"rendered":"<p>Orn\u00e9 d&rsquo;un motif floral d\u00e9licat, ce grand champignon apporte une touche de nature et un charme rustique \u00e0 toute pr\u00e9sentation.&nbsp; Sa taille en fait un \u00e9l\u00e9ment id\u00e9al pour servir de pi\u00e8ce ma\u00eetresse.&nbsp; Parfait pour les magasins de cadeaux ou les boutiques de d\u00e9coration int\u00e9rieure cherchant \u00e0 se d\u00e9marquer.&nbsp; Cr\u00e9ez une vitrine originale et inspir\u00e9e de [&hellip;]<\/p>\n","protected":false},"featured_media":643513,"comment_status":"closed","ping_status":"open","template":"","meta":{"_angie_page":false},"product_brand":[],"product_cat":[14446],"product_tag":[],"class_list":{"0":"post-226624","1":"product","2":"type-product","3":"status-publish","4":"has-post-thumbnail","6":"product_cat-maison-et-jardin","7":"pa_collection-wooden-enamelled-mushroom-decorations-fr","8":"pa_made-in-inde","10":"first","11":"instock","12":"purchasable","13":"product-type-simple"},"supplier_id":null,"supplier_sku":"WMush-09","barcode":null,"atum_controlled":true,"out_stock_date":null,"out_stock_threshold":null,"inheritable":false,"inbound_stock":null,"stock_on_hold":0,"sold_today":0,"sales_last_days":0,"reserved_stock":null,"customer_returns":null,"warehouse_damage":null,"lost_in_post":null,"other_logs":null,"out_stock_days":0,"lost_sales":0,"has_location":null,"update_date":"2026-05-04T00:05:00","atum_locations":[],"atum_stock_status":"instock","restock_status":false,"low_stock_amount":"","sales_update_date":"2026-01-30T01:25:34","calc_backorders":null,"_links":{"self":[{"href":"https:\/\/aromasentia.com\/fr\/wp-json\/wp\/v2\/product\/226624","targetHints":{"allow":["GET"]}}],"collection":[{"href":"https:\/\/aromasentia.com\/fr\/wp-json\/wp\/v2\/product"}],"about":[{"href":"https:\/\/aromasentia.com\/fr\/wp-json\/wp\/v2\/types\/product"}],"replies":[{"embeddable":true,"href":"https:\/\/aromasentia.com\/fr\/wp-json\/wp\/v2\/comments?post=226624"}],"version-history":[{"count":0,"href":"https:\/\/aromasentia.com\/fr\/wp-json\/wp\/v2\/product\/226624\/revisions"}],"wp:featuredmedia":[{"embeddable":true,"href":"https:\/\/aromasentia.com\/fr\/wp-json\/wp\/v2\/media\/643513"}],"wp:attachment":[{"href":"https:\/\/aromasentia.com\/fr\/wp-json\/wp\/v2\/media?parent=226624"}],"wp:term":[{"taxonomy":"product_brand","embeddable":true,"href":"https:\/\/aromasentia.com\/fr\/wp-json\/wp\/v2\/product_brand?post=226624"},{"taxonomy":"product_cat","embeddable":true,"href":"https:\/\/aromasentia.com\/fr\/wp-json\/wp\/v2\/product_cat?post=226624"},{"taxonomy":"product_tag","embeddable":true,"href":"https:\/\/aromasentia.com\/fr\/wp-json\/wp\/v2\/product_tag?post=226624"}],"curies":[{"name":"wp","href":"https:\/\/api.w.org\/{rel}","templated":true}]}}