{"id":226620,"date":"2025-03-22T16:06:31","date_gmt":"2025-03-22T16:06:31","guid":{"rendered":"https:\/\/aromasentia.com\/product\/large-mushroom-20cm-pastel-hearts\/"},"modified":"2025-06-23T18:38:53","modified_gmt":"2025-06-23T18:38:53","slug":"grand-champignon-20cm-coeurs-pastel","status":"publish","type":"product","link":"https:\/\/aromasentia.com\/fr\/grand-champignon-20cm-coeurs-pastel\/","title":{"rendered":"Grand Champignon &#8211; 20cm &#8211; Coeurs Pastel"},"content":{"rendered":"<p>Ce <strong>grand champignon en bois, orn\u00e9 de c\u0153urs pastel<\/strong>, apporte une touche \u00e0 la fois ludique et \u00e9l\u00e9gante \u00e0 toute d\u00e9coration.&nbsp;<\/p>\n<p>Sa taille de 20 cm en fait un \u00e9l\u00e9ment incontournable dans les pr\u00e9sentations en magasin, offrant une ambiance douce parfaite pour toutes les occasions.&nbsp;<\/p>\n<p>Id\u00e9al pour cr\u00e9er une vitrine originale et inspir\u00e9e de la nature, il s\u2019associe parfaitement avec nos C\u0153urs en bois d\u00e9coratifs ou nos b<a href=\"https:\/\/aromasentia.com\/wtray\">ols, plateaux et sous-verres en bois de manguier.<\/a> Ensemble, ces pi\u00e8ces aux motifs similaires transformeront toute pr\u00e9sentation en une oasis naturelle que vos clients ne pourront pas r\u00e9sister.&nbsp;<\/p>\n<p><strong>Dimensions :<\/strong> 20 x 15 cm.<\/p>\n","protected":false},"excerpt":{"rendered":"<p>Ce grand champignon en bois, orn\u00e9 de c\u0153urs pastel, apporte une touche \u00e0 la fois ludique et \u00e9l\u00e9gante \u00e0 toute d\u00e9coration.&nbsp; Sa taille de 20 cm en fait un \u00e9l\u00e9ment incontournable dans les pr\u00e9sentations en magasin, offrant une ambiance douce parfaite pour toutes les occasions.&nbsp; Id\u00e9al pour cr\u00e9er une vitrine originale et inspir\u00e9e de la [&hellip;]<\/p>\n","protected":false},"featured_media":643505,"comment_status":"closed","ping_status":"open","template":"","meta":{"_angie_page":false},"product_brand":[],"product_cat":[14446],"product_tag":[],"class_list":{"0":"post-226620","1":"product","2":"type-product","3":"status-publish","4":"has-post-thumbnail","6":"product_cat-maison-et-jardin","7":"pa_collection-wooden-enamelled-mushroom-decorations-fr","8":"pa_made-in-inde","10":"first","11":"instock","12":"purchasable","13":"product-type-simple"},"supplier_id":null,"supplier_sku":"WMush-08","barcode":null,"atum_controlled":true,"out_stock_date":null,"out_stock_threshold":null,"inheritable":false,"inbound_stock":null,"stock_on_hold":0,"sold_today":0,"sales_last_days":0,"reserved_stock":null,"customer_returns":null,"warehouse_damage":null,"lost_in_post":null,"other_logs":null,"out_stock_days":0,"lost_sales":0,"has_location":null,"update_date":"2026-04-30T05:06:26","atum_locations":[],"atum_stock_status":"instock","restock_status":false,"low_stock_amount":"","sales_update_date":"2026-02-06T00:01:41","calc_backorders":null,"_links":{"self":[{"href":"https:\/\/aromasentia.com\/fr\/wp-json\/wp\/v2\/product\/226620","targetHints":{"allow":["GET"]}}],"collection":[{"href":"https:\/\/aromasentia.com\/fr\/wp-json\/wp\/v2\/product"}],"about":[{"href":"https:\/\/aromasentia.com\/fr\/wp-json\/wp\/v2\/types\/product"}],"replies":[{"embeddable":true,"href":"https:\/\/aromasentia.com\/fr\/wp-json\/wp\/v2\/comments?post=226620"}],"version-history":[{"count":0,"href":"https:\/\/aromasentia.com\/fr\/wp-json\/wp\/v2\/product\/226620\/revisions"}],"wp:featuredmedia":[{"embeddable":true,"href":"https:\/\/aromasentia.com\/fr\/wp-json\/wp\/v2\/media\/643505"}],"wp:attachment":[{"href":"https:\/\/aromasentia.com\/fr\/wp-json\/wp\/v2\/media?parent=226620"}],"wp:term":[{"taxonomy":"product_brand","embeddable":true,"href":"https:\/\/aromasentia.com\/fr\/wp-json\/wp\/v2\/product_brand?post=226620"},{"taxonomy":"product_cat","embeddable":true,"href":"https:\/\/aromasentia.com\/fr\/wp-json\/wp\/v2\/product_cat?post=226620"},{"taxonomy":"product_tag","embeddable":true,"href":"https:\/\/aromasentia.com\/fr\/wp-json\/wp\/v2\/product_tag?post=226620"}],"curies":[{"name":"wp","href":"https:\/\/api.w.org\/{rel}","templated":true}]}}