{"id":226616,"date":"2025-03-22T16:06:31","date_gmt":"2025-03-22T16:06:31","guid":{"rendered":"https:\/\/aromasentia.com\/product\/large-mushroom-20cm-mediterranean-tile-pattern\/"},"modified":"2025-12-30T19:13:01","modified_gmt":"2025-12-30T19:13:01","slug":"grand-champignon-20cm-motif-carreaux-mediterraneens","status":"publish","type":"product","link":"https:\/\/aromasentia.com\/fr\/grand-champignon-20cm-motif-carreaux-mediterraneens\/","title":{"rendered":"Grand Champignon &#8211; 20cm &#8211; Motif Carreaux M\u00e9diterran\u00e9ens"},"content":{"rendered":"<p>Apportez une touche de style audacieux \u00e0 vos pr\u00e9sentations avec ce <strong>grand champignon en bois de 20 cm,<\/strong> mettant en avant un motif inspir\u00e9 des carreaux m\u00e9diterran\u00e9ens.&nbsp;<\/p>\n<p>Sa taille imposante et son design vibrant en font un point focal saisissant pour toute mise en sc\u00e8ne inspir\u00e9e de la nature, id\u00e9al pour capter l\u2019attention des clients.&nbsp;<\/p>\n<p>Parfaits pour cr\u00e9er une ambiance originale et naturelle, ils s\u2019associent \u00e0 merveille avec nos C\u0153urs en bois d\u00e9coratifs ou nos<a href=\"https:\/\/aromasentia.com\/wtray\"> bols, plateaux et sous-verres en bois de manguier.<\/a> Ensemble, ces pi\u00e8ces aux motifs similaires transformeront toute vitrine en une oasis naturelle irr\u00e9sistible pour vos clients.&nbsp;<\/p>\n<p><strong>Dimensions :<\/strong> 20 x 15 cm.<\/p>\n","protected":false},"excerpt":{"rendered":"<p>Apportez une touche de style audacieux \u00e0 vos pr\u00e9sentations avec ce grand champignon en bois de 20 cm, mettant en avant un motif inspir\u00e9 des carreaux m\u00e9diterran\u00e9ens.&nbsp; Sa taille imposante et son design vibrant en font un point focal saisissant pour toute mise en sc\u00e8ne inspir\u00e9e de la nature, id\u00e9al pour capter l\u2019attention des clients.&nbsp; [&hellip;]<\/p>\n","protected":false},"featured_media":643521,"comment_status":"closed","ping_status":"open","template":"","meta":{"_angie_page":false},"product_brand":[],"product_cat":[14446],"product_tag":[],"class_list":{"0":"post-226616","1":"product","2":"type-product","3":"status-publish","4":"has-post-thumbnail","6":"product_cat-maison-et-jardin","7":"pa_collection-wooden-enamelled-mushroom-decorations-fr","8":"pa_made-in-inde","10":"first","11":"instock","12":"purchasable","13":"product-type-simple"},"supplier_id":null,"supplier_sku":"WMush-07","barcode":null,"atum_controlled":true,"out_stock_date":null,"out_stock_threshold":null,"inheritable":false,"inbound_stock":null,"stock_on_hold":0,"sold_today":0,"sales_last_days":0,"reserved_stock":null,"customer_returns":null,"warehouse_damage":null,"lost_in_post":null,"other_logs":null,"out_stock_days":0,"lost_sales":0,"has_location":null,"update_date":"2026-05-04T00:05:00","atum_locations":[],"atum_stock_status":"instock","restock_status":false,"low_stock_amount":"","sales_update_date":"2026-02-06T00:01:41","calc_backorders":null,"_links":{"self":[{"href":"https:\/\/aromasentia.com\/fr\/wp-json\/wp\/v2\/product\/226616","targetHints":{"allow":["GET"]}}],"collection":[{"href":"https:\/\/aromasentia.com\/fr\/wp-json\/wp\/v2\/product"}],"about":[{"href":"https:\/\/aromasentia.com\/fr\/wp-json\/wp\/v2\/types\/product"}],"replies":[{"embeddable":true,"href":"https:\/\/aromasentia.com\/fr\/wp-json\/wp\/v2\/comments?post=226616"}],"version-history":[{"count":0,"href":"https:\/\/aromasentia.com\/fr\/wp-json\/wp\/v2\/product\/226616\/revisions"}],"wp:featuredmedia":[{"embeddable":true,"href":"https:\/\/aromasentia.com\/fr\/wp-json\/wp\/v2\/media\/643521"}],"wp:attachment":[{"href":"https:\/\/aromasentia.com\/fr\/wp-json\/wp\/v2\/media?parent=226616"}],"wp:term":[{"taxonomy":"product_brand","embeddable":true,"href":"https:\/\/aromasentia.com\/fr\/wp-json\/wp\/v2\/product_brand?post=226616"},{"taxonomy":"product_cat","embeddable":true,"href":"https:\/\/aromasentia.com\/fr\/wp-json\/wp\/v2\/product_cat?post=226616"},{"taxonomy":"product_tag","embeddable":true,"href":"https:\/\/aromasentia.com\/fr\/wp-json\/wp\/v2\/product_tag?post=226616"}],"curies":[{"name":"wp","href":"https:\/\/api.w.org\/{rel}","templated":true}]}}