{"id":226608,"date":"2025-03-22T16:06:31","date_gmt":"2025-03-22T16:06:31","guid":{"rendered":"https:\/\/aromasentia.com\/product\/med-mushroom-15cm-pastel-hearts\/"},"modified":"2025-06-23T18:38:51","modified_gmt":"2025-06-23T18:38:51","slug":"champignon-moyen-15cm-coeurs-pastel","status":"publish","type":"product","link":"https:\/\/aromasentia.com\/fr\/champignon-moyen-15cm-coeurs-pastel\/","title":{"rendered":"Champignon Moyen  &#8211;  15cm &#8211; Coeurs Pastel"},"content":{"rendered":"<p>Ludique tout en \u00e9tant \u00e9l\u00e9gant, ce <strong>champignon de taille moyenne<\/strong> orn\u00e9 de c\u0153urs pastel est parfait pour ajouter une touche de couleur d\u00e9licate \u00e0 n&rsquo;importe quelle pr\u00e9sentation.&nbsp;<\/p>\n<p>Son design robuste mais l\u00e9ger est id\u00e9al pour cr\u00e9er des agencements multicouches en magasin ou pour \u00eatre utilis\u00e9 comme pi\u00e8ce ma\u00eetresse.&nbsp;<\/p>\n<p>Parfaits pour concevoir une ambiance originale et inspir\u00e9e de la nature, ils s\u2019associent \u00e0 merveille avec nos C\u0153urs en bois d\u00e9coratifs ou nos <a href=\"https:\/\/aromasentia.com\/wtray\">bols, plateaux et sous-verres en bois de manguier<\/a>. Ensemble, ces pi\u00e8ces aux motifs similaires transformeront toute vitrine en une oasis naturelle irr\u00e9sistible pour vos clients.&nbsp;<\/p>\n<p><strong>Dimensions :<\/strong> 15 x 13 cm.<\/p>\n","protected":false},"excerpt":{"rendered":"<p>Ludique tout en \u00e9tant \u00e9l\u00e9gant, ce champignon de taille moyenne orn\u00e9 de c\u0153urs pastel est parfait pour ajouter une touche de couleur d\u00e9licate \u00e0 n&rsquo;importe quelle pr\u00e9sentation.&nbsp; Son design robuste mais l\u00e9ger est id\u00e9al pour cr\u00e9er des agencements multicouches en magasin ou pour \u00eatre utilis\u00e9 comme pi\u00e8ce ma\u00eetresse.&nbsp; Parfaits pour concevoir une ambiance originale et [&hellip;]<\/p>\n","protected":false},"featured_media":383296,"comment_status":"closed","ping_status":"open","template":"","meta":{"_angie_page":false},"product_brand":[],"product_cat":[14446],"product_tag":[],"class_list":{"0":"post-226608","1":"product","2":"type-product","3":"status-publish","4":"has-post-thumbnail","6":"product_cat-maison-et-jardin","7":"pa_collection-wooden-enamelled-mushroom-decorations-fr","8":"pa_made-in-inde","10":"first","11":"instock","12":"purchasable","13":"product-type-simple"},"supplier_id":null,"supplier_sku":"WMush-05","barcode":null,"atum_controlled":true,"out_stock_date":null,"out_stock_threshold":null,"inheritable":false,"inbound_stock":null,"stock_on_hold":0,"sold_today":0,"sales_last_days":0,"reserved_stock":null,"customer_returns":null,"warehouse_damage":null,"lost_in_post":null,"other_logs":null,"out_stock_days":0,"lost_sales":0,"has_location":null,"update_date":"2026-05-04T00:05:00","atum_locations":[],"atum_stock_status":"instock","restock_status":false,"low_stock_amount":"","sales_update_date":"2026-01-30T01:26:08","calc_backorders":null,"_links":{"self":[{"href":"https:\/\/aromasentia.com\/fr\/wp-json\/wp\/v2\/product\/226608","targetHints":{"allow":["GET"]}}],"collection":[{"href":"https:\/\/aromasentia.com\/fr\/wp-json\/wp\/v2\/product"}],"about":[{"href":"https:\/\/aromasentia.com\/fr\/wp-json\/wp\/v2\/types\/product"}],"replies":[{"embeddable":true,"href":"https:\/\/aromasentia.com\/fr\/wp-json\/wp\/v2\/comments?post=226608"}],"version-history":[{"count":0,"href":"https:\/\/aromasentia.com\/fr\/wp-json\/wp\/v2\/product\/226608\/revisions"}],"wp:featuredmedia":[{"embeddable":true,"href":"https:\/\/aromasentia.com\/fr\/wp-json\/wp\/v2\/media\/383296"}],"wp:attachment":[{"href":"https:\/\/aromasentia.com\/fr\/wp-json\/wp\/v2\/media?parent=226608"}],"wp:term":[{"taxonomy":"product_brand","embeddable":true,"href":"https:\/\/aromasentia.com\/fr\/wp-json\/wp\/v2\/product_brand?post=226608"},{"taxonomy":"product_cat","embeddable":true,"href":"https:\/\/aromasentia.com\/fr\/wp-json\/wp\/v2\/product_cat?post=226608"},{"taxonomy":"product_tag","embeddable":true,"href":"https:\/\/aromasentia.com\/fr\/wp-json\/wp\/v2\/product_tag?post=226608"}],"curies":[{"name":"wp","href":"https:\/\/api.w.org\/{rel}","templated":true}]}}