{"id":226604,"date":"2025-03-22T16:06:31","date_gmt":"2025-03-22T16:06:31","guid":{"rendered":"https:\/\/aromasentia.com\/product\/med-mushroom-15cm-mediterranean-tile-pattern\/"},"modified":"2025-12-30T19:13:01","modified_gmt":"2025-12-30T19:13:01","slug":"champignon-moyen-15-cm-motif-de-carreaux-mediterraneens","status":"publish","type":"product","link":"https:\/\/aromasentia.com\/fr\/champignon-moyen-15-cm-motif-de-carreaux-mediterraneens\/","title":{"rendered":"Champignon Moyen &#8211; 15 cm &#8211; Motif de Carreaux M\u00e9diterran\u00e9ens"},"content":{"rendered":"<p>Ce <strong>champignon en bois de taille moyenne<\/strong>, orn\u00e9 d&rsquo;un motif vibrant inspir\u00e9 des carreaux m\u00e9diterran\u00e9ens, ajoute une touche color\u00e9e et audacieuse \u00e0 toute pr\u00e9sentation sur le th\u00e8me de la nature.&nbsp;<\/p>\n<p>Id\u00e9aux pour se superposer avec de plus petits champignons ou d&rsquo;autres d\u00e9corations inspir\u00e9es de la nature.&nbsp;<\/p>\n<p>Parfaits pour cr\u00e9er une ambiance originale et naturelle, ils s\u2019associent parfaitement avec nos C\u0153urs en bois d\u00e9coratifs ou nos <a href=\"https:\/\/aromasentia.com\/wtray\">bols, plateaux et sous-verres en bois de manguier.&nbsp;<\/a>Ensemble, ces pi\u00e8ces aux motifs similaires transformeront toute vitrine en une oasis naturelle irr\u00e9sistible pour vos clients.&nbsp;<\/p>\n<p><strong>Dimensions :<\/strong> 15 x 13 cm.<\/p>\n","protected":false},"excerpt":{"rendered":"<p>Ce champignon en bois de taille moyenne, orn\u00e9 d&rsquo;un motif vibrant inspir\u00e9 des carreaux m\u00e9diterran\u00e9ens, ajoute une touche color\u00e9e et audacieuse \u00e0 toute pr\u00e9sentation sur le th\u00e8me de la nature.&nbsp; Id\u00e9aux pour se superposer avec de plus petits champignons ou d&rsquo;autres d\u00e9corations inspir\u00e9es de la nature.&nbsp; Parfaits pour cr\u00e9er une ambiance originale et naturelle, ils [&hellip;]<\/p>\n","protected":false},"featured_media":383263,"comment_status":"closed","ping_status":"open","template":"","meta":{"_angie_page":false},"product_brand":[],"product_cat":[14446],"product_tag":[],"class_list":{"0":"post-226604","1":"product","2":"type-product","3":"status-publish","4":"has-post-thumbnail","6":"product_cat-maison-et-jardin","7":"pa_collection-wooden-enamelled-mushroom-decorations-fr","8":"pa_made-in-inde","10":"first","11":"instock","12":"purchasable","13":"product-type-simple"},"supplier_id":null,"supplier_sku":"WMush-04","barcode":null,"atum_controlled":true,"out_stock_date":null,"out_stock_threshold":null,"inheritable":false,"inbound_stock":null,"stock_on_hold":0,"sold_today":0,"sales_last_days":0,"reserved_stock":null,"customer_returns":null,"warehouse_damage":null,"lost_in_post":null,"other_logs":null,"out_stock_days":0,"lost_sales":0,"has_location":null,"update_date":"2026-05-04T00:05:00","atum_locations":[],"atum_stock_status":"instock","restock_status":false,"low_stock_amount":"","sales_update_date":"2026-02-06T00:01:41","calc_backorders":null,"_links":{"self":[{"href":"https:\/\/aromasentia.com\/fr\/wp-json\/wp\/v2\/product\/226604","targetHints":{"allow":["GET"]}}],"collection":[{"href":"https:\/\/aromasentia.com\/fr\/wp-json\/wp\/v2\/product"}],"about":[{"href":"https:\/\/aromasentia.com\/fr\/wp-json\/wp\/v2\/types\/product"}],"replies":[{"embeddable":true,"href":"https:\/\/aromasentia.com\/fr\/wp-json\/wp\/v2\/comments?post=226604"}],"version-history":[{"count":0,"href":"https:\/\/aromasentia.com\/fr\/wp-json\/wp\/v2\/product\/226604\/revisions"}],"wp:featuredmedia":[{"embeddable":true,"href":"https:\/\/aromasentia.com\/fr\/wp-json\/wp\/v2\/media\/383263"}],"wp:attachment":[{"href":"https:\/\/aromasentia.com\/fr\/wp-json\/wp\/v2\/media?parent=226604"}],"wp:term":[{"taxonomy":"product_brand","embeddable":true,"href":"https:\/\/aromasentia.com\/fr\/wp-json\/wp\/v2\/product_brand?post=226604"},{"taxonomy":"product_cat","embeddable":true,"href":"https:\/\/aromasentia.com\/fr\/wp-json\/wp\/v2\/product_cat?post=226604"},{"taxonomy":"product_tag","embeddable":true,"href":"https:\/\/aromasentia.com\/fr\/wp-json\/wp\/v2\/product_tag?post=226604"}],"curies":[{"name":"wp","href":"https:\/\/api.w.org\/{rel}","templated":true}]}}