{"id":226516,"date":"2025-03-22T16:06:31","date_gmt":"2025-03-22T16:06:31","guid":{"rendered":"https:\/\/aromasentia.com\/product\/dragon-panel-40cm\/"},"modified":"2025-12-30T19:12:46","modified_gmt":"2025-12-30T19:12:46","slug":"bois-sculte-dragon-panel-40cm","status":"publish","type":"product","link":"https:\/\/aromasentia.com\/fr\/bois-sculte-dragon-panel-40cm\/","title":{"rendered":"Bois scult\u00e9 Dragon Panel &#8211; 40cm"},"content":{"rendered":"<p>Ce <strong><span style=\"color: rgb(75, 80, 88);\">Panneau d\u00e9coratif en bois sculpt\u00e9 Dragon&nbsp;<\/span><\/strong>est sculpt\u00e9 \u00e0 la main dans du bois de Suar 100 % durable par des artisans indon\u00e9siens.&nbsp;<\/p>\n<p>Chaque panneau en bois est une \u0153uvre d&rsquo;art unique, son diam\u00e8tre de 40 cm en fait une d\u00e9coration murale id\u00e9ale qui ajoutera une touche apaisante et relaxante \u00e0 n&rsquo;importe quelle pi\u00e8ce. Vos clients seront enchant\u00e9s par une attention spectaculaire aux d\u00e9tails.&nbsp;<\/p>\n<p>Le bois est s\u00e9ch\u00e9 et fini avec une belle couleur d&rsquo;aspect naturel qui conviendra \u00e0 tous les int\u00e9rieurs. Compte tenu du talent et du soin apport\u00e9s \u00e0 chaque panneau, ces \u0153uvres d&rsquo;art naturelles repr\u00e9sentent un excellent rapport qualit\u00e9-prix.&nbsp;<\/p>\n<p>NB : Nous ne pouvons obtenir que des approvisionnements limit\u00e9s car les artisans ne peuvent fabriquer qu&rsquo;une seule pi\u00e8ce par jour. Donc peut \u00eatre en rupture de stock \u00e0 certains moments.&nbsp;<\/p>\n<p><strong><span style=\"color: rgb(141, 186, 216);\">Faites entrer la nature \u00e0 l&rsquo;int\u00e9rieur avec cette d\u00e9coration murale. Commandez maintenant.<\/span><\/strong><\/p>\n","protected":false},"excerpt":{"rendered":"<p>Ce Panneau d\u00e9coratif en bois sculpt\u00e9 Dragon&nbsp;est sculpt\u00e9 \u00e0 la main dans du bois de Suar 100 % durable par des artisans indon\u00e9siens.&nbsp; Chaque panneau en bois est une \u0153uvre d&rsquo;art unique, son diam\u00e8tre de 40 cm en fait une d\u00e9coration murale id\u00e9ale qui ajoutera une touche apaisante et relaxante \u00e0 n&rsquo;importe quelle pi\u00e8ce. Vos [&hellip;]<\/p>\n","protected":false},"featured_media":382809,"comment_status":"closed","ping_status":"open","template":"","meta":{"_angie_page":false},"product_brand":[],"product_cat":[16892,14446],"product_tag":[],"class_list":{"0":"post-226516","1":"product","2":"type-product","3":"status-publish","4":"has-post-thumbnail","6":"product_cat-decoration","7":"product_cat-maison-et-jardin","8":"pa_collection-decorative-wooden-panels-fr","9":"pa_made-in-indonesie","11":"first","12":"instock","13":"purchasable","14":"product-type-simple"},"supplier_id":null,"supplier_sku":"WDW-03","barcode":null,"atum_controlled":true,"out_stock_date":null,"out_stock_threshold":null,"inheritable":false,"inbound_stock":null,"stock_on_hold":0,"sold_today":0,"sales_last_days":0,"reserved_stock":null,"customer_returns":null,"warehouse_damage":null,"lost_in_post":null,"other_logs":null,"out_stock_days":0,"lost_sales":0,"has_location":null,"update_date":"2026-05-04T00:05:00","atum_locations":[],"atum_stock_status":"instock","restock_status":false,"low_stock_amount":"","sales_update_date":"2025-09-04T00:31:00","calc_backorders":null,"_links":{"self":[{"href":"https:\/\/aromasentia.com\/fr\/wp-json\/wp\/v2\/product\/226516","targetHints":{"allow":["GET"]}}],"collection":[{"href":"https:\/\/aromasentia.com\/fr\/wp-json\/wp\/v2\/product"}],"about":[{"href":"https:\/\/aromasentia.com\/fr\/wp-json\/wp\/v2\/types\/product"}],"replies":[{"embeddable":true,"href":"https:\/\/aromasentia.com\/fr\/wp-json\/wp\/v2\/comments?post=226516"}],"version-history":[{"count":0,"href":"https:\/\/aromasentia.com\/fr\/wp-json\/wp\/v2\/product\/226516\/revisions"}],"wp:featuredmedia":[{"embeddable":true,"href":"https:\/\/aromasentia.com\/fr\/wp-json\/wp\/v2\/media\/382809"}],"wp:attachment":[{"href":"https:\/\/aromasentia.com\/fr\/wp-json\/wp\/v2\/media?parent=226516"}],"wp:term":[{"taxonomy":"product_brand","embeddable":true,"href":"https:\/\/aromasentia.com\/fr\/wp-json\/wp\/v2\/product_brand?post=226516"},{"taxonomy":"product_cat","embeddable":true,"href":"https:\/\/aromasentia.com\/fr\/wp-json\/wp\/v2\/product_cat?post=226516"},{"taxonomy":"product_tag","embeddable":true,"href":"https:\/\/aromasentia.com\/fr\/wp-json\/wp\/v2\/product_tag?post=226516"}],"curies":[{"name":"wp","href":"https:\/\/api.w.org\/{rel}","templated":true}]}}