{"id":226468,"date":"2025-03-22T16:06:31","date_gmt":"2025-03-22T16:06:31","guid":{"rendered":"https:\/\/aromasentia.com\/product\/tabletop-water-feature-18cm-cascading-rock-formation\/"},"modified":"2025-06-23T18:38:31","modified_gmt":"2025-06-23T18:38:31","slug":"fontaine-de-table-18cm-formation-rocheuse-en-cascade","status":"publish","type":"product","link":"https:\/\/aromasentia.com\/fr\/fontaine-de-table-18cm-formation-rocheuse-en-cascade\/","title":{"rendered":"Fontaine de Table &#8211; 18cm &#8211; Formation Rocheuse en Cascade"},"content":{"rendered":"<p>Avec la <strong><span style=\"color: rgb(75, 80, 88);\">Fontaine de Table Formation Rocheuse en Cascade&nbsp;<\/span><\/strong>faites entrer le feng-shui dans votre maison peut changer votre vie. Le Feng shui consiste \u00e0 cr\u00e9er l&rsquo;\u00e9quilibre, l&rsquo;harmonie, le flux naturel et l&rsquo;\u00e9nergie pour am\u00e9liorer votre humeur, votre bien-\u00eatre et votre force int\u00e9rieure. L&rsquo;une des meilleures fa&ccedil;ons d&rsquo;y parvenir est d&rsquo;utiliser cette pi\u00e8ce d&rsquo;eau de table relaxante pour l&rsquo;int\u00e9rieur.&nbsp;<\/p>\n<p>La zone pour un bon feng-shui, o\u00f9vous pouvez placer votre fontaine, est le coin nord, car il repr\u00e9sente les \u00e9l\u00e9ments de l&rsquo;eau. Le couloir est \u00e9galement un endroit id\u00e9al, mais assurez-vous que le d\u00e9bit d&rsquo;eau de la fontaine int\u00e9rieure se dirige vers l&rsquo;int\u00e9rieur de votre maison pour encourager l&rsquo;\u00e9nergie positive \u00e0 rester \u00e0 l&rsquo;int\u00e9rieur et \u00e0 ne pas refluer \u00e0 l&rsquo;ext\u00e9rieur.&nbsp;<\/p>\n<p>Comme beaucoup d&rsquo;entre nous travaillent \u00e0 domicile, le bureau \u00e0 domicile est un endroit id\u00e9al pour cr\u00e9er une \u00e9nergie positive pour votre journ\u00e9e de travail. Le son apaisant de l&rsquo;eau qui coule ou qui tombe est un son paisible et serein qui peut vous aider \u00e0 vous d\u00e9tendre. Si vous \u00e9coutez le son, en particulier pendant la m\u00e9ditation, cela peut \u00e9galement vous aider \u00e0 rel\u00e2cher toute tension ou stress auquel vous pourriez vous accrocher. Les fontaines sont emball\u00e9es dans des bo\u00eetes \u00e9l\u00e9gantes et \u00e9cologiques.&nbsp;<\/p>\n<p>\u00e0 l&rsquo;int\u00e9rieur, vous trouverez le manuel d&rsquo;utilisation. \u00e9clairage int\u00e9gr\u00e9 &#8211; Pompe incluse &#8211; Contr\u00f4le de d\u00e9bit\/d\u00e9bit &#8211; \u00e9lectrique&nbsp;<\/p>\n<p><strong><span style=\"color: rgb(75, 80, 88);\">Choisissez parmi 7 mod\u00e8les et laissez vos clients trouver le mod\u00e8le parfait pour un bon feng shui.<\/span><\/strong><\/p>\n","protected":false},"excerpt":{"rendered":"<p>Avec la Fontaine de Table Formation Rocheuse en Cascade&nbsp;faites entrer le feng-shui dans votre maison peut changer votre vie. Le Feng shui consiste \u00e0 cr\u00e9er l&rsquo;\u00e9quilibre, l&rsquo;harmonie, le flux naturel et l&rsquo;\u00e9nergie pour am\u00e9liorer votre humeur, votre bien-\u00eatre et votre force int\u00e9rieure. L&rsquo;une des meilleures fa&ccedil;ons d&rsquo;y parvenir est d&rsquo;utiliser cette pi\u00e8ce d&rsquo;eau de table [&hellip;]<\/p>\n","protected":false},"featured_media":382645,"comment_status":"closed","ping_status":"open","template":"","meta":{"_angie_page":false},"product_brand":[],"product_cat":[16892,14446],"product_tag":[],"class_list":{"0":"post-226468","1":"product","2":"type-product","3":"status-publish","4":"has-post-thumbnail","6":"product_cat-decoration","7":"product_cat-maison-et-jardin","8":"pa_collection-tabletop-water-features-fr","9":"pa_made-in-chine","11":"first","12":"instock","13":"purchasable","14":"product-type-simple"},"supplier_id":null,"supplier_sku":"WaterF-05","barcode":null,"atum_controlled":true,"out_stock_date":null,"out_stock_threshold":null,"inheritable":false,"inbound_stock":null,"stock_on_hold":0,"sold_today":0,"sales_last_days":0,"reserved_stock":null,"customer_returns":null,"warehouse_damage":null,"lost_in_post":null,"other_logs":null,"out_stock_days":0,"lost_sales":0,"has_location":null,"update_date":"2026-04-27T07:26:38","atum_locations":[],"atum_stock_status":"instock","restock_status":false,"low_stock_amount":"","sales_update_date":"2026-01-30T01:24:47","calc_backorders":null,"_links":{"self":[{"href":"https:\/\/aromasentia.com\/fr\/wp-json\/wp\/v2\/product\/226468","targetHints":{"allow":["GET"]}}],"collection":[{"href":"https:\/\/aromasentia.com\/fr\/wp-json\/wp\/v2\/product"}],"about":[{"href":"https:\/\/aromasentia.com\/fr\/wp-json\/wp\/v2\/types\/product"}],"replies":[{"embeddable":true,"href":"https:\/\/aromasentia.com\/fr\/wp-json\/wp\/v2\/comments?post=226468"}],"version-history":[{"count":0,"href":"https:\/\/aromasentia.com\/fr\/wp-json\/wp\/v2\/product\/226468\/revisions"}],"wp:featuredmedia":[{"embeddable":true,"href":"https:\/\/aromasentia.com\/fr\/wp-json\/wp\/v2\/media\/382645"}],"wp:attachment":[{"href":"https:\/\/aromasentia.com\/fr\/wp-json\/wp\/v2\/media?parent=226468"}],"wp:term":[{"taxonomy":"product_brand","embeddable":true,"href":"https:\/\/aromasentia.com\/fr\/wp-json\/wp\/v2\/product_brand?post=226468"},{"taxonomy":"product_cat","embeddable":true,"href":"https:\/\/aromasentia.com\/fr\/wp-json\/wp\/v2\/product_cat?post=226468"},{"taxonomy":"product_tag","embeddable":true,"href":"https:\/\/aromasentia.com\/fr\/wp-json\/wp\/v2\/product_tag?post=226468"}],"curies":[{"name":"wp","href":"https:\/\/api.w.org\/{rel}","templated":true}]}}