{"id":226364,"date":"2025-03-22T16:58:42","date_gmt":"2025-03-22T16:58:42","guid":{"rendered":"https:\/\/aromasentia.com\/product\/10ml-holly-berry-mistletoe\/"},"modified":"2025-12-30T19:12:24","modified_gmt":"2025-12-30T19:12:24","slug":"houx-gui-etiquette-de-noel","status":"publish","type":"product","link":"https:\/\/aromasentia.com\/fr\/houx-gui-etiquette-de-noel\/","title":{"rendered":"Houx &#038; Gui (\u00e9tiquette de No\u00ebl)"},"content":{"rendered":"<p><strong><span style=\"color: rgb(75, 80, 88);\">Les huiles parfum\u00e9es Ancient Wisdom Baie de Houx &amp; Gui<\/span><\/strong> sont tr\u00e8s populaires parmi vos clients en raison de leur parfum longue dur\u00e9e. Un parfum classique pour No&euml;l aux propri\u00e9t\u00e9s orientales mystiques, un ar\u00f4me de vacances de baies et parfum concentr\u00e9 de luxe aux \u00e9pices \u00e0 prix de gros.&nbsp;<\/p>\n<p>Ces huiles sont fabriqu\u00e9es \u00e0 partir de propyl\u00e8ne glycol (DPG). La DPG est une huile de support courante utilis\u00e9e pour couper les huiles parfum\u00e9es afin de les rendre plus efficaces. De plus, son magnifique parfum distinctif attirera certainement l&rsquo;attention de vos clients. Imaginez ces parfums dans votre magasin, vos clients vont adorer. Commandez aujourd&rsquo;hui.&nbsp;<\/p>\n<p>D\u00e9couvrez l&rsquo;incroyable parfum Baie de houx &amp; Gui.&nbsp;<\/p>\n<p><strong><span style=\"color: rgb(75, 80, 88);\">Notes de t\u00eate :<\/span><\/strong> houx vert.&nbsp;<\/p>\n<p><strong><span style=\"color: rgb(75, 80, 88);\">Notes de c\u0153ur :<\/span><\/strong> gui et cassis.&nbsp;<\/p>\n<p><strong><span style=\"color: rgb(75, 80, 88);\">Notes de fond :<\/span><\/strong> vanille et ambre.<\/p>\n","protected":false},"excerpt":{"rendered":"<p>Les huiles parfum\u00e9es Ancient Wisdom Baie de Houx &amp; Gui sont tr\u00e8s populaires parmi vos clients en raison de leur parfum longue dur\u00e9e. Un parfum classique pour No&euml;l aux propri\u00e9t\u00e9s orientales mystiques, un ar\u00f4me de vacances de baies et parfum concentr\u00e9 de luxe aux \u00e9pices \u00e0 prix de gros.&nbsp; Ces huiles sont fabriqu\u00e9es \u00e0 partir [&hellip;]<\/p>\n","protected":false},"featured_media":385879,"comment_status":"closed","ping_status":"open","template":"","meta":{"_angie_page":false},"product_brand":[],"product_cat":[16450,16468],"product_tag":[],"class_list":{"0":"post-226364","1":"product","2":"type-product","3":"status-publish","4":"has-post-thumbnail","6":"product_cat-aromatherapie-et-parfums-d-ambiance","7":"product_cat-huiles-parfumees","8":"pa_collection-ancient-wisdom-fragrance-oils-fr","9":"pa_made-in-royaume-uni","10":"pa_size-10ml","12":"first","13":"instock","14":"purchasable","15":"product-type-simple"},"supplier_id":null,"supplier_sku":"AWFO-83","barcode":null,"atum_controlled":true,"out_stock_date":null,"out_stock_threshold":null,"inheritable":false,"inbound_stock":null,"stock_on_hold":0,"sold_today":0,"sales_last_days":0,"reserved_stock":null,"customer_returns":null,"warehouse_damage":null,"lost_in_post":null,"other_logs":null,"out_stock_days":0,"lost_sales":0,"has_location":null,"update_date":"2026-04-27T06:52:17","atum_locations":[],"atum_stock_status":"instock","restock_status":false,"low_stock_amount":"","sales_update_date":"2026-01-30T01:24:34","calc_backorders":null,"_links":{"self":[{"href":"https:\/\/aromasentia.com\/fr\/wp-json\/wp\/v2\/product\/226364","targetHints":{"allow":["GET"]}}],"collection":[{"href":"https:\/\/aromasentia.com\/fr\/wp-json\/wp\/v2\/product"}],"about":[{"href":"https:\/\/aromasentia.com\/fr\/wp-json\/wp\/v2\/types\/product"}],"replies":[{"embeddable":true,"href":"https:\/\/aromasentia.com\/fr\/wp-json\/wp\/v2\/comments?post=226364"}],"version-history":[{"count":0,"href":"https:\/\/aromasentia.com\/fr\/wp-json\/wp\/v2\/product\/226364\/revisions"}],"wp:featuredmedia":[{"embeddable":true,"href":"https:\/\/aromasentia.com\/fr\/wp-json\/wp\/v2\/media\/385879"}],"wp:attachment":[{"href":"https:\/\/aromasentia.com\/fr\/wp-json\/wp\/v2\/media?parent=226364"}],"wp:term":[{"taxonomy":"product_brand","embeddable":true,"href":"https:\/\/aromasentia.com\/fr\/wp-json\/wp\/v2\/product_brand?post=226364"},{"taxonomy":"product_cat","embeddable":true,"href":"https:\/\/aromasentia.com\/fr\/wp-json\/wp\/v2\/product_cat?post=226364"},{"taxonomy":"product_tag","embeddable":true,"href":"https:\/\/aromasentia.com\/fr\/wp-json\/wp\/v2\/product_tag?post=226364"}],"curies":[{"name":"wp","href":"https:\/\/api.w.org\/{rel}","templated":true}]}}