{"id":226344,"date":"2025-03-22T16:58:42","date_gmt":"2025-03-22T16:58:42","guid":{"rendered":"https:\/\/aromasentia.com\/product\/10ml-xmas-sandalwood-fragrance\/"},"modified":"2025-12-30T19:12:24","modified_gmt":"2025-12-30T19:12:24","slug":"bois-de-santal-etiquettes-noel","status":"publish","type":"product","link":"https:\/\/aromasentia.com\/fr\/bois-de-santal-etiquettes-noel\/","title":{"rendered":"Bois de Santal (Etiquettes No\u00ebl)"},"content":{"rendered":"<p>Les <strong><span style=\"color: rgb(75, 80, 88);\">Huiles Parfum\u00e9es au Bois de Santal de No&euml;l&nbsp;<\/span><\/strong>Ancient Wisdom sont tr\u00e8s populaires parmi vos clients en raison de leur parfum durable.&nbsp;<\/p>\n<p>Parce qu&rsquo;ils sont dilu\u00e9s avec de la rose fra\u00eeche, du cacao amer. Ses notes chaudes en font le parfum d&rsquo;hiver id\u00e9al et, combin\u00e9 avec des accords floraux, il ajoute une qualit\u00e9 \u00e9pic\u00e9e au parfum.&nbsp;<\/p>\n<p>Ces huiles sont fabriqu\u00e9es \u00e0 partir de propyl\u00e8ne glycol (DPG). La DPG est une huile de support courante utilis\u00e9e pour couper les huiles parfum\u00e9es afin de les rendre plus efficaces. De plus, son magnifique parfum distinctif attirera certainement l&rsquo;attention de vos clients. Imaginez ces parfums dans votre magasin, vos clients vont adorer.&nbsp;<\/p>\n<p><strong><span style=\"color: rgb(141, 186, 216);\">D\u00e9couvrez le miracle de l&rsquo;huile parfum\u00e9e Bois de Santal et commandez d\u00e8s aujourd&rsquo;hui.<\/span><\/strong><\/p>\n","protected":false},"excerpt":{"rendered":"<p>Les Huiles Parfum\u00e9es au Bois de Santal de No&euml;l&nbsp;Ancient Wisdom sont tr\u00e8s populaires parmi vos clients en raison de leur parfum durable.&nbsp; Parce qu&rsquo;ils sont dilu\u00e9s avec de la rose fra\u00eeche, du cacao amer. Ses notes chaudes en font le parfum d&rsquo;hiver id\u00e9al et, combin\u00e9 avec des accords floraux, il ajoute une qualit\u00e9 \u00e9pic\u00e9e au [&hellip;]<\/p>\n","protected":false},"featured_media":385754,"comment_status":"closed","ping_status":"open","template":"","meta":{"_angie_page":false},"product_brand":[],"product_cat":[16450,26389,26895,16468,25842],"product_tag":[],"class_list":{"0":"post-226344","1":"product","2":"type-product","3":"status-publish","4":"has-post-thumbnail","6":"product_cat-aromatherapie-et-parfums-d-ambiance","7":"product_cat-bois-de-santal","8":"product_cat-boise","9":"product_cat-huiles-parfumees","10":"product_cat-senteurs-aromes","11":"pa_collection-ancient-wisdom-fragrance-oils-fr","12":"pa_made-in-royaume-uni","13":"pa_size-10ml","15":"first","16":"instock","17":"purchasable","18":"product-type-simple"},"supplier_id":null,"supplier_sku":"AWFO-74","barcode":null,"atum_controlled":true,"out_stock_date":null,"out_stock_threshold":null,"inheritable":false,"inbound_stock":null,"stock_on_hold":0,"sold_today":0,"sales_last_days":0,"reserved_stock":null,"customer_returns":null,"warehouse_damage":null,"lost_in_post":null,"other_logs":null,"out_stock_days":0,"lost_sales":0,"has_location":null,"update_date":"2026-04-29T05:08:47","atum_locations":[],"atum_stock_status":"instock","restock_status":false,"low_stock_amount":"","sales_update_date":"2026-01-30T01:24:24","calc_backorders":null,"_links":{"self":[{"href":"https:\/\/aromasentia.com\/fr\/wp-json\/wp\/v2\/product\/226344","targetHints":{"allow":["GET"]}}],"collection":[{"href":"https:\/\/aromasentia.com\/fr\/wp-json\/wp\/v2\/product"}],"about":[{"href":"https:\/\/aromasentia.com\/fr\/wp-json\/wp\/v2\/types\/product"}],"replies":[{"embeddable":true,"href":"https:\/\/aromasentia.com\/fr\/wp-json\/wp\/v2\/comments?post=226344"}],"version-history":[{"count":0,"href":"https:\/\/aromasentia.com\/fr\/wp-json\/wp\/v2\/product\/226344\/revisions"}],"wp:featuredmedia":[{"embeddable":true,"href":"https:\/\/aromasentia.com\/fr\/wp-json\/wp\/v2\/media\/385754"}],"wp:attachment":[{"href":"https:\/\/aromasentia.com\/fr\/wp-json\/wp\/v2\/media?parent=226344"}],"wp:term":[{"taxonomy":"product_brand","embeddable":true,"href":"https:\/\/aromasentia.com\/fr\/wp-json\/wp\/v2\/product_brand?post=226344"},{"taxonomy":"product_cat","embeddable":true,"href":"https:\/\/aromasentia.com\/fr\/wp-json\/wp\/v2\/product_cat?post=226344"},{"taxonomy":"product_tag","embeddable":true,"href":"https:\/\/aromasentia.com\/fr\/wp-json\/wp\/v2\/product_tag?post=226344"}],"curies":[{"name":"wp","href":"https:\/\/api.w.org\/{rel}","templated":true}]}}