{"id":226148,"date":"2025-03-22T16:58:42","date_gmt":"2025-03-22T16:58:42","guid":{"rendered":"https:\/\/aromasentia.com\/product\/10ml-devon-violet-fragrance-oil\/"},"modified":"2025-12-30T19:11:46","modified_gmt":"2025-12-30T19:11:46","slug":"violette-du-devon-huile-parfumee","status":"publish","type":"product","link":"https:\/\/aromasentia.com\/fr\/violette-du-devon-huile-parfumee\/","title":{"rendered":"Violette du Devon &#8211; Huile Parfum\u00e9e"},"content":{"rendered":"<p>&nbsp;<strong><span style=\"color: rgb(75, 80, 88);\">Nos huiles parfum\u00e9es \u00e0 la Violette du Devon&nbsp;<\/span><\/strong>durent tr\u00e8s longtemps car elles sont dilu\u00e9es avec une autre huile \u00e0 base de dipropyl\u00e8ne glycol (DPG).&nbsp;<\/p>\n<p>La DPG est une huile de support courante utilis\u00e9e pour couper les huiles parfum\u00e9es afin de les rendre plus efficaces.&nbsp;<\/p>\n<p>De plus, son parfum doux attirera certainement l&rsquo;attention de certains clients.&nbsp;<\/p>\n","protected":false},"excerpt":{"rendered":"<p>&nbsp;Nos huiles parfum\u00e9es \u00e0 la Violette du Devon&nbsp;durent tr\u00e8s longtemps car elles sont dilu\u00e9es avec une autre huile \u00e0 base de dipropyl\u00e8ne glycol (DPG).&nbsp; La DPG est une huile de support courante utilis\u00e9e pour couper les huiles parfum\u00e9es afin de les rendre plus efficaces.&nbsp; De plus, son parfum doux attirera certainement l&rsquo;attention de certains clients.&nbsp;<\/p>\n","protected":false},"featured_media":384529,"comment_status":"closed","ping_status":"open","template":"","meta":{"_angie_page":false},"product_brand":[],"product_cat":[16450,16468],"product_tag":[],"class_list":{"0":"post-226148","1":"product","2":"type-product","3":"status-publish","4":"has-post-thumbnail","6":"product_cat-aromatherapie-et-parfums-d-ambiance","7":"product_cat-huiles-parfumees","8":"pa_collection-ancient-wisdom-fragrance-oils-fr","9":"pa_made-in-royaume-uni","10":"pa_size-10ml","12":"first","13":"instock","14":"purchasable","15":"product-type-simple"},"supplier_id":null,"supplier_sku":"AWFO-19","barcode":null,"atum_controlled":true,"out_stock_date":null,"out_stock_threshold":null,"inheritable":false,"inbound_stock":null,"stock_on_hold":0,"sold_today":0,"sales_last_days":0,"reserved_stock":null,"customer_returns":null,"warehouse_damage":null,"lost_in_post":null,"other_logs":null,"out_stock_days":0,"lost_sales":0,"has_location":null,"update_date":"2026-04-27T06:51:56","atum_locations":[],"atum_stock_status":"instock","restock_status":false,"low_stock_amount":"","sales_update_date":"2026-01-30T01:25:00","calc_backorders":null,"_links":{"self":[{"href":"https:\/\/aromasentia.com\/fr\/wp-json\/wp\/v2\/product\/226148","targetHints":{"allow":["GET"]}}],"collection":[{"href":"https:\/\/aromasentia.com\/fr\/wp-json\/wp\/v2\/product"}],"about":[{"href":"https:\/\/aromasentia.com\/fr\/wp-json\/wp\/v2\/types\/product"}],"replies":[{"embeddable":true,"href":"https:\/\/aromasentia.com\/fr\/wp-json\/wp\/v2\/comments?post=226148"}],"version-history":[{"count":0,"href":"https:\/\/aromasentia.com\/fr\/wp-json\/wp\/v2\/product\/226148\/revisions"}],"wp:featuredmedia":[{"embeddable":true,"href":"https:\/\/aromasentia.com\/fr\/wp-json\/wp\/v2\/media\/384529"}],"wp:attachment":[{"href":"https:\/\/aromasentia.com\/fr\/wp-json\/wp\/v2\/media?parent=226148"}],"wp:term":[{"taxonomy":"product_brand","embeddable":true,"href":"https:\/\/aromasentia.com\/fr\/wp-json\/wp\/v2\/product_brand?post=226148"},{"taxonomy":"product_cat","embeddable":true,"href":"https:\/\/aromasentia.com\/fr\/wp-json\/wp\/v2\/product_cat?post=226148"},{"taxonomy":"product_tag","embeddable":true,"href":"https:\/\/aromasentia.com\/fr\/wp-json\/wp\/v2\/product_tag?post=226148"}],"curies":[{"name":"wp","href":"https:\/\/api.w.org\/{rel}","templated":true}]}}