{"id":226120,"date":"2025-03-22T16:58:42","date_gmt":"2025-03-22T16:58:42","guid":{"rendered":"https:\/\/aromasentia.com\/product\/10ml-blackberry-fragrance-oil\/"},"modified":"2025-12-30T19:11:39","modified_gmt":"2025-12-30T19:11:39","slug":"mure-huile-parfumee","status":"publish","type":"product","link":"https:\/\/aromasentia.com\/fr\/mure-huile-parfumee\/","title":{"rendered":"M\u00fbre &#8211; Huile Parfum\u00e9e"},"content":{"rendered":"<p><strong><span style=\"color: rgb(75, 80, 88);\">Les Huiles parfum\u00e9es \u00e0 la M\u00fbre en gros<\/span><\/strong> durent tr\u00e8s longtemps car elles sont dilu\u00e9es avec une autre huile \u00e0 base de propyl\u00e8ne glycol (DPG). DPG est une huile de support courante utilis\u00e9e pour couper les huiles parfum\u00e9es afin de les rendre plus efficaces.&nbsp;<\/p>\n<p>De plus, son magnifique parfum distinctif attirera certainement l&rsquo;attention de certains clients.&nbsp;<\/p>\n<p><strong><span style=\"color: rgb(75, 80, 88);\">Notes de t\u00eate :<\/span><\/strong> Fruit\u00e9\n<\/p>\n<p><strong><span style=\"color: rgb(75, 80, 88);\">Notes de coeur :<\/span><\/strong> Framboise, Myrtille, Floral\n<\/p>\n<p><strong><span style=\"color: rgb(75, 80, 88);\">Notes de fond :<\/span><\/strong> musc, bois\u00e9<\/p>\n","protected":false},"excerpt":{"rendered":"<p>Les Huiles parfum\u00e9es \u00e0 la M\u00fbre en gros durent tr\u00e8s longtemps car elles sont dilu\u00e9es avec une autre huile \u00e0 base de propyl\u00e8ne glycol (DPG). DPG est une huile de support courante utilis\u00e9e pour couper les huiles parfum\u00e9es afin de les rendre plus efficaces.&nbsp; De plus, son magnifique parfum distinctif attirera certainement l&rsquo;attention de certains [&hellip;]<\/p>\n","protected":false},"featured_media":384354,"comment_status":"closed","ping_status":"open","template":"","meta":{"_angie_page":false},"product_brand":[],"product_cat":[16450,26846,16468,26532,25842],"product_tag":[],"class_list":{"0":"post-226120","1":"product","2":"type-product","3":"status-publish","4":"has-post-thumbnail","6":"product_cat-aromatherapie-et-parfums-d-ambiance","7":"product_cat-fruite","8":"product_cat-huiles-parfumees","9":"product_cat-mure","10":"product_cat-senteurs-aromes","11":"pa_collection-ancient-wisdom-fragrance-oils-fr","12":"pa_made-in-royaume-uni","13":"pa_size-10ml","15":"first","16":"instock","17":"purchasable","18":"product-type-simple"},"supplier_id":null,"supplier_sku":"AWFO-07","barcode":null,"atum_controlled":true,"out_stock_date":null,"out_stock_threshold":null,"inheritable":false,"inbound_stock":null,"stock_on_hold":0,"sold_today":0,"sales_last_days":0,"reserved_stock":null,"customer_returns":null,"warehouse_damage":null,"lost_in_post":null,"other_logs":null,"out_stock_days":0,"lost_sales":0,"has_location":null,"update_date":"2026-04-27T06:51:56","atum_locations":[],"atum_stock_status":"instock","restock_status":false,"low_stock_amount":"","sales_update_date":"2026-02-06T00:02:47","calc_backorders":null,"_links":{"self":[{"href":"https:\/\/aromasentia.com\/fr\/wp-json\/wp\/v2\/product\/226120","targetHints":{"allow":["GET"]}}],"collection":[{"href":"https:\/\/aromasentia.com\/fr\/wp-json\/wp\/v2\/product"}],"about":[{"href":"https:\/\/aromasentia.com\/fr\/wp-json\/wp\/v2\/types\/product"}],"replies":[{"embeddable":true,"href":"https:\/\/aromasentia.com\/fr\/wp-json\/wp\/v2\/comments?post=226120"}],"version-history":[{"count":0,"href":"https:\/\/aromasentia.com\/fr\/wp-json\/wp\/v2\/product\/226120\/revisions"}],"wp:featuredmedia":[{"embeddable":true,"href":"https:\/\/aromasentia.com\/fr\/wp-json\/wp\/v2\/media\/384354"}],"wp:attachment":[{"href":"https:\/\/aromasentia.com\/fr\/wp-json\/wp\/v2\/media?parent=226120"}],"wp:term":[{"taxonomy":"product_brand","embeddable":true,"href":"https:\/\/aromasentia.com\/fr\/wp-json\/wp\/v2\/product_brand?post=226120"},{"taxonomy":"product_cat","embeddable":true,"href":"https:\/\/aromasentia.com\/fr\/wp-json\/wp\/v2\/product_cat?post=226120"},{"taxonomy":"product_tag","embeddable":true,"href":"https:\/\/aromasentia.com\/fr\/wp-json\/wp\/v2\/product_tag?post=226120"}],"curies":[{"name":"wp","href":"https:\/\/api.w.org\/{rel}","templated":true}]}}