{"id":226012,"date":"2025-03-22T16:58:52","date_gmt":"2025-03-22T16:58:52","guid":{"rendered":"https:\/\/aromasentia.com\/product\/guava-lava-fragrance-250g\/"},"modified":"2025-06-23T18:37:22","modified_gmt":"2025-06-23T18:37:22","slug":"goyave-lave-huile-de-parfum-250ml","status":"publish","type":"product","link":"https:\/\/aromasentia.com\/fr\/goyave-lave-huile-de-parfum-250ml\/","title":{"rendered":"Goyave Lave  &#8211; Huile de Parfum 250ml"},"content":{"rendered":"<p>D\u00e9couvrez un ar\u00f4me tropical et fruit\u00e9 avec cette huile de parfum Guava Lava de 250 ml. Parfaite pour une utilisation dans les br\u00fbleurs \u00e0 huile, les diffuseurs ou pour un pot-pourri rafra\u00eechissant, cette huile remplira votre espace d&rsquo;un parfum sucr\u00e9 et l\u00e9g\u00e8rement acidul\u00e9.<\/p>\n","protected":false},"excerpt":{"rendered":"<p>D\u00e9couvrez un ar\u00f4me tropical et fruit\u00e9 avec cette huile de parfum Guava Lava de 250 ml. Parfaite pour une utilisation dans les br\u00fbleurs \u00e0 huile, les diffuseurs ou pour un pot-pourri rafra\u00eechissant, cette huile remplira votre espace d&rsquo;un parfum sucr\u00e9 et l\u00e9g\u00e8rement acidul\u00e9.<\/p>\n","protected":false},"featured_media":386574,"comment_status":"closed","ping_status":"open","template":"","meta":{"_angie_page":false},"product_brand":[],"product_cat":[16450,26846,26564,16468,25842],"product_tag":[],"class_list":{"0":"post-226012","1":"product","2":"type-product","3":"status-publish","4":"has-post-thumbnail","6":"product_cat-aromatherapie-et-parfums-d-ambiance","7":"product_cat-fruite","8":"product_cat-goyave","9":"product_cat-huiles-parfumees","10":"product_cat-senteurs-aromes","11":"pa_collection-pure-fragrance-oils-250g-fr","12":"pa_made-in-royaume-uni","13":"pa_size-250ml","15":"first","16":"instock","17":"purchasable","18":"product-type-simple"},"supplier_id":null,"supplier_sku":"AWPFO-20","barcode":null,"atum_controlled":true,"out_stock_date":null,"out_stock_threshold":null,"inheritable":false,"inbound_stock":null,"stock_on_hold":0,"sold_today":0,"sales_last_days":0,"reserved_stock":null,"customer_returns":null,"warehouse_damage":null,"lost_in_post":null,"other_logs":null,"out_stock_days":0,"lost_sales":0,"has_location":null,"update_date":"2026-04-27T06:52:40","atum_locations":[],"atum_stock_status":"instock","restock_status":false,"low_stock_amount":"","sales_update_date":"2025-10-09T03:24:41","calc_backorders":null,"_links":{"self":[{"href":"https:\/\/aromasentia.com\/fr\/wp-json\/wp\/v2\/product\/226012","targetHints":{"allow":["GET"]}}],"collection":[{"href":"https:\/\/aromasentia.com\/fr\/wp-json\/wp\/v2\/product"}],"about":[{"href":"https:\/\/aromasentia.com\/fr\/wp-json\/wp\/v2\/types\/product"}],"replies":[{"embeddable":true,"href":"https:\/\/aromasentia.com\/fr\/wp-json\/wp\/v2\/comments?post=226012"}],"version-history":[{"count":0,"href":"https:\/\/aromasentia.com\/fr\/wp-json\/wp\/v2\/product\/226012\/revisions"}],"wp:featuredmedia":[{"embeddable":true,"href":"https:\/\/aromasentia.com\/fr\/wp-json\/wp\/v2\/media\/386574"}],"wp:attachment":[{"href":"https:\/\/aromasentia.com\/fr\/wp-json\/wp\/v2\/media?parent=226012"}],"wp:term":[{"taxonomy":"product_brand","embeddable":true,"href":"https:\/\/aromasentia.com\/fr\/wp-json\/wp\/v2\/product_brand?post=226012"},{"taxonomy":"product_cat","embeddable":true,"href":"https:\/\/aromasentia.com\/fr\/wp-json\/wp\/v2\/product_cat?post=226012"},{"taxonomy":"product_tag","embeddable":true,"href":"https:\/\/aromasentia.com\/fr\/wp-json\/wp\/v2\/product_tag?post=226012"}],"curies":[{"name":"wp","href":"https:\/\/api.w.org\/{rel}","templated":true}]}}