{"id":226008,"date":"2025-03-22T16:58:52","date_gmt":"2025-03-22T16:58:52","guid":{"rendered":"https:\/\/aromasentia.com\/product\/grapefruit-mandarin-fragrance-250g\/"},"modified":"2025-06-23T18:37:21","modified_gmt":"2025-06-23T18:37:21","slug":"pamplemousse-et-mandarine-huile-de-parfum-250ml","status":"publish","type":"product","link":"https:\/\/aromasentia.com\/fr\/pamplemousse-et-mandarine-huile-de-parfum-250ml\/","title":{"rendered":"pamplemousse et mandarine  &#8211; Huile de Parfum 250ml"},"content":{"rendered":"<p>Cette huile de parfum de 250 ml vous met de bonne humeur gr\u00e2ce \u00e0 l&rsquo;ar\u00f4me vif et citronn\u00e9 du pamplemousse et de la mandarine. Parfaite pour les br\u00fbleurs \u00e0 huile, les diffuseurs ou pour un pot-pourri rafra\u00eechissant, cette huile cr\u00e9era une atmosph\u00e8re \u00e9nergisante et joyeuse.<\/p>\n","protected":false},"excerpt":{"rendered":"<p>Cette huile de parfum de 250 ml vous met de bonne humeur gr\u00e2ce \u00e0 l&rsquo;ar\u00f4me vif et citronn\u00e9 du pamplemousse et de la mandarine. Parfaite pour les br\u00fbleurs \u00e0 huile, les diffuseurs ou pour un pot-pourri rafra\u00eechissant, cette huile cr\u00e9era une atmosph\u00e8re \u00e9nergisante et joyeuse.<\/p>\n","protected":false},"featured_media":386565,"comment_status":"closed","ping_status":"open","template":"","meta":{"_angie_page":false},"product_brand":[],"product_cat":[16450,26818,16468,26265,26202,25842],"product_tag":[],"class_list":{"0":"post-226008","1":"product","2":"type-product","3":"status-publish","4":"has-post-thumbnail","6":"product_cat-aromatherapie-et-parfums-d-ambiance","7":"product_cat-hesperide-agrumes","8":"product_cat-huiles-parfumees","9":"product_cat-mandarine","10":"product_cat-pamplemousse","11":"product_cat-senteurs-aromes","12":"pa_collection-pure-fragrance-oils-250g-fr","13":"pa_made-in-royaume-uni","14":"pa_size-250ml","16":"first","17":"instock","18":"purchasable","19":"product-type-simple"},"supplier_id":null,"supplier_sku":"AWPFO-19","barcode":null,"atum_controlled":true,"out_stock_date":null,"out_stock_threshold":null,"inheritable":false,"inbound_stock":null,"stock_on_hold":0,"sold_today":0,"sales_last_days":0,"reserved_stock":null,"customer_returns":null,"warehouse_damage":null,"lost_in_post":null,"other_logs":null,"out_stock_days":0,"lost_sales":0,"has_location":null,"update_date":"2026-04-27T06:52:40","atum_locations":[],"atum_stock_status":"instock","restock_status":false,"low_stock_amount":"","sales_update_date":"2026-02-06T00:00:43","calc_backorders":null,"_links":{"self":[{"href":"https:\/\/aromasentia.com\/fr\/wp-json\/wp\/v2\/product\/226008","targetHints":{"allow":["GET"]}}],"collection":[{"href":"https:\/\/aromasentia.com\/fr\/wp-json\/wp\/v2\/product"}],"about":[{"href":"https:\/\/aromasentia.com\/fr\/wp-json\/wp\/v2\/types\/product"}],"replies":[{"embeddable":true,"href":"https:\/\/aromasentia.com\/fr\/wp-json\/wp\/v2\/comments?post=226008"}],"version-history":[{"count":0,"href":"https:\/\/aromasentia.com\/fr\/wp-json\/wp\/v2\/product\/226008\/revisions"}],"wp:featuredmedia":[{"embeddable":true,"href":"https:\/\/aromasentia.com\/fr\/wp-json\/wp\/v2\/media\/386565"}],"wp:attachment":[{"href":"https:\/\/aromasentia.com\/fr\/wp-json\/wp\/v2\/media?parent=226008"}],"wp:term":[{"taxonomy":"product_brand","embeddable":true,"href":"https:\/\/aromasentia.com\/fr\/wp-json\/wp\/v2\/product_brand?post=226008"},{"taxonomy":"product_cat","embeddable":true,"href":"https:\/\/aromasentia.com\/fr\/wp-json\/wp\/v2\/product_cat?post=226008"},{"taxonomy":"product_tag","embeddable":true,"href":"https:\/\/aromasentia.com\/fr\/wp-json\/wp\/v2\/product_tag?post=226008"}],"curies":[{"name":"wp","href":"https:\/\/api.w.org\/{rel}","templated":true}]}}