{"id":225996,"date":"2025-03-22T16:58:52","date_gmt":"2025-03-22T16:58:52","guid":{"rendered":"https:\/\/aromasentia.com\/product\/ginger-lime-fragrance-250g\/"},"modified":"2025-06-23T18:37:17","modified_gmt":"2025-06-23T18:37:17","slug":"gingembre-citron-vert-huile-de-parfum-250ml","status":"publish","type":"product","link":"https:\/\/aromasentia.com\/fr\/gingembre-citron-vert-huile-de-parfum-250ml\/","title":{"rendered":"Gingembre &#038; Citron Vert  &#8211; Huile de Parfum 250ml"},"content":{"rendered":"<p>Revigorez vos sens avec l&rsquo;ar\u00f4me zest\u00e9 et \u00e9pic\u00e9 du gingembre et du citron vert gr\u00e2ce \u00e0 cette huile de parfum de 250 ml. Parfaite pour les br\u00fbleurs \u00e0 huile, les diffuseurs ou les pots-pourris rafra\u00eechissants, cette huile cr\u00e9era une atmosph\u00e8re stimulante et \u00e9nergisante.<\/p>\n","protected":false},"excerpt":{"rendered":"<p>Revigorez vos sens avec l&rsquo;ar\u00f4me zest\u00e9 et \u00e9pic\u00e9 du gingembre et du citron vert gr\u00e2ce \u00e0 cette huile de parfum de 250 ml. Parfaite pour les br\u00fbleurs \u00e0 huile, les diffuseurs ou les pots-pourris rafra\u00eechissants, cette huile cr\u00e9era une atmosph\u00e8re stimulante et \u00e9nergisante.<\/p>\n","protected":false},"featured_media":386538,"comment_status":"closed","ping_status":"open","template":"","meta":{"_angie_page":false},"product_brand":[],"product_cat":[16450,26259,26888,26191,26818,16468,25842],"product_tag":[],"class_list":{"0":"post-225996","1":"product","2":"type-product","3":"status-publish","4":"has-post-thumbnail","6":"product_cat-aromatherapie-et-parfums-d-ambiance","7":"product_cat-citron-vert","8":"product_cat-epice","9":"product_cat-gingembre-senteurs-aromes","10":"product_cat-hesperide-agrumes","11":"product_cat-huiles-parfumees","12":"product_cat-senteurs-aromes","13":"pa_collection-pure-fragrance-oils-250g-fr","14":"pa_made-in-royaume-uni","15":"pa_size-250ml","17":"first","18":"instock","19":"purchasable","20":"product-type-simple"},"supplier_id":null,"supplier_sku":"AWPFO-15","barcode":null,"atum_controlled":true,"out_stock_date":null,"out_stock_threshold":null,"inheritable":false,"inbound_stock":null,"stock_on_hold":0,"sold_today":0,"sales_last_days":0,"reserved_stock":null,"customer_returns":null,"warehouse_damage":null,"lost_in_post":null,"other_logs":null,"out_stock_days":0,"lost_sales":0,"has_location":null,"update_date":"2026-04-27T06:52:40","atum_locations":[],"atum_stock_status":"instock","restock_status":false,"low_stock_amount":"","sales_update_date":"2026-01-30T01:25:22","calc_backorders":null,"_links":{"self":[{"href":"https:\/\/aromasentia.com\/fr\/wp-json\/wp\/v2\/product\/225996","targetHints":{"allow":["GET"]}}],"collection":[{"href":"https:\/\/aromasentia.com\/fr\/wp-json\/wp\/v2\/product"}],"about":[{"href":"https:\/\/aromasentia.com\/fr\/wp-json\/wp\/v2\/types\/product"}],"replies":[{"embeddable":true,"href":"https:\/\/aromasentia.com\/fr\/wp-json\/wp\/v2\/comments?post=225996"}],"version-history":[{"count":0,"href":"https:\/\/aromasentia.com\/fr\/wp-json\/wp\/v2\/product\/225996\/revisions"}],"wp:featuredmedia":[{"embeddable":true,"href":"https:\/\/aromasentia.com\/fr\/wp-json\/wp\/v2\/media\/386538"}],"wp:attachment":[{"href":"https:\/\/aromasentia.com\/fr\/wp-json\/wp\/v2\/media?parent=225996"}],"wp:term":[{"taxonomy":"product_brand","embeddable":true,"href":"https:\/\/aromasentia.com\/fr\/wp-json\/wp\/v2\/product_brand?post=225996"},{"taxonomy":"product_cat","embeddable":true,"href":"https:\/\/aromasentia.com\/fr\/wp-json\/wp\/v2\/product_cat?post=225996"},{"taxonomy":"product_tag","embeddable":true,"href":"https:\/\/aromasentia.com\/fr\/wp-json\/wp\/v2\/product_tag?post=225996"}],"curies":[{"name":"wp","href":"https:\/\/api.w.org\/{rel}","templated":true}]}}