{"id":225936,"date":"2025-03-22T16:58:52","date_gmt":"2025-03-22T16:58:52","guid":{"rendered":"https:\/\/aromasentia.com\/product\/aroma-wax-melts-nutmeg-lemon\/"},"modified":"2025-06-23T18:37:10","modified_gmt":"2025-06-23T18:37:10","slug":"aroma-wax-melts-noix-de-muscade-et-citron","status":"publish","type":"product","link":"https:\/\/aromasentia.com\/fr\/aroma-wax-melts-noix-de-muscade-et-citron\/","title":{"rendered":"Aroma Wax Melts &#8211; Noix de muscade et citron"},"content":{"rendered":"<p>D\u00e9tendez-vous gr\u00e2ce au parfum frais de noix de muscade et de citron avec ces fondants de cire aromatique en gros.&nbsp;<\/p>\n<p>Fabriqu\u00e9 avec des huiles essentielles d&rsquo;aromath\u00e9rapie pures, le parfum \u00e9pic\u00e9 de noix de muscade combin\u00e9 au parfum rafra\u00eechissant de citron cr\u00e9e un m\u00e9lange majestueux qui est parfait pour aider les gens \u00e0 se d\u00e9tendre apr\u00e8s une journ\u00e9e bien remplie. Il fera \u00e9galement un cadeau parfait pour toute occasion, vous pouvez l&rsquo;associer \u00e0 nos br\u00fbleurs \u00e0 mazout comme un ajout en vente ou un ensemble cadeau, ou vous pouvez vendre les bocaux individuellement de toute fa&ccedil;on, ils seront une vente incroyable.&nbsp;<\/p>\n<p>Ces cires fondues en gros sont fabriqu\u00e9es \u00e0 partir d&rsquo;un m\u00e9lange naturel de cires de soja et ne contiennent pas de cire de paraffine afin que la chambre de vos clients sente le parfum et non l&rsquo;huile&#8230; Apr\u00e8s tout, nous voulons toujours vous fournir des produits de haute qualit\u00e9.&nbsp;<\/p>\n<p><strong><span style=\"color: rgb(141, 186, 216);\">Commandez d\u00e8s aujourd&rsquo;hui pour ajouter une touche sp\u00e9ciale suppl\u00e9mentaire \u00e0 votre magasin.&nbsp;<\/span><\/strong><\/p>\n<p>Tailles : Par pot : Hauteur : 7,5 cm , Diam\u00e8tre : 8 cm Poids 250 g Par cire fondue : 1 x 1,5 cm (environ 16 pi\u00e8ces &#8211; 85 g)<\/p>\n","protected":false},"excerpt":{"rendered":"<p>D\u00e9tendez-vous gr\u00e2ce au parfum frais de noix de muscade et de citron avec ces fondants de cire aromatique en gros.&nbsp; Fabriqu\u00e9 avec des huiles essentielles d&rsquo;aromath\u00e9rapie pures, le parfum \u00e9pic\u00e9 de noix de muscade combin\u00e9 au parfum rafra\u00eechissant de citron cr\u00e9e un m\u00e9lange majestueux qui est parfait pour aider les gens \u00e0 se d\u00e9tendre apr\u00e8s [&hellip;]<\/p>\n","protected":false},"featured_media":386403,"comment_status":"closed","ping_status":"open","template":"","meta":{"_angie_page":false},"product_brand":[],"product_cat":[16450,16665,26237,26888,26818,26301,25842],"product_tag":[],"class_list":{"0":"post-225936","1":"product","2":"type-product","3":"status-publish","4":"has-post-thumbnail","6":"product_cat-aromatherapie-et-parfums-d-ambiance","7":"product_cat-cire-soja-fondants-parfumes","8":"product_cat-citron","9":"product_cat-epice","10":"product_cat-hesperide-agrumes","11":"product_cat-noix-de-muscade","12":"product_cat-senteurs-aromes","13":"pa_collection-aroma-wax-melts-fr","14":"pa_made-in-chine","16":"first","17":"instock","18":"purchasable","19":"product-type-simple"},"supplier_id":null,"supplier_sku":"AWMJ-06","barcode":null,"atum_controlled":true,"out_stock_date":null,"out_stock_threshold":null,"inheritable":false,"inbound_stock":null,"stock_on_hold":0,"sold_today":0,"sales_last_days":0,"reserved_stock":null,"customer_returns":null,"warehouse_damage":null,"lost_in_post":null,"other_logs":null,"out_stock_days":0,"lost_sales":0,"has_location":null,"update_date":"2026-04-27T06:52:34","atum_locations":[],"atum_stock_status":"instock","restock_status":false,"low_stock_amount":"","sales_update_date":"2026-01-30T01:25:22","calc_backorders":null,"_links":{"self":[{"href":"https:\/\/aromasentia.com\/fr\/wp-json\/wp\/v2\/product\/225936","targetHints":{"allow":["GET"]}}],"collection":[{"href":"https:\/\/aromasentia.com\/fr\/wp-json\/wp\/v2\/product"}],"about":[{"href":"https:\/\/aromasentia.com\/fr\/wp-json\/wp\/v2\/types\/product"}],"replies":[{"embeddable":true,"href":"https:\/\/aromasentia.com\/fr\/wp-json\/wp\/v2\/comments?post=225936"}],"version-history":[{"count":0,"href":"https:\/\/aromasentia.com\/fr\/wp-json\/wp\/v2\/product\/225936\/revisions"}],"wp:featuredmedia":[{"embeddable":true,"href":"https:\/\/aromasentia.com\/fr\/wp-json\/wp\/v2\/media\/386403"}],"wp:attachment":[{"href":"https:\/\/aromasentia.com\/fr\/wp-json\/wp\/v2\/media?parent=225936"}],"wp:term":[{"taxonomy":"product_brand","embeddable":true,"href":"https:\/\/aromasentia.com\/fr\/wp-json\/wp\/v2\/product_brand?post=225936"},{"taxonomy":"product_cat","embeddable":true,"href":"https:\/\/aromasentia.com\/fr\/wp-json\/wp\/v2\/product_cat?post=225936"},{"taxonomy":"product_tag","embeddable":true,"href":"https:\/\/aromasentia.com\/fr\/wp-json\/wp\/v2\/product_tag?post=225936"}],"curies":[{"name":"wp","href":"https:\/\/api.w.org\/{rel}","templated":true}]}}