{"id":225892,"date":"2025-03-22T16:58:52","date_gmt":"2025-03-22T16:58:52","guid":{"rendered":"https:\/\/aromasentia.com\/product\/500ml-pure-fo-soft-banana\/"},"modified":"2025-06-23T18:37:03","modified_gmt":"2025-06-23T18:37:03","slug":"banane-douce-huile-de-parfum-pure-500ml","status":"publish","type":"product","link":"https:\/\/aromasentia.com\/fr\/banane-douce-huile-de-parfum-pure-500ml\/","title":{"rendered":"Banane Douce  &#8211; Huile de Parfum Pure 500ml"},"content":{"rendered":"<p>Remplissez votre espace de l&rsquo;ar\u00f4me doux et r\u00e9confortant de Pure Soft Banana avec cette g\u00e9n\u00e9reuse huile de parfum de 500 ml. Id\u00e9ale pour les br\u00fbleurs \u00e0 huile, les diffuseurs ou pour cr\u00e9er vos propres cr\u00e9ations parfum\u00e9es, cette huile offre un parfum fruit\u00e9 et durable.<\/p>\n","protected":false},"excerpt":{"rendered":"<p>Remplissez votre espace de l&rsquo;ar\u00f4me doux et r\u00e9confortant de Pure Soft Banana avec cette g\u00e9n\u00e9reuse huile de parfum de 500 ml. Id\u00e9ale pour les br\u00fbleurs \u00e0 huile, les diffuseurs ou pour cr\u00e9er vos propres cr\u00e9ations parfum\u00e9es, cette huile offre un parfum fruit\u00e9 et durable.<\/p>\n","protected":false},"featured_media":387844,"comment_status":"closed","ping_status":"open","template":"","meta":[],"product_brand":[],"product_cat":[16450,26563,26846,16468,25842],"product_tag":[],"class_list":{"0":"post-225892","1":"product","2":"type-product","3":"status-publish","4":"has-post-thumbnail","6":"product_cat-aromatherapie-et-parfums-d-ambiance","7":"product_cat-banane","8":"product_cat-fruite","9":"product_cat-huiles-parfumees","10":"product_cat-senteurs-aromes","11":"pa_collection-pure-fragrance-oils-500ml-fr","12":"pa_made-in-royaume-uni","13":"pa_size-500ml","15":"first","16":"outofstock","17":"purchasable","18":"product-type-simple"},"supplier_id":null,"supplier_sku":"FOBp-110","barcode":null,"atum_controlled":true,"out_stock_date":"2025-10-30 16:46:46","out_stock_threshold":null,"inheritable":false,"inbound_stock":null,"stock_on_hold":0,"sold_today":0,"sales_last_days":0,"reserved_stock":null,"customer_returns":null,"warehouse_damage":null,"lost_in_post":null,"other_logs":null,"out_stock_days":98,"lost_sales":0,"has_location":null,"update_date":"2026-02-06T00:00:57","atum_locations":[],"atum_stock_status":"outofstock","restock_status":false,"low_stock_amount":"","sales_update_date":"2026-02-06T00:00:57","calc_backorders":null,"_links":{"self":[{"href":"https:\/\/aromasentia.com\/fr\/wp-json\/wp\/v2\/product\/225892","targetHints":{"allow":["GET"]}}],"collection":[{"href":"https:\/\/aromasentia.com\/fr\/wp-json\/wp\/v2\/product"}],"about":[{"href":"https:\/\/aromasentia.com\/fr\/wp-json\/wp\/v2\/types\/product"}],"replies":[{"embeddable":true,"href":"https:\/\/aromasentia.com\/fr\/wp-json\/wp\/v2\/comments?post=225892"}],"version-history":[{"count":0,"href":"https:\/\/aromasentia.com\/fr\/wp-json\/wp\/v2\/product\/225892\/revisions"}],"wp:featuredmedia":[{"embeddable":true,"href":"https:\/\/aromasentia.com\/fr\/wp-json\/wp\/v2\/media\/387844"}],"wp:attachment":[{"href":"https:\/\/aromasentia.com\/fr\/wp-json\/wp\/v2\/media?parent=225892"}],"wp:term":[{"taxonomy":"product_brand","embeddable":true,"href":"https:\/\/aromasentia.com\/fr\/wp-json\/wp\/v2\/product_brand?post=225892"},{"taxonomy":"product_cat","embeddable":true,"href":"https:\/\/aromasentia.com\/fr\/wp-json\/wp\/v2\/product_cat?post=225892"},{"taxonomy":"product_tag","embeddable":true,"href":"https:\/\/aromasentia.com\/fr\/wp-json\/wp\/v2\/product_tag?post=225892"}],"curies":[{"name":"wp","href":"https:\/\/api.w.org\/{rel}","templated":true}]}}