{"id":225884,"date":"2025-03-22T16:58:52","date_gmt":"2025-03-22T16:58:52","guid":{"rendered":"https:\/\/aromasentia.com\/product\/500ml-pure-fo-sandalwood\/"},"modified":"2025-06-23T18:37:01","modified_gmt":"2025-06-23T18:37:01","slug":"huile-de-santal-pure-huile-de-parfum-pure-500ml","status":"publish","type":"product","link":"https:\/\/aromasentia.com\/fr\/huile-de-santal-pure-huile-de-parfum-pure-500ml\/","title":{"rendered":"Huile de santal Pure  &#8211; Huile de Parfum Pure 500ml"},"content":{"rendered":"<\/p>\n<p><strong>Ancient Wisdom&nbsp;<\/strong>Les huiles de parfum ne sont pas les moins ch\u00e8res &#8211; mais nous pensons qu&rsquo;elles sont les meilleures en termes de rapport qualit\u00e9\/prix. Elles sont id\u00e9ales pour parfumer les c\u00f4nes d&rsquo;encens bruts.<\/p>\n<p><strong><span style=\"color : rgb(184, 49, 47) ;\">huile de parfum 100 % pure<\/span><\/strong>, toutes nos huiles sont soigneusement s\u00e9lectionn\u00e9es, achet\u00e9es le plus souvent aupr\u00e8s de sources primaires, test\u00e9es pour leur puret\u00e9 et soumises \u00e0 des normes rigoureuses de contr\u00f4le de la qualit\u00e9. Emball\u00e9es \u00e0 la commande &#038;amp ; cod\u00e9es par lot et \u00e9tiquet\u00e9es pour indiquer une date de p\u00e9remption.<\/p>\n<p>Chaque huile de parfum est emball\u00e9e dans un flacon en aluminium avec un couvercle s\u00e9curis\u00e9.<\/p>\n<p><em>Le bois de santal a un parfum tr\u00e8s distinctif qui est chaud, bois\u00e9, velout\u00e9 et balsamique pour donner une touche accueillante \u00e0 la journ\u00e9e. <\/em><\/p>\n<p><strong>Quand seule la meilleure qualit\u00e9 fait l&rsquo;affaire.<\/strong><\/p>\n<p><strong>Les huiles de parfum sont emball\u00e9es dans un flacon en aluminium avec un couvercle s\u00e9curis\u00e9.<\/p>\n","protected":false},"excerpt":{"rendered":"<p>Ancient Wisdom&nbsp;Les huiles de parfum ne sont pas les moins ch\u00e8res &#8211; mais nous pensons qu&rsquo;elles sont les meilleures en termes de rapport qualit\u00e9\/prix. Elles sont id\u00e9ales pour parfumer les c\u00f4nes d&rsquo;encens bruts. huile de parfum 100 % pure, toutes nos huiles sont soigneusement s\u00e9lectionn\u00e9es, achet\u00e9es le plus souvent aupr\u00e8s de sources primaires, test\u00e9es pour [&hellip;]<\/p>\n","protected":false},"featured_media":387810,"comment_status":"closed","ping_status":"open","template":"","meta":{"_angie_page":false},"product_brand":[],"product_cat":[16450,26389,26895,16468,25842],"product_tag":[],"class_list":{"0":"post-225884","1":"product","2":"type-product","3":"status-publish","4":"has-post-thumbnail","6":"product_cat-aromatherapie-et-parfums-d-ambiance","7":"product_cat-bois-de-santal","8":"product_cat-boise","9":"product_cat-huiles-parfumees","10":"product_cat-senteurs-aromes","11":"pa_collection-pure-fragrance-oils-500ml-fr","12":"pa_made-in-royaume-uni","13":"pa_size-500ml","15":"first","16":"instock","17":"purchasable","18":"product-type-simple"},"supplier_id":null,"supplier_sku":"FOBp-104","barcode":null,"atum_controlled":true,"out_stock_date":null,"out_stock_threshold":null,"inheritable":false,"inbound_stock":null,"stock_on_hold":0,"sold_today":0,"sales_last_days":0,"reserved_stock":null,"customer_returns":null,"warehouse_damage":null,"lost_in_post":null,"other_logs":null,"out_stock_days":9,"lost_sales":0,"has_location":null,"update_date":"2026-04-27T07:03:44","atum_locations":[],"atum_stock_status":"instock","restock_status":false,"low_stock_amount":"","sales_update_date":"2026-02-06T00:02:46","calc_backorders":null,"_links":{"self":[{"href":"https:\/\/aromasentia.com\/fr\/wp-json\/wp\/v2\/product\/225884","targetHints":{"allow":["GET"]}}],"collection":[{"href":"https:\/\/aromasentia.com\/fr\/wp-json\/wp\/v2\/product"}],"about":[{"href":"https:\/\/aromasentia.com\/fr\/wp-json\/wp\/v2\/types\/product"}],"replies":[{"embeddable":true,"href":"https:\/\/aromasentia.com\/fr\/wp-json\/wp\/v2\/comments?post=225884"}],"version-history":[{"count":0,"href":"https:\/\/aromasentia.com\/fr\/wp-json\/wp\/v2\/product\/225884\/revisions"}],"wp:featuredmedia":[{"embeddable":true,"href":"https:\/\/aromasentia.com\/fr\/wp-json\/wp\/v2\/media\/387810"}],"wp:attachment":[{"href":"https:\/\/aromasentia.com\/fr\/wp-json\/wp\/v2\/media?parent=225884"}],"wp:term":[{"taxonomy":"product_brand","embeddable":true,"href":"https:\/\/aromasentia.com\/fr\/wp-json\/wp\/v2\/product_brand?post=225884"},{"taxonomy":"product_cat","embeddable":true,"href":"https:\/\/aromasentia.com\/fr\/wp-json\/wp\/v2\/product_cat?post=225884"},{"taxonomy":"product_tag","embeddable":true,"href":"https:\/\/aromasentia.com\/fr\/wp-json\/wp\/v2\/product_tag?post=225884"}],"curies":[{"name":"wp","href":"https:\/\/api.w.org\/{rel}","templated":true}]}}