{"id":225820,"date":"2025-03-22T16:58:52","date_gmt":"2025-03-22T16:58:52","guid":{"rendered":"https:\/\/aromasentia.com\/product\/banjara-indian-fragrance-oil-10ml-sandalwood\/"},"modified":"2025-12-30T19:11:09","modified_gmt":"2025-12-30T19:11:09","slug":"santal-huile-parfumee-indienne-banjara-10ml","status":"publish","type":"product","link":"https:\/\/aromasentia.com\/fr\/santal-huile-parfumee-indienne-banjara-10ml\/","title":{"rendered":"Santal &#8211; Huile Parfum\u00e9e Indienne Banjara 10ml"},"content":{"rendered":"<p>D\u00e9couvrez <strong>l&rsquo;Huile Parfum\u00e9e Indienne Banjara &#8211; Santal,<\/strong> une fragrance bois\u00e9e et chaleureuse en flacon de 10 ml.&nbsp;<\/p>\n<p>Le Santal, connu pour ses notes douces, cr\u00e9meuses et sensuelles, est un parfum sacr\u00e9 et apaisant, tr\u00e8s utilis\u00e9 dans les traditions spirituelles et m\u00e9ditatives. Cette huile est con&ccedil;ue pour une utilisation avec des br\u00fbleurs \u00e0 huile, cr\u00e9ant une ambiance relaxante et \u00e9quilibr\u00e9e dans vos espaces de vie. Id\u00e9al pour la d\u00e9tente et la m\u00e9ditation, le Santal apaise l\u2019esprit et invite \u00e0 la tranquillit\u00e9.&nbsp;<\/p>\n<p><strong>Points forts :&nbsp;<\/strong><\/p>\n<p>&#8211; Parfum doux et bois\u00e9 de Santal, appr\u00e9ci\u00e9 pour ses vertus relaxantes et harmonisantes.<\/p>\n<p>&#8211; Sp\u00e9cialement con&ccedil;ue pour une utilisation dans des br\u00fbleurs \u00e0 huile ou des diffuseurs.&nbsp;<\/p>\n<p>&#8211; Cr\u00e9e une ambiance calme et apaisante, parfaite pour la m\u00e9ditation ou la d\u00e9tente.&nbsp;<\/p>\n<p>&#8211; Flacon pratique de 10 ml, id\u00e9al pour une diffusion longue dur\u00e9e.&nbsp;<\/p>\n<p>&#8211; Inspir\u00e9e des traditions indiennes.<\/p>\n<p>Offrez \u00e0 vos clients une exp\u00e9rience sensorielle unique avec l&rsquo;Huile Parfum\u00e9e Indienne Banjara &#8211; Santal !&nbsp;<\/p>\n<p><strong>Commandez d\u00e8s maintenant vos 6 flacons et proposez un parfum intemporel et apaisant, parfait pour enrichir tout espace de bien-\u00eatre.<\/strong> <\/p>\n","protected":false},"excerpt":{"rendered":"<p>D\u00e9couvrez l&rsquo;Huile Parfum\u00e9e Indienne Banjara &#8211; Santal, une fragrance bois\u00e9e et chaleureuse en flacon de 10 ml.&nbsp; Le Santal, connu pour ses notes douces, cr\u00e9meuses et sensuelles, est un parfum sacr\u00e9 et apaisant, tr\u00e8s utilis\u00e9 dans les traditions spirituelles et m\u00e9ditatives. Cette huile est con&ccedil;ue pour une utilisation avec des br\u00fbleurs \u00e0 huile, cr\u00e9ant une [&hellip;]<\/p>\n","protected":false},"featured_media":387562,"comment_status":"closed","ping_status":"open","template":"","meta":{"_angie_page":false},"product_brand":[27105],"product_cat":[16450,26389,26895,16468,25842],"product_tag":[],"class_list":{"0":"post-225820","1":"product","2":"type-product","3":"status-publish","4":"has-post-thumbnail","6":"product_brand-banjara","7":"product_cat-aromatherapie-et-parfums-d-ambiance","8":"product_cat-bois-de-santal","9":"product_cat-boise","10":"product_cat-huiles-parfumees","11":"product_cat-senteurs-aromes","12":"pa_collection-banjara-indian-fragrance-oils-fr","13":"pa_made-in-inde","14":"pa_size-10ml","16":"first","17":"instock","18":"purchasable","19":"product-type-simple"},"supplier_id":null,"supplier_sku":"BanjFO-10","barcode":null,"atum_controlled":true,"out_stock_date":null,"out_stock_threshold":null,"inheritable":false,"inbound_stock":null,"stock_on_hold":0,"sold_today":0,"sales_last_days":0,"reserved_stock":null,"customer_returns":null,"warehouse_damage":null,"lost_in_post":null,"other_logs":null,"out_stock_days":0,"lost_sales":0,"has_location":null,"update_date":"2026-05-04T00:02:50","atum_locations":[],"atum_stock_status":"instock","restock_status":false,"low_stock_amount":"","sales_update_date":"2025-10-09T03:25:24","calc_backorders":null,"_links":{"self":[{"href":"https:\/\/aromasentia.com\/fr\/wp-json\/wp\/v2\/product\/225820","targetHints":{"allow":["GET"]}}],"collection":[{"href":"https:\/\/aromasentia.com\/fr\/wp-json\/wp\/v2\/product"}],"about":[{"href":"https:\/\/aromasentia.com\/fr\/wp-json\/wp\/v2\/types\/product"}],"replies":[{"embeddable":true,"href":"https:\/\/aromasentia.com\/fr\/wp-json\/wp\/v2\/comments?post=225820"}],"version-history":[{"count":0,"href":"https:\/\/aromasentia.com\/fr\/wp-json\/wp\/v2\/product\/225820\/revisions"}],"wp:featuredmedia":[{"embeddable":true,"href":"https:\/\/aromasentia.com\/fr\/wp-json\/wp\/v2\/media\/387562"}],"wp:attachment":[{"href":"https:\/\/aromasentia.com\/fr\/wp-json\/wp\/v2\/media?parent=225820"}],"wp:term":[{"taxonomy":"product_brand","embeddable":true,"href":"https:\/\/aromasentia.com\/fr\/wp-json\/wp\/v2\/product_brand?post=225820"},{"taxonomy":"product_cat","embeddable":true,"href":"https:\/\/aromasentia.com\/fr\/wp-json\/wp\/v2\/product_cat?post=225820"},{"taxonomy":"product_tag","embeddable":true,"href":"https:\/\/aromasentia.com\/fr\/wp-json\/wp\/v2\/product_tag?post=225820"}],"curies":[{"name":"wp","href":"https:\/\/api.w.org\/{rel}","templated":true}]}}