{"id":225816,"date":"2025-03-22T16:58:52","date_gmt":"2025-03-22T16:58:52","guid":{"rendered":"https:\/\/aromasentia.com\/product\/banjara-indian-fragrance-oil-10ml-pathchouli\/"},"modified":"2025-12-30T19:11:09","modified_gmt":"2025-12-30T19:11:09","slug":"pathchouli-huile-parfumee-indienne-banjara-10ml","status":"publish","type":"product","link":"https:\/\/aromasentia.com\/fr\/pathchouli-huile-parfumee-indienne-banjara-10ml\/","title":{"rendered":"Pathchouli &#8211; Huile Parfum\u00e9e Indienne Banjara 10ml"},"content":{"rendered":"<p>Plongez dans l\u2019univers envo\u00fbtant de <strong>l&rsquo;Huile Parfum\u00e9e Indienne Banjara<\/strong> &#8211; <strong>Patchouli&nbsp;<\/strong>en flacon de 10 ml.&nbsp;<\/p>\n<p>Le Patchouli, avec ses notes riches, terreuses et l\u00e9g\u00e8rement \u00e9pic\u00e9es, est une fragrance embl\u00e9matique, pris\u00e9e pour son caract\u00e8re profond et sensuel.&nbsp;<\/p>\n<p>Con&ccedil;ue pour une utilisation dans des br\u00fbleurs \u00e0 huile, cette huile parfum\u00e9e transforme votre espace en un sanctuaire de s\u00e9r\u00e9nit\u00e9 et de bien-\u00eatre. Tr\u00e8s appr\u00e9ci\u00e9 pour ses propri\u00e9t\u00e9s apaisantes et \u00e9quilibrantes, le patchouli est id\u00e9al pour la relaxation et la m\u00e9ditation.&nbsp;<\/p>\n<p><strong>Points forts :<\/strong><\/p>\n<p>&#8211; Parfum intense et terreux de Patchouli, r\u00e9put\u00e9 pour ses effets calmants et \u00e9quilibrants.&nbsp;<\/p>\n<p>&#8211; Parfait pour une utilisation dans des br\u00fbleurs \u00e0 huile.&nbsp;<\/p>\n<p>&#8211; Cr\u00e9e une ambiance chaleureuse et relaxante, id\u00e9ale pour la d\u00e9tente.<\/p>\n<p>&nbsp;&#8211; Flacon de 10 ml, pratique et facile \u00e0 utiliser pour une diffusion prolong\u00e9e.&nbsp;<\/p>\n<p>&#8211; Inspir\u00e9e des traditions indiennes,&nbsp;<\/p>\n<p>Ne manquez pas l\u2019opportunit\u00e9 d\u2019enrichir votre offre avec l&rsquo;Huile Parfum\u00e9e Indienne Banjara &#8211; Patchouli !&nbsp;<\/p>\n<p><strong>Commandez d\u00e8s maintenant vos 6 flacons et proposez \u00e0 vos clients une exp\u00e9rience olfactive unique, parfaite pour cr\u00e9er des moments de d\u00e9tente absolue.<\/strong><\/p>\n","protected":false},"excerpt":{"rendered":"<p>Plongez dans l\u2019univers envo\u00fbtant de l&rsquo;Huile Parfum\u00e9e Indienne Banjara &#8211; Patchouli&nbsp;en flacon de 10 ml.&nbsp; Le Patchouli, avec ses notes riches, terreuses et l\u00e9g\u00e8rement \u00e9pic\u00e9es, est une fragrance embl\u00e9matique, pris\u00e9e pour son caract\u00e8re profond et sensuel.&nbsp; Con&ccedil;ue pour une utilisation dans des br\u00fbleurs \u00e0 huile, cette huile parfum\u00e9e transforme votre espace en un sanctuaire de [&hellip;]<\/p>\n","protected":false},"featured_media":387545,"comment_status":"closed","ping_status":"open","template":"","meta":{"_angie_page":false},"product_brand":[27105],"product_cat":[16450,16468],"product_tag":[],"class_list":{"0":"post-225816","1":"product","2":"type-product","3":"status-publish","4":"has-post-thumbnail","6":"product_brand-banjara","7":"product_cat-aromatherapie-et-parfums-d-ambiance","8":"product_cat-huiles-parfumees","9":"pa_collection-banjara-indian-fragrance-oils-fr","10":"pa_made-in-inde","11":"pa_size-10ml","13":"first","14":"instock","15":"purchasable","16":"product-type-simple"},"supplier_id":null,"supplier_sku":"BanjFO-09","barcode":null,"atum_controlled":true,"out_stock_date":null,"out_stock_threshold":null,"inheritable":false,"inbound_stock":null,"stock_on_hold":0,"sold_today":0,"sales_last_days":0,"reserved_stock":null,"customer_returns":null,"warehouse_damage":null,"lost_in_post":null,"other_logs":null,"out_stock_days":0,"lost_sales":0,"has_location":null,"update_date":"2026-05-08T05:04:57","atum_locations":[],"atum_stock_status":"instock","restock_status":false,"low_stock_amount":"","sales_update_date":"2025-10-09T03:25:24","calc_backorders":null,"_links":{"self":[{"href":"https:\/\/aromasentia.com\/fr\/wp-json\/wp\/v2\/product\/225816","targetHints":{"allow":["GET"]}}],"collection":[{"href":"https:\/\/aromasentia.com\/fr\/wp-json\/wp\/v2\/product"}],"about":[{"href":"https:\/\/aromasentia.com\/fr\/wp-json\/wp\/v2\/types\/product"}],"replies":[{"embeddable":true,"href":"https:\/\/aromasentia.com\/fr\/wp-json\/wp\/v2\/comments?post=225816"}],"version-history":[{"count":0,"href":"https:\/\/aromasentia.com\/fr\/wp-json\/wp\/v2\/product\/225816\/revisions"}],"wp:featuredmedia":[{"embeddable":true,"href":"https:\/\/aromasentia.com\/fr\/wp-json\/wp\/v2\/media\/387545"}],"wp:attachment":[{"href":"https:\/\/aromasentia.com\/fr\/wp-json\/wp\/v2\/media?parent=225816"}],"wp:term":[{"taxonomy":"product_brand","embeddable":true,"href":"https:\/\/aromasentia.com\/fr\/wp-json\/wp\/v2\/product_brand?post=225816"},{"taxonomy":"product_cat","embeddable":true,"href":"https:\/\/aromasentia.com\/fr\/wp-json\/wp\/v2\/product_cat?post=225816"},{"taxonomy":"product_tag","embeddable":true,"href":"https:\/\/aromasentia.com\/fr\/wp-json\/wp\/v2\/product_tag?post=225816"}],"curies":[{"name":"wp","href":"https:\/\/api.w.org\/{rel}","templated":true}]}}