{"id":225812,"date":"2025-03-22T16:58:52","date_gmt":"2025-03-22T16:58:52","guid":{"rendered":"https:\/\/aromasentia.com\/product\/banjara-indian-fragrance-oil-10ml-palo-santo\/"},"modified":"2025-12-30T19:11:09","modified_gmt":"2025-12-30T19:11:09","slug":"palo-santo-huile-parfumee-indienne-banjara-10ml","status":"publish","type":"product","link":"https:\/\/aromasentia.com\/fr\/palo-santo-huile-parfumee-indienne-banjara-10ml\/","title":{"rendered":"Palo Santo &#8211; Huile Parfum\u00e9e Indienne Banjara 10ml"},"content":{"rendered":"<p>D\u00e9couvrez <strong>l&rsquo;Huile Parfum\u00e9e Indienne Banjara &#8211; Palo Santo,<\/strong> une essence sacr\u00e9e en flacon de 10 ml. Utilis\u00e9 depuis des si\u00e8cles pour ses propri\u00e9t\u00e9s purifiantes et apaisantes, le Palo Santo, aussi appel\u00e9 bois sacr\u00e9, diffuse un parfum bois\u00e9 et l\u00e9g\u00e8rement citronn\u00e9.&nbsp;<\/p>\n<p>Con&ccedil;ue sp\u00e9cialement pour \u00eatre utilis\u00e9e dans des br\u00fbleurs \u00e0 huile, cette huile cr\u00e9e une atmosph\u00e8re de calme et de purification dans votre int\u00e9rieur, id\u00e9ale pour la relaxation, la m\u00e9ditation, ou simplement pour parfumer vos espaces avec une touche exotique.&nbsp;<\/p>\n<p><strong>Points forts :&nbsp;<\/strong><\/p>\n<p>&#8211; Parfum bois\u00e9 et raffin\u00e9 de Palo Santo, connu pour ses vertus purifiantes et protectrices.&nbsp;<\/p>\n<p>&#8211; Cr\u00e9e une atmosph\u00e8re propice \u00e0 la relaxation et \u00e0 la m\u00e9ditation.&nbsp;<\/p>\n<p>&#8211; Flacon pratique de 10 ml, parfait pour une diffusion r\u00e9guli\u00e8re et prolong\u00e9e.&nbsp;<\/p>\n<p>&#8211; Inspir\u00e9e des traditions spirituelles et naturelles.<\/p>\n<p>Saisissez l&rsquo;opportunit\u00e9 d&rsquo;offrir \u00e0 vos clients l&rsquo;Huile Parfum\u00e9e Indienne Banjara &#8211; Palo Santo !<\/p>\n<p><strong>Commandez d\u00e8s maintenant vos 6 flacons et proposez \u00e0 vos clients un parfum mystique et purifiant pour enrichir leurs moments de d\u00e9tente.<\/strong><\/p>\n","protected":false},"excerpt":{"rendered":"<p>D\u00e9couvrez l&rsquo;Huile Parfum\u00e9e Indienne Banjara &#8211; Palo Santo, une essence sacr\u00e9e en flacon de 10 ml. Utilis\u00e9 depuis des si\u00e8cles pour ses propri\u00e9t\u00e9s purifiantes et apaisantes, le Palo Santo, aussi appel\u00e9 bois sacr\u00e9, diffuse un parfum bois\u00e9 et l\u00e9g\u00e8rement citronn\u00e9.&nbsp; Con&ccedil;ue sp\u00e9cialement pour \u00eatre utilis\u00e9e dans des br\u00fbleurs \u00e0 huile, cette huile cr\u00e9e une atmosph\u00e8re [&hellip;]<\/p>\n","protected":false},"featured_media":387528,"comment_status":"closed","ping_status":"open","template":"","meta":{"_angie_page":false},"product_brand":[27105],"product_cat":[16450,26895,16468,26322,25842],"product_tag":[],"class_list":{"0":"post-225812","1":"product","2":"type-product","3":"status-publish","4":"has-post-thumbnail","6":"product_brand-banjara","7":"product_cat-aromatherapie-et-parfums-d-ambiance","8":"product_cat-boise","9":"product_cat-huiles-parfumees","10":"product_cat-palo-santo-scents-aromas","11":"product_cat-senteurs-aromes","12":"pa_collection-banjara-indian-fragrance-oils-fr","13":"pa_made-in-inde","14":"pa_size-10ml","16":"first","17":"instock","18":"purchasable","19":"product-type-simple"},"supplier_id":null,"supplier_sku":"BanjFO-08","barcode":null,"atum_controlled":true,"out_stock_date":null,"out_stock_threshold":null,"inheritable":false,"inbound_stock":null,"stock_on_hold":0,"sold_today":0,"sales_last_days":0,"reserved_stock":null,"customer_returns":null,"warehouse_damage":null,"lost_in_post":null,"other_logs":null,"out_stock_days":0,"lost_sales":0,"has_location":null,"update_date":"2026-05-08T05:04:57","atum_locations":[],"atum_stock_status":"instock","restock_status":false,"low_stock_amount":"","sales_update_date":"2025-10-09T03:25:24","calc_backorders":null,"_links":{"self":[{"href":"https:\/\/aromasentia.com\/fr\/wp-json\/wp\/v2\/product\/225812","targetHints":{"allow":["GET"]}}],"collection":[{"href":"https:\/\/aromasentia.com\/fr\/wp-json\/wp\/v2\/product"}],"about":[{"href":"https:\/\/aromasentia.com\/fr\/wp-json\/wp\/v2\/types\/product"}],"replies":[{"embeddable":true,"href":"https:\/\/aromasentia.com\/fr\/wp-json\/wp\/v2\/comments?post=225812"}],"version-history":[{"count":0,"href":"https:\/\/aromasentia.com\/fr\/wp-json\/wp\/v2\/product\/225812\/revisions"}],"wp:featuredmedia":[{"embeddable":true,"href":"https:\/\/aromasentia.com\/fr\/wp-json\/wp\/v2\/media\/387528"}],"wp:attachment":[{"href":"https:\/\/aromasentia.com\/fr\/wp-json\/wp\/v2\/media?parent=225812"}],"wp:term":[{"taxonomy":"product_brand","embeddable":true,"href":"https:\/\/aromasentia.com\/fr\/wp-json\/wp\/v2\/product_brand?post=225812"},{"taxonomy":"product_cat","embeddable":true,"href":"https:\/\/aromasentia.com\/fr\/wp-json\/wp\/v2\/product_cat?post=225812"},{"taxonomy":"product_tag","embeddable":true,"href":"https:\/\/aromasentia.com\/fr\/wp-json\/wp\/v2\/product_tag?post=225812"}],"curies":[{"name":"wp","href":"https:\/\/api.w.org\/{rel}","templated":true}]}}