{"id":225808,"date":"2025-03-22T16:58:52","date_gmt":"2025-03-22T16:58:52","guid":{"rendered":"https:\/\/aromasentia.com\/product\/banjara-indian-fragrance-oil-10ml-nag-champa\/"},"modified":"2025-12-30T19:11:09","modified_gmt":"2025-12-30T19:11:09","slug":"nag-champa-huile-parfumee-indienne-banjara-10ml","status":"publish","type":"product","link":"https:\/\/aromasentia.com\/fr\/nag-champa-huile-parfumee-indienne-banjara-10ml\/","title":{"rendered":"Nag Champa &#8211; Huile Parfum\u00e9e Indienne Banjara 10ml"},"content":{"rendered":"<p>D\u00e9couvrez <strong>l&rsquo;<\/strong><strong>Huile Parfum\u00e9e Indienne Banjara &#8211; Nag Champa<\/strong>, une fragrance mystique et envo\u00fbtante en flacon de 10 ml. Connue pour ses notes profondes, bois\u00e9es et l\u00e9g\u00e8rement \u00e9pic\u00e9es, l&rsquo;essence de Nag Champa est id\u00e9ale pour cr\u00e9er une atmosph\u00e8re sereine et apaisante.&nbsp;<\/p>\n<p>Cette huile parfum\u00e9e est sp\u00e9cialement con&ccedil;ue pour \u00eatre utilis\u00e9e avec des br\u00fbleurs \u00e0 huile, diffusant ainsi un parfum qui invite \u00e0 la m\u00e9ditation et au bien-\u00eatre spirituel.<\/p>\n<p><strong>Points forts :<\/strong><\/p>\n<ul>\n<li>Parfum authentique et envo\u00fbtant de Nag Champa, reconnu pour ses propri\u00e9t\u00e9s relaxantes.<\/li>\n<li>Id\u00e9ale pour une utilisation avec des br\u00fbleurs \u00e0 huile.<\/li>\n<li>Cr\u00e9e une ambiance sereine propice \u00e0 la d\u00e9tente, \u00e0 la m\u00e9ditation ou \u00e0 la relaxation.<\/li>\n<li>Flacon pratique de 10 ml, parfait pour une diffusion r\u00e9guli\u00e8re et prolong\u00e9e.<\/li>\n<li>Inspir\u00e9e des traditions indiennes&nbsp;<\/li>\n<\/ul>\n<p>_x000D_<br \/>\nEnrichissez votre collection avec l&rsquo;Huile Parfum\u00e9e Indienne Banjara &#8211; Nag Champa !&nbsp;<\/p>\n<p><strong>Commandez d\u00e8s maintenant vos 6 flacons et offrez \u00e0 vos clients l&rsquo;opportunit\u00e9 de cr\u00e9er chez eux une atmosph\u00e8re paisible et spirituelle.&nbsp;<\/strong><\/p>\n","protected":false},"excerpt":{"rendered":"<p>D\u00e9couvrez l&rsquo;Huile Parfum\u00e9e Indienne Banjara &#8211; Nag Champa, une fragrance mystique et envo\u00fbtante en flacon de 10 ml. Connue pour ses notes profondes, bois\u00e9es et l\u00e9g\u00e8rement \u00e9pic\u00e9es, l&rsquo;essence de Nag Champa est id\u00e9ale pour cr\u00e9er une atmosph\u00e8re sereine et apaisante.&nbsp; Cette huile parfum\u00e9e est sp\u00e9cialement con&ccedil;ue pour \u00eatre utilis\u00e9e avec des br\u00fbleurs \u00e0 huile, diffusant [&hellip;]<\/p>\n","protected":false},"featured_media":387511,"comment_status":"closed","ping_status":"open","template":"","meta":{"_angie_page":false},"product_brand":[27105],"product_cat":[16450,16468],"product_tag":[],"class_list":{"0":"post-225808","1":"product","2":"type-product","3":"status-publish","4":"has-post-thumbnail","6":"product_brand-banjara","7":"product_cat-aromatherapie-et-parfums-d-ambiance","8":"product_cat-huiles-parfumees","9":"pa_collection-banjara-indian-fragrance-oils-fr","10":"pa_made-in-inde","11":"pa_size-10ml","13":"first","14":"instock","15":"purchasable","16":"product-type-simple"},"supplier_id":null,"supplier_sku":"BanjFO-07","barcode":null,"atum_controlled":true,"out_stock_date":null,"out_stock_threshold":null,"inheritable":false,"inbound_stock":null,"stock_on_hold":0,"sold_today":0,"sales_last_days":0,"reserved_stock":null,"customer_returns":null,"warehouse_damage":null,"lost_in_post":null,"other_logs":null,"out_stock_days":0,"lost_sales":0,"has_location":null,"update_date":"2026-05-08T05:04:57","atum_locations":[],"atum_stock_status":"instock","restock_status":false,"low_stock_amount":"","sales_update_date":"2025-10-09T03:25:24","calc_backorders":null,"_links":{"self":[{"href":"https:\/\/aromasentia.com\/fr\/wp-json\/wp\/v2\/product\/225808","targetHints":{"allow":["GET"]}}],"collection":[{"href":"https:\/\/aromasentia.com\/fr\/wp-json\/wp\/v2\/product"}],"about":[{"href":"https:\/\/aromasentia.com\/fr\/wp-json\/wp\/v2\/types\/product"}],"replies":[{"embeddable":true,"href":"https:\/\/aromasentia.com\/fr\/wp-json\/wp\/v2\/comments?post=225808"}],"version-history":[{"count":0,"href":"https:\/\/aromasentia.com\/fr\/wp-json\/wp\/v2\/product\/225808\/revisions"}],"wp:featuredmedia":[{"embeddable":true,"href":"https:\/\/aromasentia.com\/fr\/wp-json\/wp\/v2\/media\/387511"}],"wp:attachment":[{"href":"https:\/\/aromasentia.com\/fr\/wp-json\/wp\/v2\/media?parent=225808"}],"wp:term":[{"taxonomy":"product_brand","embeddable":true,"href":"https:\/\/aromasentia.com\/fr\/wp-json\/wp\/v2\/product_brand?post=225808"},{"taxonomy":"product_cat","embeddable":true,"href":"https:\/\/aromasentia.com\/fr\/wp-json\/wp\/v2\/product_cat?post=225808"},{"taxonomy":"product_tag","embeddable":true,"href":"https:\/\/aromasentia.com\/fr\/wp-json\/wp\/v2\/product_tag?post=225808"}],"curies":[{"name":"wp","href":"https:\/\/api.w.org\/{rel}","templated":true}]}}