{"id":225796,"date":"2025-03-22T16:58:52","date_gmt":"2025-03-22T16:58:52","guid":{"rendered":"https:\/\/aromasentia.com\/product\/banjara-indian-fragrance-oil-10ml-dragons-blood\/"},"modified":"2025-12-30T19:11:09","modified_gmt":"2025-12-30T19:11:09","slug":"sang-de-dragon-huile-parfumee-indienne-banjara-10ml","status":"publish","type":"product","link":"https:\/\/aromasentia.com\/fr\/sang-de-dragon-huile-parfumee-indienne-banjara-10ml\/","title":{"rendered":"Sang de Dragon &#8211; Huile Parfum\u00e9e Indienne Banjara 10ml"},"content":{"rendered":"<p><strong>L&rsquo;huile parfum\u00e9e indienne Banjara au Sang de Dragon&nbsp;<\/strong>est une essence puissante et exotique, extraite de la r\u00e9sine sacr\u00e9e de l\u2019arbre Dracaena. Ce parfum riche et myst\u00e9rieux est connu pour ses vertus protectrices et purifiantes, id\u00e9al pour les rituels spirituels ou simplement pour cr\u00e9er une atmosph\u00e8re apaisante et enveloppante.&nbsp;<\/p>\n<p>Chaque flacon de<strong>&nbsp;10 ml&nbsp;<\/strong>contient un concentr\u00e9 d\u2019ar\u00f4mes profonds aux notes r\u00e9sineuses, l\u00e9g\u00e8rement \u00e9pic\u00e9es, \u00e9voquant la force et la sagesse des traditions anciennes.&nbsp;<\/p>\n<p><strong>Le Sang de Dragon<\/strong> est utilis\u00e9 depuis des si\u00e8cles dans diverses cultures pour ses propri\u00e9t\u00e9s protectrices contre les \u00e9nergies n\u00e9gatives et pour favoriser la gu\u00e9rison et la purification. Il est \u00e9galement appr\u00e9ci\u00e9 pour ses effets calmants, en faisant un excellent alli\u00e9 pour la m\u00e9ditation ou pour instaurer un climat serein dans un espace de vie.&nbsp;<\/p>\n<p><strong>Vendu par lot de 6,&nbsp;<\/strong>cette huile parfum\u00e9e est parfaite pour les boutiques \u00e9sot\u00e9riques, de bien-\u00eatre ou d&rsquo;aromath\u00e9rapie, mais aussi pour les amateurs de parfums rares et mystiques.&nbsp;<\/p>\n<p>Gr\u00e2ce \u00e0 son parfum envo\u00fbtant et durable, elle transforme n&rsquo;importe quel espace en sanctuaire de paix et de protection. Offrez \u00e0 vos clients une fragrance intense et sacr\u00e9e, id\u00e9ale pour leurs rituels ou pour simplement ajouter une touche de magie \u00e0 leur quotidien.&nbsp;<\/p>\n<p><strong>Ajoutez-la d\u00e8s maintenant \u00e0 votre catalogue et proposez une essence spirituelle et protectrice unique !<\/strong><\/p>\n","protected":false},"excerpt":{"rendered":"<p>L&rsquo;huile parfum\u00e9e indienne Banjara au Sang de Dragon&nbsp;est une essence puissante et exotique, extraite de la r\u00e9sine sacr\u00e9e de l\u2019arbre Dracaena. Ce parfum riche et myst\u00e9rieux est connu pour ses vertus protectrices et purifiantes, id\u00e9al pour les rituels spirituels ou simplement pour cr\u00e9er une atmosph\u00e8re apaisante et enveloppante.&nbsp; Chaque flacon de&nbsp;10 ml&nbsp;contient un concentr\u00e9 d\u2019ar\u00f4mes [&hellip;]<\/p>\n","protected":false},"featured_media":387460,"comment_status":"closed","ping_status":"open","template":"","meta":{"_angie_page":false},"product_brand":[27105],"product_cat":[16450,16468],"product_tag":[],"class_list":{"0":"post-225796","1":"product","2":"type-product","3":"status-publish","4":"has-post-thumbnail","6":"product_brand-banjara","7":"product_cat-aromatherapie-et-parfums-d-ambiance","8":"product_cat-huiles-parfumees","9":"pa_collection-banjara-indian-fragrance-oils-fr","10":"pa_made-in-inde","11":"pa_size-10ml","13":"first","14":"instock","15":"purchasable","16":"product-type-simple"},"supplier_id":null,"supplier_sku":"BanjFO-04","barcode":null,"atum_controlled":true,"out_stock_date":null,"out_stock_threshold":null,"inheritable":false,"inbound_stock":null,"stock_on_hold":0,"sold_today":0,"sales_last_days":0,"reserved_stock":null,"customer_returns":null,"warehouse_damage":null,"lost_in_post":null,"other_logs":null,"out_stock_days":0,"lost_sales":0,"has_location":null,"update_date":"2026-05-08T05:04:57","atum_locations":[],"atum_stock_status":"instock","restock_status":false,"low_stock_amount":"","sales_update_date":"2025-10-09T03:25:23","calc_backorders":null,"_links":{"self":[{"href":"https:\/\/aromasentia.com\/fr\/wp-json\/wp\/v2\/product\/225796","targetHints":{"allow":["GET"]}}],"collection":[{"href":"https:\/\/aromasentia.com\/fr\/wp-json\/wp\/v2\/product"}],"about":[{"href":"https:\/\/aromasentia.com\/fr\/wp-json\/wp\/v2\/types\/product"}],"replies":[{"embeddable":true,"href":"https:\/\/aromasentia.com\/fr\/wp-json\/wp\/v2\/comments?post=225796"}],"version-history":[{"count":0,"href":"https:\/\/aromasentia.com\/fr\/wp-json\/wp\/v2\/product\/225796\/revisions"}],"wp:featuredmedia":[{"embeddable":true,"href":"https:\/\/aromasentia.com\/fr\/wp-json\/wp\/v2\/media\/387460"}],"wp:attachment":[{"href":"https:\/\/aromasentia.com\/fr\/wp-json\/wp\/v2\/media?parent=225796"}],"wp:term":[{"taxonomy":"product_brand","embeddable":true,"href":"https:\/\/aromasentia.com\/fr\/wp-json\/wp\/v2\/product_brand?post=225796"},{"taxonomy":"product_cat","embeddable":true,"href":"https:\/\/aromasentia.com\/fr\/wp-json\/wp\/v2\/product_cat?post=225796"},{"taxonomy":"product_tag","embeddable":true,"href":"https:\/\/aromasentia.com\/fr\/wp-json\/wp\/v2\/product_tag?post=225796"}],"curies":[{"name":"wp","href":"https:\/\/api.w.org\/{rel}","templated":true}]}}