{"id":225756,"date":"2025-03-22T16:58:52","date_gmt":"2025-03-22T16:58:52","guid":{"rendered":"https:\/\/aromasentia.com\/product\/100ml-room-spray-cinnamon-orange\/"},"modified":"2025-06-23T18:36:41","modified_gmt":"2025-06-23T18:36:41","slug":"cannelle-orange-parfums-dambiance-spray-100ml","status":"publish","type":"product","link":"https:\/\/aromasentia.com\/fr\/cannelle-orange-parfums-dambiance-spray-100ml\/","title":{"rendered":"Cannelle &#038; Orange  &#8211; Parfums d\u2019Ambiance Spray 100ml"},"content":{"rendered":"<p>Parfumez votre maison avec cette gamme de parfums soigneusement m\u00e9lang\u00e9s et sp\u00e9cialement con&ccedil;us pour faire de votre maison un lieu frais et parfum\u00e9.&nbsp;<\/p>\n<p><strong><span style=\"color: rgb(75, 80, 88);\">Les vaporisateurs d&rsquo;ambiance en gros Ancient Wisdom \u00ab\u00a0Cinnamon &amp; Orange<\/span><\/strong><strong><span style=\"color: rgb(75, 80, 88);\">\u00ab\u00a0<\/span><\/strong> sont emball\u00e9s dans 6 bouteilles en aluminium de 100 ml et sont savamment m\u00e9lang\u00e9s pour donner aux pi\u00e8ces un ar\u00f4me d\u00e9licieux.&nbsp;<\/p>\n<p>Nous avons une excellente gamme de parfums qu&rsquo;apr\u00e8s les avoir sentis, vos clients ne quitteront pas votre boutique sans en acheter un ou deux.&nbsp;<\/p>\n<p>Ces essentiels pour la maison pourraient \u00eatre un excellent produit autonome ou pourraient \u00eatre un ajout en vente pour nos granules de mijotage ou m\u00eame nos huiles parfum\u00e9es.&nbsp;<\/p>\n<p><strong><span style=\"color: rgb(141, 186, 216);\">Commandez d\u00e8s aujourd&rsquo;hui pour faire de vos clients un v\u00e9ritable paradis aromatique !<\/span><\/strong><\/p>\n","protected":false},"excerpt":{"rendered":"<p>Parfumez votre maison avec cette gamme de parfums soigneusement m\u00e9lang\u00e9s et sp\u00e9cialement con&ccedil;us pour faire de votre maison un lieu frais et parfum\u00e9.&nbsp; Les vaporisateurs d&rsquo;ambiance en gros Ancient Wisdom \u00ab\u00a0Cinnamon &amp; Orange\u00ab\u00a0 sont emball\u00e9s dans 6 bouteilles en aluminium de 100 ml et sont savamment m\u00e9lang\u00e9s pour donner aux pi\u00e8ces un ar\u00f4me d\u00e9licieux.&nbsp; Nous [&hellip;]<\/p>\n","protected":false},"featured_media":387114,"comment_status":"closed","ping_status":"open","template":"","meta":{"_angie_page":false},"product_brand":[],"product_cat":[16450,26135,26888,26818,26307,16632,25842],"product_tag":[],"class_list":{"0":"post-225756","1":"product","2":"type-product","3":"status-publish","4":"has-post-thumbnail","6":"product_cat-aromatherapie-et-parfums-d-ambiance","7":"product_cat-cannelle","8":"product_cat-epice","9":"product_cat-hesperide-agrumes","10":"product_cat-orange","11":"product_cat-parfums-et-sprays-d-ambiance","12":"product_cat-senteurs-aromes","13":"pa_collection-premium-room-sprays-100ml-fr","14":"pa_made-in-royaume-uni","15":"pa_size-100ml","17":"first","18":"instock","19":"purchasable","20":"product-type-simple"},"supplier_id":null,"supplier_sku":"AWRS-13","barcode":null,"atum_controlled":true,"out_stock_date":null,"out_stock_threshold":null,"inheritable":false,"inbound_stock":null,"stock_on_hold":0,"sold_today":0,"sales_last_days":0,"reserved_stock":null,"customer_returns":null,"warehouse_damage":null,"lost_in_post":null,"other_logs":null,"out_stock_days":0,"lost_sales":0,"has_location":null,"update_date":"2026-04-27T06:52:53","atum_locations":[],"atum_stock_status":"instock","restock_status":false,"low_stock_amount":"","sales_update_date":"2026-01-30T01:24:32","calc_backorders":null,"_links":{"self":[{"href":"https:\/\/aromasentia.com\/fr\/wp-json\/wp\/v2\/product\/225756","targetHints":{"allow":["GET"]}}],"collection":[{"href":"https:\/\/aromasentia.com\/fr\/wp-json\/wp\/v2\/product"}],"about":[{"href":"https:\/\/aromasentia.com\/fr\/wp-json\/wp\/v2\/types\/product"}],"replies":[{"embeddable":true,"href":"https:\/\/aromasentia.com\/fr\/wp-json\/wp\/v2\/comments?post=225756"}],"version-history":[{"count":0,"href":"https:\/\/aromasentia.com\/fr\/wp-json\/wp\/v2\/product\/225756\/revisions"}],"wp:featuredmedia":[{"embeddable":true,"href":"https:\/\/aromasentia.com\/fr\/wp-json\/wp\/v2\/media\/387114"}],"wp:attachment":[{"href":"https:\/\/aromasentia.com\/fr\/wp-json\/wp\/v2\/media?parent=225756"}],"wp:term":[{"taxonomy":"product_brand","embeddable":true,"href":"https:\/\/aromasentia.com\/fr\/wp-json\/wp\/v2\/product_brand?post=225756"},{"taxonomy":"product_cat","embeddable":true,"href":"https:\/\/aromasentia.com\/fr\/wp-json\/wp\/v2\/product_cat?post=225756"},{"taxonomy":"product_tag","embeddable":true,"href":"https:\/\/aromasentia.com\/fr\/wp-json\/wp\/v2\/product_tag?post=225756"}],"curies":[{"name":"wp","href":"https:\/\/api.w.org\/{rel}","templated":true}]}}