{"id":225588,"date":"2025-03-22T16:59:02","date_gmt":"2025-03-22T16:59:02","guid":{"rendered":"https:\/\/aromasentia.com\/product\/ginger-lime-pure-fragrance-oil-500ml\/"},"modified":"2025-06-23T18:36:16","modified_gmt":"2025-06-23T18:36:16","slug":"gingembre-citron-vert-huile-de-parfum-pure-500ml","status":"publish","type":"product","link":"https:\/\/aromasentia.com\/fr\/gingembre-citron-vert-huile-de-parfum-pure-500ml\/","title":{"rendered":"Gingembre &#038; Citron Vert &#8211; Huile de Parfum Pure 500ml"},"content":{"rendered":"<p>Revigorez vos sens avec l&rsquo;ar\u00f4me zest\u00e9 et \u00e9pic\u00e9 du gingembre et du citron vert gr\u00e2ce \u00e0 cette g\u00e9n\u00e9reuse huile de parfum pure de 500 ml. Parfaite pour une utilisation dans les br\u00fbleurs \u00e0 huile, les diffuseurs ou pour cr\u00e9er vos propres produits parfum\u00e9s, cette huile offre une atmosph\u00e8re durable, stimulante et \u00e9nergisante.<\/p>\n","protected":false},"excerpt":{"rendered":"<p>Revigorez vos sens avec l&rsquo;ar\u00f4me zest\u00e9 et \u00e9pic\u00e9 du gingembre et du citron vert gr\u00e2ce \u00e0 cette g\u00e9n\u00e9reuse huile de parfum pure de 500 ml. Parfaite pour une utilisation dans les br\u00fbleurs \u00e0 huile, les diffuseurs ou pour cr\u00e9er vos propres produits parfum\u00e9s, cette huile offre une atmosph\u00e8re durable, stimulante et \u00e9nergisante.<\/p>\n","protected":false},"featured_media":388677,"comment_status":"closed","ping_status":"open","template":"","meta":{"_angie_page":false},"product_brand":[],"product_cat":[16450,26259,26888,26191,26818,16468,25842],"product_tag":[],"class_list":{"0":"post-225588","1":"product","2":"type-product","3":"status-publish","4":"has-post-thumbnail","6":"product_cat-aromatherapie-et-parfums-d-ambiance","7":"product_cat-citron-vert","8":"product_cat-epice","9":"product_cat-gingembre-senteurs-aromes","10":"product_cat-hesperide-agrumes","11":"product_cat-huiles-parfumees","12":"product_cat-senteurs-aromes","13":"pa_collection-pure-fragrance-oils-500ml-fr","14":"pa_made-in-royaume-uni","15":"pa_size-500ml","17":"first","18":"instock","19":"purchasable","20":"product-type-simple"},"supplier_id":null,"supplier_sku":"FOBP-160","barcode":null,"atum_controlled":true,"out_stock_date":null,"out_stock_threshold":null,"inheritable":false,"inbound_stock":null,"stock_on_hold":0,"sold_today":0,"sales_last_days":0,"reserved_stock":null,"customer_returns":null,"warehouse_damage":null,"lost_in_post":null,"other_logs":null,"out_stock_days":0,"lost_sales":0,"has_location":null,"update_date":"2026-04-27T07:03:59","atum_locations":[],"atum_stock_status":"instock","restock_status":false,"low_stock_amount":"","sales_update_date":"2026-01-20T05:13:40","calc_backorders":null,"_links":{"self":[{"href":"https:\/\/aromasentia.com\/fr\/wp-json\/wp\/v2\/product\/225588","targetHints":{"allow":["GET"]}}],"collection":[{"href":"https:\/\/aromasentia.com\/fr\/wp-json\/wp\/v2\/product"}],"about":[{"href":"https:\/\/aromasentia.com\/fr\/wp-json\/wp\/v2\/types\/product"}],"replies":[{"embeddable":true,"href":"https:\/\/aromasentia.com\/fr\/wp-json\/wp\/v2\/comments?post=225588"}],"version-history":[{"count":0,"href":"https:\/\/aromasentia.com\/fr\/wp-json\/wp\/v2\/product\/225588\/revisions"}],"wp:featuredmedia":[{"embeddable":true,"href":"https:\/\/aromasentia.com\/fr\/wp-json\/wp\/v2\/media\/388677"}],"wp:attachment":[{"href":"https:\/\/aromasentia.com\/fr\/wp-json\/wp\/v2\/media?parent=225588"}],"wp:term":[{"taxonomy":"product_brand","embeddable":true,"href":"https:\/\/aromasentia.com\/fr\/wp-json\/wp\/v2\/product_brand?post=225588"},{"taxonomy":"product_cat","embeddable":true,"href":"https:\/\/aromasentia.com\/fr\/wp-json\/wp\/v2\/product_cat?post=225588"},{"taxonomy":"product_tag","embeddable":true,"href":"https:\/\/aromasentia.com\/fr\/wp-json\/wp\/v2\/product_tag?post=225588"}],"curies":[{"name":"wp","href":"https:\/\/api.w.org\/{rel}","templated":true}]}}