{"id":225536,"date":"2025-03-22T16:59:02","date_gmt":"2025-03-22T16:59:02","guid":{"rendered":"https:\/\/aromasentia.com\/product\/lemon-meringue-pie-pure-fragrance-oil-500ml\/"},"modified":"2025-12-30T19:10:54","modified_gmt":"2025-12-30T19:10:54","slug":"tarte-au-citron-meringuee-huile-de-parfum-pure-500ml","status":"publish","type":"product","link":"https:\/\/aromasentia.com\/fr\/tarte-au-citron-meringuee-huile-de-parfum-pure-500ml\/","title":{"rendered":"Tarte au Citron Meringu\u00e9e &#8211; Huile de Parfum Pure 500ml"},"content":{"rendered":"<p><strong>Notes de t\u00eate :<\/strong> Citron doux&nbsp;<\/p>\n<p><strong>Notes de c\u0153ur : <\/strong>Meringue sucr\u00e9e&nbsp;<\/p>\n<p><strong>Notes de fond :<\/strong> Vanille&nbsp;<\/p>\n<p>Nos huiles de parfum pures sont parfaites pour rehausser un large \u00e9ventail d&rsquo;articles artisanaux.&nbsp;<\/p>\n<p>Voici quelques <strong>exemples d&rsquo;utilisation<\/strong> de ces huiles polyvalentes : <strong>Bougies, savons, bombes de bain, diffuseurs \u00e0 roseau, cosm\u00e9tiques, d\u00e9sodorisants, pot-pourri, etc&#8230;<\/strong><\/p>\n","protected":false},"excerpt":{"rendered":"<p>Notes de t\u00eate : Citron doux&nbsp; Notes de c\u0153ur : Meringue sucr\u00e9e&nbsp; Notes de fond : Vanille&nbsp; Nos huiles de parfum pures sont parfaites pour rehausser un large \u00e9ventail d&rsquo;articles artisanaux.&nbsp; Voici quelques exemples d&rsquo;utilisation de ces huiles polyvalentes : Bougies, savons, bombes de bain, diffuseurs \u00e0 roseau, cosm\u00e9tiques, d\u00e9sodorisants, pot-pourri, etc&#8230;<\/p>\n","protected":false},"featured_media":388560,"comment_status":"closed","ping_status":"open","template":"","meta":[],"product_brand":[],"product_cat":[16450,26237,26818,16468,25842],"product_tag":[],"class_list":{"0":"post-225536","1":"product","2":"type-product","3":"status-publish","4":"has-post-thumbnail","6":"product_cat-aromatherapie-et-parfums-d-ambiance","7":"product_cat-citron","8":"product_cat-hesperide-agrumes","9":"product_cat-huiles-parfumees","10":"product_cat-senteurs-aromes","11":"pa_collection-pure-fragrance-oils-500ml-fr","12":"pa_made-in-royaume-uni","13":"pa_size-500ml","15":"first","16":"instock","17":"purchasable","18":"product-type-simple"},"supplier_id":null,"supplier_sku":"FOBP-173","barcode":null,"atum_controlled":true,"out_stock_date":null,"out_stock_threshold":null,"inheritable":false,"inbound_stock":null,"stock_on_hold":0,"sold_today":0,"sales_last_days":0,"reserved_stock":null,"customer_returns":null,"warehouse_damage":null,"lost_in_post":null,"other_logs":null,"out_stock_days":0,"lost_sales":0,"has_location":null,"update_date":"2026-01-30T01:24:32","atum_locations":[],"atum_stock_status":"instock","restock_status":false,"low_stock_amount":"","sales_update_date":"2026-01-30T01:24:32","calc_backorders":null,"_links":{"self":[{"href":"https:\/\/aromasentia.com\/fr\/wp-json\/wp\/v2\/product\/225536","targetHints":{"allow":["GET"]}}],"collection":[{"href":"https:\/\/aromasentia.com\/fr\/wp-json\/wp\/v2\/product"}],"about":[{"href":"https:\/\/aromasentia.com\/fr\/wp-json\/wp\/v2\/types\/product"}],"replies":[{"embeddable":true,"href":"https:\/\/aromasentia.com\/fr\/wp-json\/wp\/v2\/comments?post=225536"}],"version-history":[{"count":0,"href":"https:\/\/aromasentia.com\/fr\/wp-json\/wp\/v2\/product\/225536\/revisions"}],"wp:featuredmedia":[{"embeddable":true,"href":"https:\/\/aromasentia.com\/fr\/wp-json\/wp\/v2\/media\/388560"}],"wp:attachment":[{"href":"https:\/\/aromasentia.com\/fr\/wp-json\/wp\/v2\/media?parent=225536"}],"wp:term":[{"taxonomy":"product_brand","embeddable":true,"href":"https:\/\/aromasentia.com\/fr\/wp-json\/wp\/v2\/product_brand?post=225536"},{"taxonomy":"product_cat","embeddable":true,"href":"https:\/\/aromasentia.com\/fr\/wp-json\/wp\/v2\/product_cat?post=225536"},{"taxonomy":"product_tag","embeddable":true,"href":"https:\/\/aromasentia.com\/fr\/wp-json\/wp\/v2\/product_tag?post=225536"}],"curies":[{"name":"wp","href":"https:\/\/api.w.org\/{rel}","templated":true}]}}