{"id":225532,"date":"2025-03-22T16:59:02","date_gmt":"2025-03-22T16:59:02","guid":{"rendered":"https:\/\/aromasentia.com\/product\/lemonade-pure-fragrance-oil-500ml\/"},"modified":"2025-06-23T18:36:09","modified_gmt":"2025-06-23T18:36:09","slug":"limonade-huile-de-parfum-pure-500ml","status":"publish","type":"product","link":"https:\/\/aromasentia.com\/fr\/limonade-huile-de-parfum-pure-500ml\/","title":{"rendered":"Limonade &#8211; Huile de Parfum Pure 500ml"},"content":{"rendered":"<p>Rafra\u00eechissez votre espace avec l&rsquo;ar\u00f4me vif et zest\u00e9 de la limonade gr\u00e2ce \u00e0 cette g\u00e9n\u00e9reuse huile de parfum pure de 500 ml. Parfaite pour une utilisation dans les br\u00fbleurs \u00e0 huile, les diffuseurs ou pour cr\u00e9er vos propres produits parfum\u00e9s, cette huile offre une atmosph\u00e8re vivifiante et revigorante de longue dur\u00e9e.<\/p>\n","protected":false},"excerpt":{"rendered":"<p>Rafra\u00eechissez votre espace avec l&rsquo;ar\u00f4me vif et zest\u00e9 de la limonade gr\u00e2ce \u00e0 cette g\u00e9n\u00e9reuse huile de parfum pure de 500 ml. Parfaite pour une utilisation dans les br\u00fbleurs \u00e0 huile, les diffuseurs ou pour cr\u00e9er vos propres produits parfum\u00e9s, cette huile offre une atmosph\u00e8re vivifiante et revigorante de longue dur\u00e9e.<\/p>\n","protected":false},"featured_media":388551,"comment_status":"closed","ping_status":"open","template":"","meta":{"_angie_page":false},"product_brand":[],"product_cat":[16450,26237,26818,16468,25842],"product_tag":[],"class_list":{"0":"post-225532","1":"product","2":"type-product","3":"status-publish","4":"has-post-thumbnail","6":"product_cat-aromatherapie-et-parfums-d-ambiance","7":"product_cat-citron","8":"product_cat-hesperide-agrumes","9":"product_cat-huiles-parfumees","10":"product_cat-senteurs-aromes","11":"pa_collection-pure-fragrance-oils-500ml-fr","12":"pa_made-in-royaume-uni","13":"pa_size-500ml","15":"first","16":"instock","17":"purchasable","18":"product-type-simple"},"supplier_id":null,"supplier_sku":"FOBP-174","barcode":null,"atum_controlled":true,"out_stock_date":null,"out_stock_threshold":null,"inheritable":false,"inbound_stock":null,"stock_on_hold":0,"sold_today":0,"sales_last_days":0,"reserved_stock":null,"customer_returns":null,"warehouse_damage":null,"lost_in_post":null,"other_logs":null,"out_stock_days":0,"lost_sales":0,"has_location":null,"update_date":"2026-04-27T19:09:48","atum_locations":[],"atum_stock_status":"instock","restock_status":false,"low_stock_amount":"","sales_update_date":"2025-09-03T00:14:56","calc_backorders":null,"_links":{"self":[{"href":"https:\/\/aromasentia.com\/fr\/wp-json\/wp\/v2\/product\/225532","targetHints":{"allow":["GET"]}}],"collection":[{"href":"https:\/\/aromasentia.com\/fr\/wp-json\/wp\/v2\/product"}],"about":[{"href":"https:\/\/aromasentia.com\/fr\/wp-json\/wp\/v2\/types\/product"}],"replies":[{"embeddable":true,"href":"https:\/\/aromasentia.com\/fr\/wp-json\/wp\/v2\/comments?post=225532"}],"version-history":[{"count":0,"href":"https:\/\/aromasentia.com\/fr\/wp-json\/wp\/v2\/product\/225532\/revisions"}],"wp:featuredmedia":[{"embeddable":true,"href":"https:\/\/aromasentia.com\/fr\/wp-json\/wp\/v2\/media\/388551"}],"wp:attachment":[{"href":"https:\/\/aromasentia.com\/fr\/wp-json\/wp\/v2\/media?parent=225532"}],"wp:term":[{"taxonomy":"product_brand","embeddable":true,"href":"https:\/\/aromasentia.com\/fr\/wp-json\/wp\/v2\/product_brand?post=225532"},{"taxonomy":"product_cat","embeddable":true,"href":"https:\/\/aromasentia.com\/fr\/wp-json\/wp\/v2\/product_cat?post=225532"},{"taxonomy":"product_tag","embeddable":true,"href":"https:\/\/aromasentia.com\/fr\/wp-json\/wp\/v2\/product_tag?post=225532"}],"curies":[{"name":"wp","href":"https:\/\/api.w.org\/{rel}","templated":true}]}}