{"id":225488,"date":"2025-03-22T16:59:02","date_gmt":"2025-03-22T16:59:02","guid":{"rendered":"https:\/\/aromasentia.com\/product\/orange-warm-ginger-pure-fragrance-oil-500ml\/"},"modified":"2025-06-23T18:35:59","modified_gmt":"2025-06-23T18:35:59","slug":"orange-gingembre-chaud-huile-de-parfum-pure-500ml","status":"publish","type":"product","link":"https:\/\/aromasentia.com\/fr\/orange-gingembre-chaud-huile-de-parfum-pure-500ml\/","title":{"rendered":"Orange &#038; Gingembre Chaud &#8211; Huile de Parfum Pure 500ml"},"content":{"rendered":"<p>Apportez un ar\u00f4me joyeux et \u00e9pic\u00e9 \u00e0 votre espace avec cette g\u00e9n\u00e9reuse huile de parfum pure Orange &#038; Gingembre Chaud de 500ml. Parfaite pour une utilisation dans les br\u00fbleurs \u00e0 huile, les diffuseurs ou pour cr\u00e9er vos propres produits parfum\u00e9s, cette huile offre une atmosph\u00e8re durable, stimulante et r\u00e9confortante.<\/p>\n","protected":false},"excerpt":{"rendered":"<p>Apportez un ar\u00f4me joyeux et \u00e9pic\u00e9 \u00e0 votre espace avec cette g\u00e9n\u00e9reuse huile de parfum pure Orange &#038; Gingembre Chaud de 500ml. Parfaite pour une utilisation dans les br\u00fbleurs \u00e0 huile, les diffuseurs ou pour cr\u00e9er vos propres produits parfum\u00e9s, cette huile offre une atmosph\u00e8re durable, stimulante et r\u00e9confortante.<\/p>\n","protected":false},"featured_media":388452,"comment_status":"closed","ping_status":"open","template":"","meta":{"_angie_page":false},"product_brand":[],"product_cat":[16450,26888,26191,26818,16468,26307,25842],"product_tag":[],"class_list":{"0":"post-225488","1":"product","2":"type-product","3":"status-publish","4":"has-post-thumbnail","6":"product_cat-aromatherapie-et-parfums-d-ambiance","7":"product_cat-epice","8":"product_cat-gingembre-senteurs-aromes","9":"product_cat-hesperide-agrumes","10":"product_cat-huiles-parfumees","11":"product_cat-orange","12":"product_cat-senteurs-aromes","13":"pa_collection-pure-fragrance-oils-500ml-fr","14":"pa_made-in-royaume-uni","15":"pa_size-500ml","17":"first","18":"instock","19":"purchasable","20":"product-type-simple"},"supplier_id":null,"supplier_sku":"FOBP-186","barcode":null,"atum_controlled":true,"out_stock_date":null,"out_stock_threshold":null,"inheritable":false,"inbound_stock":null,"stock_on_hold":0,"sold_today":0,"sales_last_days":0,"reserved_stock":null,"customer_returns":null,"warehouse_damage":null,"lost_in_post":null,"other_logs":null,"out_stock_days":120,"lost_sales":0,"has_location":null,"update_date":"2026-05-08T05:09:37","atum_locations":[],"atum_stock_status":"instock","restock_status":false,"low_stock_amount":"","sales_update_date":"2026-02-06T00:01:00","calc_backorders":null,"_links":{"self":[{"href":"https:\/\/aromasentia.com\/fr\/wp-json\/wp\/v2\/product\/225488","targetHints":{"allow":["GET"]}}],"collection":[{"href":"https:\/\/aromasentia.com\/fr\/wp-json\/wp\/v2\/product"}],"about":[{"href":"https:\/\/aromasentia.com\/fr\/wp-json\/wp\/v2\/types\/product"}],"replies":[{"embeddable":true,"href":"https:\/\/aromasentia.com\/fr\/wp-json\/wp\/v2\/comments?post=225488"}],"version-history":[{"count":0,"href":"https:\/\/aromasentia.com\/fr\/wp-json\/wp\/v2\/product\/225488\/revisions"}],"wp:featuredmedia":[{"embeddable":true,"href":"https:\/\/aromasentia.com\/fr\/wp-json\/wp\/v2\/media\/388452"}],"wp:attachment":[{"href":"https:\/\/aromasentia.com\/fr\/wp-json\/wp\/v2\/media?parent=225488"}],"wp:term":[{"taxonomy":"product_brand","embeddable":true,"href":"https:\/\/aromasentia.com\/fr\/wp-json\/wp\/v2\/product_brand?post=225488"},{"taxonomy":"product_cat","embeddable":true,"href":"https:\/\/aromasentia.com\/fr\/wp-json\/wp\/v2\/product_cat?post=225488"},{"taxonomy":"product_tag","embeddable":true,"href":"https:\/\/aromasentia.com\/fr\/wp-json\/wp\/v2\/product_tag?post=225488"}],"curies":[{"name":"wp","href":"https:\/\/api.w.org\/{rel}","templated":true}]}}