{"id":225284,"date":"2025-03-22T16:59:02","date_gmt":"2025-03-22T16:59:02","guid":{"rendered":"https:\/\/aromasentia.com\/product\/cinnamon-orange-pure-fragrance-oil-500ml\/"},"modified":"2025-06-23T18:35:27","modified_gmt":"2025-06-23T18:35:27","slug":"cannelle-orange-huile-de-parfum-pure-500ml","status":"publish","type":"product","link":"https:\/\/aromasentia.com\/fr\/cannelle-orange-huile-de-parfum-pure-500ml\/","title":{"rendered":"Cannelle &#038; Orange &#8211; Huile de Parfum Pure 500ml"},"content":{"rendered":"<p>Remplissez votre environnement de l&rsquo;ar\u00f4me chaud et \u00e9pic\u00e9 de la cannelle et de l&rsquo;orange avec cette g\u00e9n\u00e9reuse huile de parfum pure de 500 ml. Parfaite pour une utilisation dans les br\u00fbleurs \u00e0 huile, les diffuseurs ou pour cr\u00e9er vos propres produits parfum\u00e9s, cette huile offre un parfum durable et r\u00e9confortant.<\/p>\n","protected":false},"excerpt":{"rendered":"<p>Remplissez votre environnement de l&rsquo;ar\u00f4me chaud et \u00e9pic\u00e9 de la cannelle et de l&rsquo;orange avec cette g\u00e9n\u00e9reuse huile de parfum pure de 500 ml. Parfaite pour une utilisation dans les br\u00fbleurs \u00e0 huile, les diffuseurs ou pour cr\u00e9er vos propres produits parfum\u00e9s, cette huile offre un parfum durable et r\u00e9confortant.<\/p>\n","protected":false},"featured_media":387993,"comment_status":"closed","ping_status":"open","template":"","meta":{"_angie_page":false},"product_brand":[],"product_cat":[16450,26135,26888,26818,16468,26307,25842],"product_tag":[],"class_list":{"0":"post-225284","1":"product","2":"type-product","3":"status-publish","4":"has-post-thumbnail","6":"product_cat-aromatherapie-et-parfums-d-ambiance","7":"product_cat-cannelle","8":"product_cat-epice","9":"product_cat-hesperide-agrumes","10":"product_cat-huiles-parfumees","11":"product_cat-orange","12":"product_cat-senteurs-aromes","13":"pa_collection-pure-fragrance-oils-500ml-fr","14":"pa_made-in-royaume-uni","15":"pa_size-500ml","17":"first","18":"instock","19":"purchasable","20":"product-type-simple"},"supplier_id":null,"supplier_sku":"FOBp-22","barcode":null,"atum_controlled":true,"out_stock_date":null,"out_stock_threshold":null,"inheritable":false,"inbound_stock":null,"stock_on_hold":0,"sold_today":0,"sales_last_days":0,"reserved_stock":null,"customer_returns":null,"warehouse_damage":null,"lost_in_post":null,"other_logs":null,"out_stock_days":87,"lost_sales":0,"has_location":null,"update_date":"2026-05-08T05:08:31","atum_locations":[],"atum_stock_status":"instock","restock_status":false,"low_stock_amount":"","sales_update_date":"2026-02-06T00:00:57","calc_backorders":null,"_links":{"self":[{"href":"https:\/\/aromasentia.com\/fr\/wp-json\/wp\/v2\/product\/225284","targetHints":{"allow":["GET"]}}],"collection":[{"href":"https:\/\/aromasentia.com\/fr\/wp-json\/wp\/v2\/product"}],"about":[{"href":"https:\/\/aromasentia.com\/fr\/wp-json\/wp\/v2\/types\/product"}],"replies":[{"embeddable":true,"href":"https:\/\/aromasentia.com\/fr\/wp-json\/wp\/v2\/comments?post=225284"}],"version-history":[{"count":0,"href":"https:\/\/aromasentia.com\/fr\/wp-json\/wp\/v2\/product\/225284\/revisions"}],"wp:featuredmedia":[{"embeddable":true,"href":"https:\/\/aromasentia.com\/fr\/wp-json\/wp\/v2\/media\/387993"}],"wp:attachment":[{"href":"https:\/\/aromasentia.com\/fr\/wp-json\/wp\/v2\/media?parent=225284"}],"wp:term":[{"taxonomy":"product_brand","embeddable":true,"href":"https:\/\/aromasentia.com\/fr\/wp-json\/wp\/v2\/product_brand?post=225284"},{"taxonomy":"product_cat","embeddable":true,"href":"https:\/\/aromasentia.com\/fr\/wp-json\/wp\/v2\/product_cat?post=225284"},{"taxonomy":"product_tag","embeddable":true,"href":"https:\/\/aromasentia.com\/fr\/wp-json\/wp\/v2\/product_tag?post=225284"}],"curies":[{"name":"wp","href":"https:\/\/api.w.org\/{rel}","templated":true}]}}