{"id":225180,"date":"2025-03-22T16:59:14","date_gmt":"2025-03-22T16:59:14","guid":{"rendered":"https:\/\/aromasentia.com\/product\/home-fresh-room-spray-citrus-fresh-100ml\/"},"modified":"2025-12-30T19:10:31","modified_gmt":"2025-12-30T19:10:31","slug":"spray-dambiance-home-fresh-fraicheur-dagrumes-100ml","status":"publish","type":"product","link":"https:\/\/aromasentia.com\/fr\/spray-dambiance-home-fresh-fraicheur-dagrumes-100ml\/","title":{"rendered":"Spray d&rsquo;Ambiance Home Fresh &#8211; Fra\u00eecheur d&rsquo;Agrumes 100ml"},"content":{"rendered":"<p>Le spray d&rsquo;ambiance Fra\u00eecheur d&rsquo;Agrumes \u00e9voque l&rsquo;essence d&rsquo;un verger d&rsquo;agrumes ensoleill\u00e9, apportant une bouff\u00e9e de fra\u00eecheur dans n&rsquo;importe quel int\u00e9rieur.&nbsp;<\/p>\n<p>Il s&rsquo;ouvre sur des notes de t\u00eate \u00e9clatantes de citron, de citronnelle et d&rsquo;orange, stimulant instantan\u00e9ment les sens.&nbsp;<\/p>\n<p>Ces notes vibrantes sont parfaitement \u00e9quilibr\u00e9es par des ar\u00f4mes vivifiants de citronnelle et de verveine. Les notes de fond d&rsquo;agrumes, de musc et de bois ajoutent une profondeur durable et \u00e9quilibr\u00e9e, cr\u00e9ant un parfum \u00e9nergisant et revitalisant.&nbsp;<\/p>\n<p><strong>Profil aromatique :&nbsp;<\/strong><\/p>\n<p>\u25cf Notes de t\u00eate : Citron, Citronnelle, Orange&nbsp;<\/p>\n<p>\u25cf Notes de c\u0153ur : Citronnelle, Verveine&nbsp;<\/p>\n<p>\u25cf Notes de fond : Agrumes, Musc, Bois<\/p>\n<p>&nbsp;Ingr\u00e9dients cl\u00e9s :&nbsp;<\/p>\n<p>\u25cf Alcool d\u00e9natur\u00e9 : assure une \u00e9vaporation rapide et une fine r\u00e9partition de la brume.&nbsp;<\/p>\n<p>\u25cf Eau d&rsquo;Hamamelis Virginiana (hamam\u00e9lis) : Offre des propri\u00e9t\u00e9s astringentes naturelles.&nbsp;<\/p>\n<p>\u25cf Parfum : Un m\u00e9lange unique d&rsquo;huiles essentielles et de compos\u00e9s parfum\u00e9s.&nbsp;<\/p>\n<p>\u25cf Ph\u00e9noxy\u00e9thanol : Pr\u00e9serve la fra\u00eecheur et l&rsquo;efficacit\u00e9 du spray.&nbsp;<\/p>\n<p>\u25cf Extraits naturels : Dont le linalol, le citral et les Tetramethyl Acetyloctahydronaphthalenes pour un ar\u00f4me complexe et riche.<\/p>\n<p>Commandez maintenant et transformez chaque espace en un oasis d&rsquo;agrumes vivifiant !<\/p>\n","protected":false},"excerpt":{"rendered":"<p>Le spray d&rsquo;ambiance Fra\u00eecheur d&rsquo;Agrumes \u00e9voque l&rsquo;essence d&rsquo;un verger d&rsquo;agrumes ensoleill\u00e9, apportant une bouff\u00e9e de fra\u00eecheur dans n&rsquo;importe quel int\u00e9rieur.&nbsp; Il s&rsquo;ouvre sur des notes de t\u00eate \u00e9clatantes de citron, de citronnelle et d&rsquo;orange, stimulant instantan\u00e9ment les sens.&nbsp; Ces notes vibrantes sont parfaitement \u00e9quilibr\u00e9es par des ar\u00f4mes vivifiants de citronnelle et de verveine. Les notes [&hellip;]<\/p>\n","protected":false},"featured_media":389337,"comment_status":"closed","ping_status":"open","template":"","meta":[],"product_brand":[],"product_cat":[16450,16632],"product_tag":[],"class_list":{"0":"post-225180","1":"product","2":"type-product","3":"status-publish","4":"has-post-thumbnail","6":"product_cat-aromatherapie-et-parfums-d-ambiance","7":"product_cat-parfums-et-sprays-d-ambiance","8":"pa_collection-home-fresh-room-sprays-fr","9":"pa_made-in-royaume-uni","10":"pa_size-100ml","12":"first","13":"instock","14":"purchasable","15":"product-type-simple"},"supplier_id":null,"supplier_sku":"HFRS-03","barcode":null,"atum_controlled":true,"out_stock_date":null,"out_stock_threshold":null,"inheritable":false,"inbound_stock":null,"stock_on_hold":0,"sold_today":0,"sales_last_days":0,"reserved_stock":null,"customer_returns":null,"warehouse_damage":null,"lost_in_post":null,"other_logs":null,"out_stock_days":0,"lost_sales":0,"has_location":null,"update_date":"2026-02-06T08:20:43","atum_locations":[],"atum_stock_status":"instock","restock_status":false,"low_stock_amount":"","sales_update_date":"2025-09-03T00:22:04","calc_backorders":null,"_links":{"self":[{"href":"https:\/\/aromasentia.com\/fr\/wp-json\/wp\/v2\/product\/225180","targetHints":{"allow":["GET"]}}],"collection":[{"href":"https:\/\/aromasentia.com\/fr\/wp-json\/wp\/v2\/product"}],"about":[{"href":"https:\/\/aromasentia.com\/fr\/wp-json\/wp\/v2\/types\/product"}],"replies":[{"embeddable":true,"href":"https:\/\/aromasentia.com\/fr\/wp-json\/wp\/v2\/comments?post=225180"}],"version-history":[{"count":0,"href":"https:\/\/aromasentia.com\/fr\/wp-json\/wp\/v2\/product\/225180\/revisions"}],"wp:featuredmedia":[{"embeddable":true,"href":"https:\/\/aromasentia.com\/fr\/wp-json\/wp\/v2\/media\/389337"}],"wp:attachment":[{"href":"https:\/\/aromasentia.com\/fr\/wp-json\/wp\/v2\/media?parent=225180"}],"wp:term":[{"taxonomy":"product_brand","embeddable":true,"href":"https:\/\/aromasentia.com\/fr\/wp-json\/wp\/v2\/product_brand?post=225180"},{"taxonomy":"product_cat","embeddable":true,"href":"https:\/\/aromasentia.com\/fr\/wp-json\/wp\/v2\/product_cat?post=225180"},{"taxonomy":"product_tag","embeddable":true,"href":"https:\/\/aromasentia.com\/fr\/wp-json\/wp\/v2\/product_tag?post=225180"}],"curies":[{"name":"wp","href":"https:\/\/api.w.org\/{rel}","templated":true}]}}