{"id":225156,"date":"2025-03-22T16:59:14","date_gmt":"2025-03-22T16:59:14","guid":{"rendered":"https:\/\/aromasentia.com\/product\/500g-pure-fragrance-arabian-nights\/"},"modified":"2025-06-23T18:35:08","modified_gmt":"2025-06-23T18:35:08","slug":"huile-de-parfum-pure-mille-et-une-nuits-500ml","status":"publish","type":"product","link":"https:\/\/aromasentia.com\/fr\/huile-de-parfum-pure-mille-et-une-nuits-500ml\/","title":{"rendered":"Huile de Parfum Pure &#8211; Mille et Une Nuits &#8211; 500ml"},"content":{"rendered":"<p>Transportez-vous au pays de l&rsquo;enchantement avec l&rsquo;ar\u00f4me captivant des Mille et une nuits dans ce g\u00e9n\u00e9reux parfum pur de 500g. Id\u00e9al pour cr\u00e9er un parfum chaud, exotique et durable dans votre maison ou pour vos travaux manuels.<\/p>\n","protected":false},"excerpt":{"rendered":"<p>Transportez-vous au pays de l&rsquo;enchantement avec l&rsquo;ar\u00f4me captivant des Mille et une nuits dans ce g\u00e9n\u00e9reux parfum pur de 500g. Id\u00e9al pour cr\u00e9er un parfum chaud, exotique et durable dans votre maison ou pour vos travaux manuels.<\/p>\n","protected":false},"featured_media":389235,"comment_status":"closed","ping_status":"open","template":"","meta":{"_angie_page":false},"product_brand":[],"product_cat":[16450,16468],"product_tag":[],"class_list":{"0":"post-225156","1":"product","2":"type-product","3":"status-publish","4":"has-post-thumbnail","6":"product_cat-aromatherapie-et-parfums-d-ambiance","7":"product_cat-huiles-parfumees","8":"pa_collection-pure-fragrance-oils-500ml-fr","9":"pa_made-in-royaume-uni","10":"pa_size-500ml","12":"first","13":"instock","14":"purchasable","15":"product-type-simple"},"supplier_id":null,"supplier_sku":"FOBP-242","barcode":null,"atum_controlled":true,"out_stock_date":null,"out_stock_threshold":null,"inheritable":false,"inbound_stock":null,"stock_on_hold":0,"sold_today":0,"sales_last_days":0,"reserved_stock":null,"customer_returns":null,"warehouse_damage":null,"lost_in_post":null,"other_logs":null,"out_stock_days":0,"lost_sales":0,"has_location":null,"update_date":"2026-05-08T05:09:38","atum_locations":[],"atum_stock_status":"instock","restock_status":false,"low_stock_amount":"","sales_update_date":"2026-01-30T01:24:32","calc_backorders":null,"_links":{"self":[{"href":"https:\/\/aromasentia.com\/fr\/wp-json\/wp\/v2\/product\/225156","targetHints":{"allow":["GET"]}}],"collection":[{"href":"https:\/\/aromasentia.com\/fr\/wp-json\/wp\/v2\/product"}],"about":[{"href":"https:\/\/aromasentia.com\/fr\/wp-json\/wp\/v2\/types\/product"}],"replies":[{"embeddable":true,"href":"https:\/\/aromasentia.com\/fr\/wp-json\/wp\/v2\/comments?post=225156"}],"version-history":[{"count":0,"href":"https:\/\/aromasentia.com\/fr\/wp-json\/wp\/v2\/product\/225156\/revisions"}],"wp:featuredmedia":[{"embeddable":true,"href":"https:\/\/aromasentia.com\/fr\/wp-json\/wp\/v2\/media\/389235"}],"wp:attachment":[{"href":"https:\/\/aromasentia.com\/fr\/wp-json\/wp\/v2\/media?parent=225156"}],"wp:term":[{"taxonomy":"product_brand","embeddable":true,"href":"https:\/\/aromasentia.com\/fr\/wp-json\/wp\/v2\/product_brand?post=225156"},{"taxonomy":"product_cat","embeddable":true,"href":"https:\/\/aromasentia.com\/fr\/wp-json\/wp\/v2\/product_cat?post=225156"},{"taxonomy":"product_tag","embeddable":true,"href":"https:\/\/aromasentia.com\/fr\/wp-json\/wp\/v2\/product_tag?post=225156"}],"curies":[{"name":"wp","href":"https:\/\/api.w.org\/{rel}","templated":true}]}}