{"id":225144,"date":"2025-03-22T16:59:14","date_gmt":"2025-03-22T16:59:14","guid":{"rendered":"https:\/\/aromasentia.com\/product\/500ml-pure-fo-obsidian-dark-coffee\/"},"modified":"2025-12-30T19:10:31","modified_gmt":"2025-12-30T19:10:31","slug":"huile-de-parfum-pure-500ml-obsidienne-cafe-noir","status":"publish","type":"product","link":"https:\/\/aromasentia.com\/fr\/huile-de-parfum-pure-500ml-obsidienne-cafe-noir\/","title":{"rendered":"Huile de Parfum Pure 500ml &#8211; Obsidienne &#038; Caf\u00e9 noir"},"content":{"rendered":"<p>D\u00e9couvrez un ar\u00f4me riche et intense avec cette g\u00e9n\u00e9reuse huile de parfum pure Obsidian &#038; Dark Coffee de 500 ml. Parfaite pour une utilisation dans les br\u00fbleurs \u00e0 huile, les diffuseurs ou pour cr\u00e9er vos propres produits parfum\u00e9s, cette huile offre un m\u00e9lange durable de notes fum\u00e9es et de torr\u00e9faction fonc\u00e9e.<\/p>\n","protected":false},"excerpt":{"rendered":"<p>D\u00e9couvrez un ar\u00f4me riche et intense avec cette g\u00e9n\u00e9reuse huile de parfum pure Obsidian &#038; Dark Coffee de 500 ml. Parfaite pour une utilisation dans les br\u00fbleurs \u00e0 huile, les diffuseurs ou pour cr\u00e9er vos propres produits parfum\u00e9s, cette huile offre un m\u00e9lange durable de notes fum\u00e9es et de torr\u00e9faction fonc\u00e9e.<\/p>\n","protected":false},"featured_media":389208,"comment_status":"closed","ping_status":"open","template":"","meta":{"_angie_page":false},"product_brand":[],"product_cat":[16450,16468,25692,25226],"product_tag":[],"class_list":{"0":"post-225144","1":"product","2":"type-product","3":"status-publish","4":"has-post-thumbnail","6":"product_cat-aromatherapie-et-parfums-d-ambiance","7":"product_cat-huiles-parfumees","8":"product_cat-obsidienne","9":"product_cat-pierres-et-mineraux","10":"pa_collection-pure-fragrance-oils-500ml-fr","11":"pa_made-in-royaume-uni","12":"pa_size-500ml","14":"first","15":"instock","16":"purchasable","17":"product-type-simple"},"supplier_id":null,"supplier_sku":"FOBP-229","barcode":null,"atum_controlled":true,"out_stock_date":null,"out_stock_threshold":null,"inheritable":false,"inbound_stock":null,"stock_on_hold":0,"sold_today":0,"sales_last_days":0,"reserved_stock":null,"customer_returns":null,"warehouse_damage":null,"lost_in_post":null,"other_logs":null,"out_stock_days":0,"lost_sales":0,"has_location":null,"update_date":"2026-04-27T07:04:27","atum_locations":[],"atum_stock_status":"instock","restock_status":false,"low_stock_amount":"","sales_update_date":"2026-01-30T01:26:28","calc_backorders":null,"_links":{"self":[{"href":"https:\/\/aromasentia.com\/fr\/wp-json\/wp\/v2\/product\/225144","targetHints":{"allow":["GET"]}}],"collection":[{"href":"https:\/\/aromasentia.com\/fr\/wp-json\/wp\/v2\/product"}],"about":[{"href":"https:\/\/aromasentia.com\/fr\/wp-json\/wp\/v2\/types\/product"}],"replies":[{"embeddable":true,"href":"https:\/\/aromasentia.com\/fr\/wp-json\/wp\/v2\/comments?post=225144"}],"version-history":[{"count":0,"href":"https:\/\/aromasentia.com\/fr\/wp-json\/wp\/v2\/product\/225144\/revisions"}],"wp:featuredmedia":[{"embeddable":true,"href":"https:\/\/aromasentia.com\/fr\/wp-json\/wp\/v2\/media\/389208"}],"wp:attachment":[{"href":"https:\/\/aromasentia.com\/fr\/wp-json\/wp\/v2\/media?parent=225144"}],"wp:term":[{"taxonomy":"product_brand","embeddable":true,"href":"https:\/\/aromasentia.com\/fr\/wp-json\/wp\/v2\/product_brand?post=225144"},{"taxonomy":"product_cat","embeddable":true,"href":"https:\/\/aromasentia.com\/fr\/wp-json\/wp\/v2\/product_cat?post=225144"},{"taxonomy":"product_tag","embeddable":true,"href":"https:\/\/aromasentia.com\/fr\/wp-json\/wp\/v2\/product_tag?post=225144"}],"curies":[{"name":"wp","href":"https:\/\/api.w.org\/{rel}","templated":true}]}}