{"id":225140,"date":"2025-03-22T16:59:14","date_gmt":"2025-03-22T16:59:14","guid":{"rendered":"https:\/\/aromasentia.com\/product\/500ml-pure-fo-tree-agate-oud\/"},"modified":"2025-06-23T18:35:06","modified_gmt":"2025-06-23T18:35:06","slug":"huile-de-parfum-pure-500ml-agate-darbre-oud","status":"publish","type":"product","link":"https:\/\/aromasentia.com\/fr\/huile-de-parfum-pure-500ml-agate-darbre-oud\/","title":{"rendered":"Huile de Parfum Pure 500ml &#8211; Agate d&rsquo;Arbre &#038; Oud"},"content":{"rendered":"<p>Apportez un ar\u00f4me ancr\u00e9 et exotique \u00e0 votre espace avec cette g\u00e9n\u00e9reuse huile de parfum Tree Agate &#038; Oud pure de 500 ml. Parfaite pour les br\u00fbleurs \u00e0 huile, les diffuseurs ou pour cr\u00e9er vos propres produits parfum\u00e9s, cette huile offre un m\u00e9lange durable de notes bois\u00e9es et terreuses.<\/p>\n","protected":false},"excerpt":{"rendered":"<p>Apportez un ar\u00f4me ancr\u00e9 et exotique \u00e0 votre espace avec cette g\u00e9n\u00e9reuse huile de parfum Tree Agate &#038; Oud pure de 500 ml. Parfaite pour les br\u00fbleurs \u00e0 huile, les diffuseurs ou pour cr\u00e9er vos propres produits parfum\u00e9s, cette huile offre un m\u00e9lange durable de notes bois\u00e9es et terreuses.<\/p>\n","protected":false},"featured_media":389199,"comment_status":"closed","ping_status":"open","template":"","meta":{"_angie_page":false},"product_brand":[],"product_cat":[25536,16450,16468,25226],"product_tag":[],"class_list":{"0":"post-225140","1":"product","2":"type-product","3":"status-publish","4":"has-post-thumbnail","6":"product_cat-agate","7":"product_cat-aromatherapie-et-parfums-d-ambiance","8":"product_cat-huiles-parfumees","9":"product_cat-pierres-et-mineraux","10":"pa_collection-pure-fragrance-oils-500ml-fr","11":"pa_made-in-royaume-uni","12":"pa_size-500ml","14":"first","15":"instock","16":"purchasable","17":"product-type-simple"},"supplier_id":null,"supplier_sku":"FOBP-230","barcode":null,"atum_controlled":true,"out_stock_date":null,"out_stock_threshold":null,"inheritable":false,"inbound_stock":null,"stock_on_hold":0,"sold_today":0,"sales_last_days":0,"reserved_stock":null,"customer_returns":null,"warehouse_damage":null,"lost_in_post":null,"other_logs":null,"out_stock_days":0,"lost_sales":0,"has_location":null,"update_date":"2026-05-08T05:09:38","atum_locations":[],"atum_stock_status":"instock","restock_status":false,"low_stock_amount":"","sales_update_date":"2026-01-30T01:24:36","calc_backorders":null,"_links":{"self":[{"href":"https:\/\/aromasentia.com\/fr\/wp-json\/wp\/v2\/product\/225140","targetHints":{"allow":["GET"]}}],"collection":[{"href":"https:\/\/aromasentia.com\/fr\/wp-json\/wp\/v2\/product"}],"about":[{"href":"https:\/\/aromasentia.com\/fr\/wp-json\/wp\/v2\/types\/product"}],"replies":[{"embeddable":true,"href":"https:\/\/aromasentia.com\/fr\/wp-json\/wp\/v2\/comments?post=225140"}],"version-history":[{"count":0,"href":"https:\/\/aromasentia.com\/fr\/wp-json\/wp\/v2\/product\/225140\/revisions"}],"wp:featuredmedia":[{"embeddable":true,"href":"https:\/\/aromasentia.com\/fr\/wp-json\/wp\/v2\/media\/389199"}],"wp:attachment":[{"href":"https:\/\/aromasentia.com\/fr\/wp-json\/wp\/v2\/media?parent=225140"}],"wp:term":[{"taxonomy":"product_brand","embeddable":true,"href":"https:\/\/aromasentia.com\/fr\/wp-json\/wp\/v2\/product_brand?post=225140"},{"taxonomy":"product_cat","embeddable":true,"href":"https:\/\/aromasentia.com\/fr\/wp-json\/wp\/v2\/product_cat?post=225140"},{"taxonomy":"product_tag","embeddable":true,"href":"https:\/\/aromasentia.com\/fr\/wp-json\/wp\/v2\/product_tag?post=225140"}],"curies":[{"name":"wp","href":"https:\/\/api.w.org\/{rel}","templated":true}]}}