{"id":225108,"date":"2025-03-22T16:59:14","date_gmt":"2025-03-22T16:59:14","guid":{"rendered":"https:\/\/aromasentia.com\/product\/500ml-pure-fo-cool-jade-oakmoss\/"},"modified":"2025-12-30T19:10:24","modified_gmt":"2025-12-30T19:10:24","slug":"huile-de-parfum-pure-500ml-jade-mousse-de-chene","status":"publish","type":"product","link":"https:\/\/aromasentia.com\/fr\/huile-de-parfum-pure-500ml-jade-mousse-de-chene\/","title":{"rendered":"Huile de Parfum Pure 500ml &#8211; Jade &#038; Mousse de Ch\u00eane"},"content":{"rendered":"<p>Apportez un ar\u00f4me rafra\u00eechissant et terreux \u00e0 votre espace avec cette g\u00e9n\u00e9reuse huile de parfum pure Cool Jade &#038; Oakmoss, d&rsquo;une contenance de 500 ml. Parfaite pour une utilisation dans les br\u00fbleurs \u00e0 huile, les diffuseurs ou pour cr\u00e9er vos propres produits parfum\u00e9s, cette huile offre un m\u00e9lange durable de notes fra\u00eeches et bois\u00e9es.<\/p>\n","protected":false},"excerpt":{"rendered":"<p>Apportez un ar\u00f4me rafra\u00eechissant et terreux \u00e0 votre espace avec cette g\u00e9n\u00e9reuse huile de parfum pure Cool Jade &#038; Oakmoss, d&rsquo;une contenance de 500 ml. Parfaite pour une utilisation dans les br\u00fbleurs \u00e0 huile, les diffuseurs ou pour cr\u00e9er vos propres produits parfum\u00e9s, cette huile offre un m\u00e9lange durable de notes fra\u00eeches et bois\u00e9es.<\/p>\n","protected":false},"featured_media":389127,"comment_status":"closed","ping_status":"open","template":"","meta":{"_angie_page":false},"product_brand":[],"product_cat":[16450,16468,25639,25226],"product_tag":[],"class_list":{"0":"post-225108","1":"product","2":"type-product","3":"status-publish","4":"has-post-thumbnail","6":"product_cat-aromatherapie-et-parfums-d-ambiance","7":"product_cat-huiles-parfumees","8":"product_cat-jade","9":"product_cat-pierres-et-mineraux","10":"pa_collection-pure-fragrance-oils-500ml-fr","11":"pa_made-in-royaume-uni","12":"pa_size-500ml","14":"first","15":"outofstock","16":"purchasable","17":"product-type-simple"},"supplier_id":null,"supplier_sku":"FOBP-238","barcode":null,"atum_controlled":true,"out_stock_date":"2026-04-25 16:30:11","out_stock_threshold":null,"inheritable":false,"inbound_stock":null,"stock_on_hold":0,"sold_today":0,"sales_last_days":0,"reserved_stock":null,"customer_returns":null,"warehouse_damage":null,"lost_in_post":null,"other_logs":null,"out_stock_days":0,"lost_sales":0,"has_location":null,"update_date":"2026-04-27T07:04:27","atum_locations":[],"atum_stock_status":"outofstock","restock_status":false,"low_stock_amount":"","sales_update_date":"2026-01-20T05:13:21","calc_backorders":null,"_links":{"self":[{"href":"https:\/\/aromasentia.com\/fr\/wp-json\/wp\/v2\/product\/225108","targetHints":{"allow":["GET"]}}],"collection":[{"href":"https:\/\/aromasentia.com\/fr\/wp-json\/wp\/v2\/product"}],"about":[{"href":"https:\/\/aromasentia.com\/fr\/wp-json\/wp\/v2\/types\/product"}],"replies":[{"embeddable":true,"href":"https:\/\/aromasentia.com\/fr\/wp-json\/wp\/v2\/comments?post=225108"}],"version-history":[{"count":0,"href":"https:\/\/aromasentia.com\/fr\/wp-json\/wp\/v2\/product\/225108\/revisions"}],"wp:featuredmedia":[{"embeddable":true,"href":"https:\/\/aromasentia.com\/fr\/wp-json\/wp\/v2\/media\/389127"}],"wp:attachment":[{"href":"https:\/\/aromasentia.com\/fr\/wp-json\/wp\/v2\/media?parent=225108"}],"wp:term":[{"taxonomy":"product_brand","embeddable":true,"href":"https:\/\/aromasentia.com\/fr\/wp-json\/wp\/v2\/product_brand?post=225108"},{"taxonomy":"product_cat","embeddable":true,"href":"https:\/\/aromasentia.com\/fr\/wp-json\/wp\/v2\/product_cat?post=225108"},{"taxonomy":"product_tag","embeddable":true,"href":"https:\/\/aromasentia.com\/fr\/wp-json\/wp\/v2\/product_tag?post=225108"}],"curies":[{"name":"wp","href":"https:\/\/api.w.org\/{rel}","templated":true}]}}