{"id":225048,"date":"2025-03-22T16:59:14","date_gmt":"2025-03-22T16:59:14","guid":{"rendered":"https:\/\/aromasentia.com\/product\/excitement-pure-fragrance-oil-500ml\/"},"modified":"2025-06-23T18:34:52","modified_gmt":"2025-06-23T18:34:52","slug":"huile-de-parfum-pure-excitation-500ml","status":"publish","type":"product","link":"https:\/\/aromasentia.com\/fr\/huile-de-parfum-pure-excitation-500ml\/","title":{"rendered":"Huile de Parfum Pure Excitation &#8211; 500ml"},"content":{"rendered":"<p>Faites l&rsquo;exp\u00e9rience d&rsquo;un ar\u00f4me stimulant et \u00e9nergisant avec cette g\u00e9n\u00e9reuse huile de parfum Excitement pure de 500 ml. Parfaite pour une utilisation dans les br\u00fbleurs \u00e0 huile, les diffuseurs ou pour cr\u00e9er vos propres produits parfum\u00e9s, cette huile offre un parfum durable et vibrant.<\/p>\n","protected":false},"excerpt":{"rendered":"<p>Faites l&rsquo;exp\u00e9rience d&rsquo;un ar\u00f4me stimulant et \u00e9nergisant avec cette g\u00e9n\u00e9reuse huile de parfum Excitement pure de 500 ml. Parfaite pour une utilisation dans les br\u00fbleurs \u00e0 huile, les diffuseurs ou pour cr\u00e9er vos propres produits parfum\u00e9s, cette huile offre un parfum durable et vibrant.<\/p>\n","protected":false},"featured_media":388992,"comment_status":"closed","ping_status":"open","template":"","meta":{"_angie_page":false},"product_brand":[],"product_cat":[16450,16468],"product_tag":[],"class_list":{"0":"post-225048","1":"product","2":"type-product","3":"status-publish","4":"has-post-thumbnail","6":"product_cat-aromatherapie-et-parfums-d-ambiance","7":"product_cat-huiles-parfumees","8":"pa_collection-pure-fragrance-oils-500ml-fr","9":"pa_made-in-royaume-uni","10":"pa_size-500ml","12":"first","13":"instock","14":"purchasable","15":"product-type-simple"},"supplier_id":null,"supplier_sku":"FOBP-221","barcode":null,"atum_controlled":true,"out_stock_date":null,"out_stock_threshold":null,"inheritable":false,"inbound_stock":null,"stock_on_hold":0,"sold_today":0,"sales_last_days":0,"reserved_stock":null,"customer_returns":null,"warehouse_damage":null,"lost_in_post":null,"other_logs":null,"out_stock_days":0,"lost_sales":0,"has_location":null,"update_date":"2026-05-08T05:09:38","atum_locations":[],"atum_stock_status":"instock","restock_status":false,"low_stock_amount":"","sales_update_date":"2025-09-03T00:14:37","calc_backorders":null,"_links":{"self":[{"href":"https:\/\/aromasentia.com\/fr\/wp-json\/wp\/v2\/product\/225048","targetHints":{"allow":["GET"]}}],"collection":[{"href":"https:\/\/aromasentia.com\/fr\/wp-json\/wp\/v2\/product"}],"about":[{"href":"https:\/\/aromasentia.com\/fr\/wp-json\/wp\/v2\/types\/product"}],"replies":[{"embeddable":true,"href":"https:\/\/aromasentia.com\/fr\/wp-json\/wp\/v2\/comments?post=225048"}],"version-history":[{"count":0,"href":"https:\/\/aromasentia.com\/fr\/wp-json\/wp\/v2\/product\/225048\/revisions"}],"wp:featuredmedia":[{"embeddable":true,"href":"https:\/\/aromasentia.com\/fr\/wp-json\/wp\/v2\/media\/388992"}],"wp:attachment":[{"href":"https:\/\/aromasentia.com\/fr\/wp-json\/wp\/v2\/media?parent=225048"}],"wp:term":[{"taxonomy":"product_brand","embeddable":true,"href":"https:\/\/aromasentia.com\/fr\/wp-json\/wp\/v2\/product_brand?post=225048"},{"taxonomy":"product_cat","embeddable":true,"href":"https:\/\/aromasentia.com\/fr\/wp-json\/wp\/v2\/product_cat?post=225048"},{"taxonomy":"product_tag","embeddable":true,"href":"https:\/\/aromasentia.com\/fr\/wp-json\/wp\/v2\/product_tag?post=225048"}],"curies":[{"name":"wp","href":"https:\/\/api.w.org\/{rel}","templated":true}]}}