{"id":225008,"date":"2025-03-22T16:59:14","date_gmt":"2025-03-22T16:59:14","guid":{"rendered":"https:\/\/aromasentia.com\/product\/apple-pie-custard-pure-fragrance-oil-500ml\/"},"modified":"2025-12-30T19:10:24","modified_gmt":"2025-12-30T19:10:24","slug":"huile-de-parfum-pure-tarte-aux-pommes-creme-anglaise-500ml","status":"publish","type":"product","link":"https:\/\/aromasentia.com\/fr\/huile-de-parfum-pure-tarte-aux-pommes-creme-anglaise-500ml\/","title":{"rendered":"Huile de Parfum Pure Tarte aux pommes &#038; cr\u00e8me anglaise &#8211; 500ml"},"content":{"rendered":"<p>Laissez-vous s\u00e9duire par l&rsquo;ar\u00f4me chaud et r\u00e9confortant de la tarte aux pommes et de la cr\u00e8me p\u00e2tissi\u00e8re avec cette g\u00e9n\u00e9reuse huile de parfum pure de 500 ml. Parfaite pour une utilisation dans les br\u00fbleurs \u00e0 huile, les diffuseurs ou pour cr\u00e9er vos propres produits parfum\u00e9s, cette huile offre un parfum gourmand et doux qui dure longtemps.<\/p>\n","protected":false},"excerpt":{"rendered":"<p>Laissez-vous s\u00e9duire par l&rsquo;ar\u00f4me chaud et r\u00e9confortant de la tarte aux pommes et de la cr\u00e8me p\u00e2tissi\u00e8re avec cette g\u00e9n\u00e9reuse huile de parfum pure de 500 ml. Parfaite pour une utilisation dans les br\u00fbleurs \u00e0 huile, les diffuseurs ou pour cr\u00e9er vos propres produits parfum\u00e9s, cette huile offre un parfum gourmand et doux qui dure [&hellip;]<\/p>\n","protected":false},"featured_media":388902,"comment_status":"closed","ping_status":"open","template":"","meta":{"_angie_page":false},"product_brand":[],"product_cat":[16450,26853,16468,25842,26531],"product_tag":[],"class_list":{"0":"post-225008","1":"product","2":"type-product","3":"status-publish","4":"has-post-thumbnail","6":"product_cat-aromatherapie-et-parfums-d-ambiance","7":"product_cat-gourmand","8":"product_cat-huiles-parfumees","9":"product_cat-senteurs-aromes","10":"product_cat-tarte-aux-pommes","11":"pa_collection-pure-fragrance-oils-500ml-fr","12":"pa_made-in-royaume-uni","13":"pa_size-500ml","15":"first","16":"instock","17":"purchasable","18":"product-type-simple"},"supplier_id":null,"supplier_sku":"FOBP-134","barcode":null,"atum_controlled":true,"out_stock_date":null,"out_stock_threshold":null,"inheritable":false,"inbound_stock":null,"stock_on_hold":0,"sold_today":0,"sales_last_days":0,"reserved_stock":null,"customer_returns":null,"warehouse_damage":null,"lost_in_post":null,"other_logs":null,"out_stock_days":120,"lost_sales":0,"has_location":null,"update_date":"2026-04-27T07:03:53","atum_locations":[],"atum_stock_status":"instock","restock_status":false,"low_stock_amount":"","sales_update_date":"2026-02-06T00:01:01","calc_backorders":null,"_links":{"self":[{"href":"https:\/\/aromasentia.com\/fr\/wp-json\/wp\/v2\/product\/225008","targetHints":{"allow":["GET"]}}],"collection":[{"href":"https:\/\/aromasentia.com\/fr\/wp-json\/wp\/v2\/product"}],"about":[{"href":"https:\/\/aromasentia.com\/fr\/wp-json\/wp\/v2\/types\/product"}],"replies":[{"embeddable":true,"href":"https:\/\/aromasentia.com\/fr\/wp-json\/wp\/v2\/comments?post=225008"}],"version-history":[{"count":0,"href":"https:\/\/aromasentia.com\/fr\/wp-json\/wp\/v2\/product\/225008\/revisions"}],"wp:featuredmedia":[{"embeddable":true,"href":"https:\/\/aromasentia.com\/fr\/wp-json\/wp\/v2\/media\/388902"}],"wp:attachment":[{"href":"https:\/\/aromasentia.com\/fr\/wp-json\/wp\/v2\/media?parent=225008"}],"wp:term":[{"taxonomy":"product_brand","embeddable":true,"href":"https:\/\/aromasentia.com\/fr\/wp-json\/wp\/v2\/product_brand?post=225008"},{"taxonomy":"product_cat","embeddable":true,"href":"https:\/\/aromasentia.com\/fr\/wp-json\/wp\/v2\/product_cat?post=225008"},{"taxonomy":"product_tag","embeddable":true,"href":"https:\/\/aromasentia.com\/fr\/wp-json\/wp\/v2\/product_tag?post=225008"}],"curies":[{"name":"wp","href":"https:\/\/api.w.org\/{rel}","templated":true}]}}