{"id":224920,"date":"2025-03-22T16:59:14","date_gmt":"2025-03-22T16:59:14","guid":{"rendered":"https:\/\/aromasentia.com\/product\/natural-diffuser-flowers-lily-on-reed\/"},"modified":"2025-12-30T19:10:16","modified_gmt":"2025-12-30T19:10:16","slug":"diffuseurs-naturels-fleurs-lys-sur-batonnets","status":"publish","type":"product","link":"https:\/\/aromasentia.com\/fr\/diffuseurs-naturels-fleurs-lys-sur-batonnets\/","title":{"rendered":"Diffuseurs Naturels Fleurs &#8211; Lys Sur B\u00e2tonnets"},"content":{"rendered":"<h1>Fleurs Lys sur B\u00e2tonnets : Sublimez vos Cr\u00e9ations de Diffuseurs de Parfum<\/h1>\n<p>Plongez dans l&rsquo;univers envo\u00fbtant des fleurs de lys sur b\u00e2tonnets, con&ccedil;ues pour la cr\u00e9ation de diffuseurs de parfum sophistiqu\u00e9s.&nbsp;<\/p>\n<p>Chaque lot offre une s\u00e9lection minutieuse de lys, pr\u00eats \u00e0 \u00eatre infus\u00e9s de votre fragrance pr\u00e9f\u00e9r\u00e9e.&nbsp;<\/p>\n<p><strong><span style=\"color: rgb(141, 186, 216);\">Commandez et offrez \u00e0 vos clients une exp\u00e9rience sensorielle incomparable, mariant l&rsquo;ar\u00f4me enivrant des lys \u00e0 une esth\u00e9tique d&rsquo;une \u00e9l\u00e9gance rare.<\/span><\/strong><\/p>\n<p><em><strong>Ps: Parfum non inclus. Flacons diffuseurs \u00e0 roseaux non inclus.<\/strong><\/em><\/p>\n","protected":false},"excerpt":{"rendered":"<p>Fleurs Lys sur B\u00e2tonnets : Sublimez vos Cr\u00e9ations de Diffuseurs de Parfum Plongez dans l&rsquo;univers envo\u00fbtant des fleurs de lys sur b\u00e2tonnets, con&ccedil;ues pour la cr\u00e9ation de diffuseurs de parfum sophistiqu\u00e9s.&nbsp; Chaque lot offre une s\u00e9lection minutieuse de lys, pr\u00eats \u00e0 \u00eatre infus\u00e9s de votre fragrance pr\u00e9f\u00e9r\u00e9e.&nbsp; Commandez et offrez \u00e0 vos clients une exp\u00e9rience [&hellip;]<\/p>\n","protected":false},"featured_media":390404,"comment_status":"closed","ping_status":"open","template":"","meta":{"_angie_page":false},"product_brand":[],"product_cat":[16450,16540],"product_tag":[],"class_list":{"0":"post-224920","1":"product","2":"type-product","3":"status-publish","4":"has-post-thumbnail","6":"product_cat-aromatherapie-et-parfums-d-ambiance","7":"product_cat-bouteilles-en-verre-et-accessoires","8":"pa_collection-natural-diffuser-flowers-fr","9":"pa_made-in-chine","11":"first","12":"instock","13":"purchasable","14":"product-type-simple"},"supplier_id":null,"supplier_sku":"Ndiff-11","barcode":null,"atum_controlled":true,"out_stock_date":null,"out_stock_threshold":null,"inheritable":false,"inbound_stock":null,"stock_on_hold":0,"sold_today":0,"sales_last_days":0,"reserved_stock":null,"customer_returns":null,"warehouse_damage":null,"lost_in_post":null,"other_logs":null,"out_stock_days":0,"lost_sales":0,"has_location":null,"update_date":"2026-04-27T07:15:06","atum_locations":[],"atum_stock_status":"instock","restock_status":false,"low_stock_amount":"","sales_update_date":"2025-09-03T00:22:00","calc_backorders":null,"_links":{"self":[{"href":"https:\/\/aromasentia.com\/fr\/wp-json\/wp\/v2\/product\/224920","targetHints":{"allow":["GET"]}}],"collection":[{"href":"https:\/\/aromasentia.com\/fr\/wp-json\/wp\/v2\/product"}],"about":[{"href":"https:\/\/aromasentia.com\/fr\/wp-json\/wp\/v2\/types\/product"}],"replies":[{"embeddable":true,"href":"https:\/\/aromasentia.com\/fr\/wp-json\/wp\/v2\/comments?post=224920"}],"version-history":[{"count":0,"href":"https:\/\/aromasentia.com\/fr\/wp-json\/wp\/v2\/product\/224920\/revisions"}],"wp:featuredmedia":[{"embeddable":true,"href":"https:\/\/aromasentia.com\/fr\/wp-json\/wp\/v2\/media\/390404"}],"wp:attachment":[{"href":"https:\/\/aromasentia.com\/fr\/wp-json\/wp\/v2\/media?parent=224920"}],"wp:term":[{"taxonomy":"product_brand","embeddable":true,"href":"https:\/\/aromasentia.com\/fr\/wp-json\/wp\/v2\/product_brand?post=224920"},{"taxonomy":"product_cat","embeddable":true,"href":"https:\/\/aromasentia.com\/fr\/wp-json\/wp\/v2\/product_cat?post=224920"},{"taxonomy":"product_tag","embeddable":true,"href":"https:\/\/aromasentia.com\/fr\/wp-json\/wp\/v2\/product_tag?post=224920"}],"curies":[{"name":"wp","href":"https:\/\/api.w.org\/{rel}","templated":true}]}}