{"id":224916,"date":"2025-03-22T16:59:14","date_gmt":"2025-03-22T16:59:14","guid":{"rendered":"https:\/\/aromasentia.com\/product\/natural-diffuser-flowers-rose-on-reed\/"},"modified":"2025-12-30T19:10:09","modified_gmt":"2025-12-30T19:10:09","slug":"diffuseurs-naturels-fleurs-rose-sur-batonnets","status":"publish","type":"product","link":"https:\/\/aromasentia.com\/fr\/diffuseurs-naturels-fleurs-rose-sur-batonnets\/","title":{"rendered":"Diffuseurs Naturels Fleurs &#8211; Rose Sur B\u00e2tonnets"},"content":{"rendered":"<h1>Pourquoi choisir nos fleurs pour diffuseurs &nbsp;&#8211; rose sur b\u00e2tonnets ?<\/h1>\n<p>En tant que professionnels, il est crucial de se d\u00e9marquer par la qualit\u00e9 et l&rsquo;originalit\u00e9 des produits propos\u00e9s.&nbsp;<\/p>\n<p>Nos fleurs pour diffuseurs apportent une touche de luxe et de bien-\u00eatre, garantissant une satisfaction client optimale. Offrez \u00e0 vos clients l&rsquo;exp\u00e9rience d&rsquo;un parfum naturel et \u00e9l\u00e9gant qui transformera leur environnement quotidien.<\/p>\n<p>Ces diffuseurs sont parfaits pour ajouter une touche de sophistication \u00e0 n&rsquo;importe quel espace, tout en diffusant un ar\u00f4me doux et envo\u00fbtant. <\/p>\n<p><strong><span style=\"color: rgb(141, 186, 216);\">Commandez d\u00e8s maintenant et faites de votre espace un lieu inoubliable gr\u00e2ce \u00e0 nos fleurs pour diffuseurs.<\/span><\/strong><\/p>\n<p><em>Ps: Parfum non inclus. Flacons diffuseurs \u00e0 roseaux non inclus.<\/em><\/p>\n","protected":false},"excerpt":{"rendered":"<p>Pourquoi choisir nos fleurs pour diffuseurs &nbsp;&#8211; rose sur b\u00e2tonnets ? En tant que professionnels, il est crucial de se d\u00e9marquer par la qualit\u00e9 et l&rsquo;originalit\u00e9 des produits propos\u00e9s.&nbsp; Nos fleurs pour diffuseurs apportent une touche de luxe et de bien-\u00eatre, garantissant une satisfaction client optimale. Offrez \u00e0 vos clients l&rsquo;exp\u00e9rience d&rsquo;un parfum naturel et [&hellip;]<\/p>\n","protected":false},"featured_media":390395,"comment_status":"closed","ping_status":"open","template":"","meta":{"_angie_page":false},"product_brand":[],"product_cat":[16450,16540,26832,26369,25842],"product_tag":[],"class_list":{"0":"post-224916","1":"product","2":"type-product","3":"status-publish","4":"has-post-thumbnail","6":"product_cat-aromatherapie-et-parfums-d-ambiance","7":"product_cat-bouteilles-en-verre-et-accessoires","8":"product_cat-floral","9":"product_cat-rose","10":"product_cat-senteurs-aromes","11":"pa_collection-natural-diffuser-flowers-fr","12":"pa_made-in-chine","14":"first","15":"instock","16":"purchasable","17":"product-type-simple"},"supplier_id":null,"supplier_sku":"Ndiff-10","barcode":null,"atum_controlled":true,"out_stock_date":null,"out_stock_threshold":null,"inheritable":false,"inbound_stock":null,"stock_on_hold":0,"sold_today":0,"sales_last_days":0,"reserved_stock":null,"customer_returns":null,"warehouse_damage":null,"lost_in_post":null,"other_logs":null,"out_stock_days":0,"lost_sales":0,"has_location":null,"update_date":"2026-04-27T07:15:06","atum_locations":[],"atum_stock_status":"instock","restock_status":false,"low_stock_amount":"","sales_update_date":"2025-09-03T00:22:00","calc_backorders":null,"_links":{"self":[{"href":"https:\/\/aromasentia.com\/fr\/wp-json\/wp\/v2\/product\/224916","targetHints":{"allow":["GET"]}}],"collection":[{"href":"https:\/\/aromasentia.com\/fr\/wp-json\/wp\/v2\/product"}],"about":[{"href":"https:\/\/aromasentia.com\/fr\/wp-json\/wp\/v2\/types\/product"}],"replies":[{"embeddable":true,"href":"https:\/\/aromasentia.com\/fr\/wp-json\/wp\/v2\/comments?post=224916"}],"version-history":[{"count":0,"href":"https:\/\/aromasentia.com\/fr\/wp-json\/wp\/v2\/product\/224916\/revisions"}],"wp:featuredmedia":[{"embeddable":true,"href":"https:\/\/aromasentia.com\/fr\/wp-json\/wp\/v2\/media\/390395"}],"wp:attachment":[{"href":"https:\/\/aromasentia.com\/fr\/wp-json\/wp\/v2\/media?parent=224916"}],"wp:term":[{"taxonomy":"product_brand","embeddable":true,"href":"https:\/\/aromasentia.com\/fr\/wp-json\/wp\/v2\/product_brand?post=224916"},{"taxonomy":"product_cat","embeddable":true,"href":"https:\/\/aromasentia.com\/fr\/wp-json\/wp\/v2\/product_cat?post=224916"},{"taxonomy":"product_tag","embeddable":true,"href":"https:\/\/aromasentia.com\/fr\/wp-json\/wp\/v2\/product_tag?post=224916"}],"curies":[{"name":"wp","href":"https:\/\/api.w.org\/{rel}","templated":true}]}}