{"id":224912,"date":"2025-03-22T16:59:14","date_gmt":"2025-03-22T16:59:14","guid":{"rendered":"https:\/\/aromasentia.com\/product\/natural-diffuser-flowers-carnation-on-reed\/"},"modified":"2025-12-30T19:10:09","modified_gmt":"2025-12-30T19:10:09","slug":"diffuseurs-naturels-fleurs-oeillet-sur-batonnets","status":"publish","type":"product","link":"https:\/\/aromasentia.com\/fr\/diffuseurs-naturels-fleurs-oeillet-sur-batonnets\/","title":{"rendered":"Diffuseurs Naturels Fleurs &#8211; \u0152illet Sur B\u00e2tonnets"},"content":{"rendered":"<h1>Fleurs \u0153illet sur B\u00e2tonnet pour Cr\u00e9ation de Diffuseurs : Offrez une Exp\u00e9rience Aromatique Distinctive<\/h1>\n<p>Nos fleurs d&rsquo;\u0153illet sur b\u00e2tonnets sont parfaites pour la cr\u00e9ation de diffuseurs personnalis\u00e9s, permettant \u00e0 vos clients de profiter d&rsquo;une atmosph\u00e8re parfum\u00e9e et \u00e9l\u00e9gante.&nbsp;<\/p>\n<p>Chaque pack contient des fleurs d&rsquo;\u0153illet fix\u00e9es sur des b\u00e2tonnets en bois naturel.&nbsp;<\/p>\n<p>Ces fleurs une fois infus\u00e9es de parfum apportent une touche de sophistication et de fra\u00eecheur \u00e0 tout espace.<\/p>\n<p>Id\u00e9ales pour les professionnels de la d\u00e9coration et de la parfumerie, ces fleurs sur b\u00e2tonnets sont simples \u00e0 assembler avec un flacon de parfum pour cr\u00e9er des diffuseurs personnalis\u00e9s.<\/p>\n<p>En tant que professionnels, il est essentiel de se d\u00e9marquer par des produits de qualit\u00e9 et originaux. Nos fleurs d&rsquo;\u0153illet sur b\u00e2tonnets apportent une touche de luxe et de bien-\u00eatre, garantissant une satisfaction client optimale.&nbsp;<\/p>\n<p><strong><span style=\"color: rgb(141, 186, 216);\">Commandez d\u00e8s maintenant et offrez \u00e0 vos clients l&rsquo;exp\u00e9rience d&rsquo;un parfum naturel et sophistiqu\u00e9 qui enrichira leur environnement quotidien.<\/span><\/strong> <\/p>\n<p><em><strong>Ps: Parfum non inclus. Flacons diffuseurs \u00e0 roseaux non inclus.<\/strong><\/em><\/p>\n","protected":false},"excerpt":{"rendered":"<p>Fleurs \u0153illet sur B\u00e2tonnet pour Cr\u00e9ation de Diffuseurs : Offrez une Exp\u00e9rience Aromatique Distinctive Nos fleurs d&rsquo;\u0153illet sur b\u00e2tonnets sont parfaites pour la cr\u00e9ation de diffuseurs personnalis\u00e9s, permettant \u00e0 vos clients de profiter d&rsquo;une atmosph\u00e8re parfum\u00e9e et \u00e9l\u00e9gante.&nbsp; Chaque pack contient des fleurs d&rsquo;\u0153illet fix\u00e9es sur des b\u00e2tonnets en bois naturel.&nbsp; Ces fleurs une fois [&hellip;]<\/p>\n","protected":false},"featured_media":390386,"comment_status":"closed","ping_status":"open","template":"","meta":{"_angie_page":false},"product_brand":[],"product_cat":[16450,16540],"product_tag":[],"class_list":{"0":"post-224912","1":"product","2":"type-product","3":"status-publish","4":"has-post-thumbnail","6":"product_cat-aromatherapie-et-parfums-d-ambiance","7":"product_cat-bouteilles-en-verre-et-accessoires","8":"pa_collection-natural-diffuser-flowers-fr","9":"pa_made-in-chine","11":"first","12":"instock","13":"purchasable","14":"product-type-simple"},"supplier_id":null,"supplier_sku":"Ndiff-09","barcode":null,"atum_controlled":true,"out_stock_date":null,"out_stock_threshold":null,"inheritable":false,"inbound_stock":null,"stock_on_hold":0,"sold_today":0,"sales_last_days":0,"reserved_stock":null,"customer_returns":null,"warehouse_damage":null,"lost_in_post":null,"other_logs":null,"out_stock_days":0,"lost_sales":0,"has_location":null,"update_date":"2026-04-27T07:15:06","atum_locations":[],"atum_stock_status":"instock","restock_status":false,"low_stock_amount":"","sales_update_date":"2025-09-03T00:21:59","calc_backorders":null,"_links":{"self":[{"href":"https:\/\/aromasentia.com\/fr\/wp-json\/wp\/v2\/product\/224912","targetHints":{"allow":["GET"]}}],"collection":[{"href":"https:\/\/aromasentia.com\/fr\/wp-json\/wp\/v2\/product"}],"about":[{"href":"https:\/\/aromasentia.com\/fr\/wp-json\/wp\/v2\/types\/product"}],"replies":[{"embeddable":true,"href":"https:\/\/aromasentia.com\/fr\/wp-json\/wp\/v2\/comments?post=224912"}],"version-history":[{"count":0,"href":"https:\/\/aromasentia.com\/fr\/wp-json\/wp\/v2\/product\/224912\/revisions"}],"wp:featuredmedia":[{"embeddable":true,"href":"https:\/\/aromasentia.com\/fr\/wp-json\/wp\/v2\/media\/390386"}],"wp:attachment":[{"href":"https:\/\/aromasentia.com\/fr\/wp-json\/wp\/v2\/media?parent=224912"}],"wp:term":[{"taxonomy":"product_brand","embeddable":true,"href":"https:\/\/aromasentia.com\/fr\/wp-json\/wp\/v2\/product_brand?post=224912"},{"taxonomy":"product_cat","embeddable":true,"href":"https:\/\/aromasentia.com\/fr\/wp-json\/wp\/v2\/product_cat?post=224912"},{"taxonomy":"product_tag","embeddable":true,"href":"https:\/\/aromasentia.com\/fr\/wp-json\/wp\/v2\/product_tag?post=224912"}],"curies":[{"name":"wp","href":"https:\/\/api.w.org\/{rel}","templated":true}]}}