{"id":224900,"date":"2025-03-22T16:59:14","date_gmt":"2025-03-22T16:59:14","guid":{"rendered":"https:\/\/aromasentia.com\/product\/natural-diffuser-flowers-small-lily-on-string\/"},"modified":"2025-06-23T18:34:30","modified_gmt":"2025-06-23T18:34:30","slug":"diffuseurs-naturels-fleurs-petit-lys-corde","status":"publish","type":"product","link":"https:\/\/aromasentia.com\/fr\/diffuseurs-naturels-fleurs-petit-lys-corde\/","title":{"rendered":"Diffuseurs Naturels Fleurs &#8211; Petit Lys Corde"},"content":{"rendered":"<h1>Fleurs Petit Lys sur Corde pour Cr\u00e9ation de Diffuseurs : Ajoutez une Note de Raffinement \u00e0 Vos Espaces<\/h1>\n<p>D\u00e9couvrez nos fleurs Petit Lys sur corde, sp\u00e9cialement con&ccedil;ues pour la cr\u00e9ation de diffuseurs de parfum \u00e9l\u00e9gants et uniques.&nbsp;<\/p>\n<p>Chaque pack contient des fleurs de lys d\u00e9licates, attach\u00e9es \u00e0 une corde naturelle, pr\u00eates \u00e0 \u00eatre infus\u00e9es de votre parfum pr\u00e9f\u00e9r\u00e9.&nbsp;<\/p>\n<p>Id\u00e9ales pour embellir et parfumer n&rsquo;importe quel espace, ces fleurs apportent une touche de sophistication et de fra\u00eecheur.<\/p>\n<p>Le design naturel et \u00e9l\u00e9gant des fleurs sur corde s&rsquo;int\u00e8gre harmonieusement dans tous les d\u00e9cors, ajoutant une note de charme et de beaut\u00e9.&nbsp;<\/p>\n<p><strong><span style=\"color: rgb(141, 186, 216);\">Commandez aujourd&rsquo;hui et faites de vos cr\u00e9ations de diffuseurs un succ\u00e8s avec nos fleurs Petit Lys sur corde.<\/span><\/strong> <\/p>\n<p><em><strong>Ps: Parfum non inclus. Flacons diffuseurs \u00e0 roseaux non inclus.<\/strong><\/em><\/p>\n","protected":false},"excerpt":{"rendered":"<p>Fleurs Petit Lys sur Corde pour Cr\u00e9ation de Diffuseurs : Ajoutez une Note de Raffinement \u00e0 Vos Espaces D\u00e9couvrez nos fleurs Petit Lys sur corde, sp\u00e9cialement con&ccedil;ues pour la cr\u00e9ation de diffuseurs de parfum \u00e9l\u00e9gants et uniques.&nbsp; Chaque pack contient des fleurs de lys d\u00e9licates, attach\u00e9es \u00e0 une corde naturelle, pr\u00eates \u00e0 \u00eatre infus\u00e9es de [&hellip;]<\/p>\n","protected":false},"featured_media":390359,"comment_status":"closed","ping_status":"open","template":"","meta":{"_angie_page":false},"product_brand":[],"product_cat":[16450,16540],"product_tag":[],"class_list":{"0":"post-224900","1":"product","2":"type-product","3":"status-publish","4":"has-post-thumbnail","6":"product_cat-aromatherapie-et-parfums-d-ambiance","7":"product_cat-bouteilles-en-verre-et-accessoires","8":"pa_collection-natural-diffuser-flowers-fr","9":"pa_made-in-chine","11":"first","12":"instock","13":"purchasable","14":"product-type-simple"},"supplier_id":null,"supplier_sku":"Ndiff-06","barcode":null,"atum_controlled":true,"out_stock_date":null,"out_stock_threshold":null,"inheritable":false,"inbound_stock":null,"stock_on_hold":0,"sold_today":0,"sales_last_days":0,"reserved_stock":null,"customer_returns":null,"warehouse_damage":null,"lost_in_post":null,"other_logs":null,"out_stock_days":0,"lost_sales":0,"has_location":null,"update_date":"2026-04-27T07:15:06","atum_locations":[],"atum_stock_status":"instock","restock_status":false,"low_stock_amount":"","sales_update_date":"2026-02-06T00:01:52","calc_backorders":null,"_links":{"self":[{"href":"https:\/\/aromasentia.com\/fr\/wp-json\/wp\/v2\/product\/224900","targetHints":{"allow":["GET"]}}],"collection":[{"href":"https:\/\/aromasentia.com\/fr\/wp-json\/wp\/v2\/product"}],"about":[{"href":"https:\/\/aromasentia.com\/fr\/wp-json\/wp\/v2\/types\/product"}],"replies":[{"embeddable":true,"href":"https:\/\/aromasentia.com\/fr\/wp-json\/wp\/v2\/comments?post=224900"}],"version-history":[{"count":0,"href":"https:\/\/aromasentia.com\/fr\/wp-json\/wp\/v2\/product\/224900\/revisions"}],"wp:featuredmedia":[{"embeddable":true,"href":"https:\/\/aromasentia.com\/fr\/wp-json\/wp\/v2\/media\/390359"}],"wp:attachment":[{"href":"https:\/\/aromasentia.com\/fr\/wp-json\/wp\/v2\/media?parent=224900"}],"wp:term":[{"taxonomy":"product_brand","embeddable":true,"href":"https:\/\/aromasentia.com\/fr\/wp-json\/wp\/v2\/product_brand?post=224900"},{"taxonomy":"product_cat","embeddable":true,"href":"https:\/\/aromasentia.com\/fr\/wp-json\/wp\/v2\/product_cat?post=224900"},{"taxonomy":"product_tag","embeddable":true,"href":"https:\/\/aromasentia.com\/fr\/wp-json\/wp\/v2\/product_tag?post=224900"}],"curies":[{"name":"wp","href":"https:\/\/api.w.org\/{rel}","templated":true}]}}