{"id":224880,"date":"2025-03-22T16:59:14","date_gmt":"2025-03-22T16:59:14","guid":{"rendered":"https:\/\/aromasentia.com\/product\/natural-diffuser-flowers-lrg-carnation-on-string\/"},"modified":"2025-06-23T18:34:24","modified_gmt":"2025-06-23T18:34:24","slug":"diffuseurs-naturels-fleurs-gd-oeillet-corde","status":"publish","type":"product","link":"https:\/\/aromasentia.com\/fr\/diffuseurs-naturels-fleurs-gd-oeillet-corde\/","title":{"rendered":"Diffuseurs Naturels Fleurs &#8211; Gd \u0152illet Corde"},"content":{"rendered":"<h1>Plongez dans une exp\u00e9rience parfum\u00e9e raffin\u00e9e avec nos 12 diffuseurs naturels en forme de grands \u0153illets.&nbsp;<\/h1>\n<p>Con&ccedil;us pour offrir une diffusion prolong\u00e9e, ces diffuseurs sont dot\u00e9s d&rsquo;une m\u00e8che de coton qui absorbe d\u00e9licatement le liquide de parfum, le lib\u00e9rant ensuite \u00e0 travers les p\u00e9tales.&nbsp;<\/p>\n<p>Chaque fleur mesure 12&#215;2.5&#215;7 (cm). Ajoutez une touche \u00e9l\u00e9gante \u00e0 votre espace avec ces diffuseurs fleuris, parfaits pour cr\u00e9er une ambiance envo\u00fbtante dans votre maison, votre bureau ou tout autre lieu de vie.<\/p>\n<p><strong><span style=\"color: rgb(141, 186, 216);\">Commandez d\u00e8s maintenant pour proposer \u00e0 vos clients des diffuseurs originaux !<\/span><\/strong><\/p>\n<p>Ps: Parfum non inclu. Flacons diffuseurs \u00e0 roseaux non inclus.<\/p>\n","protected":false},"excerpt":{"rendered":"<p>Plongez dans une exp\u00e9rience parfum\u00e9e raffin\u00e9e avec nos 12 diffuseurs naturels en forme de grands \u0153illets.&nbsp; Con&ccedil;us pour offrir une diffusion prolong\u00e9e, ces diffuseurs sont dot\u00e9s d&rsquo;une m\u00e8che de coton qui absorbe d\u00e9licatement le liquide de parfum, le lib\u00e9rant ensuite \u00e0 travers les p\u00e9tales.&nbsp; Chaque fleur mesure 12&#215;2.5&#215;7 (cm). Ajoutez une touche \u00e9l\u00e9gante \u00e0 votre [&hellip;]<\/p>\n","protected":false},"featured_media":669279,"comment_status":"closed","ping_status":"closed","template":"","meta":{"_angie_page":false},"product_brand":[],"product_cat":[16450,16540],"product_tag":[],"class_list":{"0":"post-224880","1":"product","2":"type-product","3":"status-publish","4":"has-post-thumbnail","6":"product_cat-aromatherapie-et-parfums-d-ambiance","7":"product_cat-bouteilles-en-verre-et-accessoires","8":"pa_collection-natural-diffuser-flowers-fr","9":"pa_made-in-chine","11":"first","12":"instock","13":"purchasable","14":"product-type-simple"},"supplier_id":null,"supplier_sku":"Ndiff-01","barcode":null,"atum_controlled":true,"out_stock_date":null,"out_stock_threshold":null,"inheritable":false,"inbound_stock":null,"stock_on_hold":0,"sold_today":0,"sales_last_days":0,"reserved_stock":null,"customer_returns":null,"warehouse_damage":null,"lost_in_post":null,"other_logs":null,"out_stock_days":0,"lost_sales":0,"has_location":false,"update_date":"2026-04-27T07:14:58","atum_locations":[],"atum_stock_status":"instock","restock_status":false,"low_stock_amount":"","sales_update_date":"2026-03-12T00:07:01","calc_backorders":null,"_links":{"self":[{"href":"https:\/\/aromasentia.com\/fr\/wp-json\/wp\/v2\/product\/224880","targetHints":{"allow":["GET"]}}],"collection":[{"href":"https:\/\/aromasentia.com\/fr\/wp-json\/wp\/v2\/product"}],"about":[{"href":"https:\/\/aromasentia.com\/fr\/wp-json\/wp\/v2\/types\/product"}],"replies":[{"embeddable":true,"href":"https:\/\/aromasentia.com\/fr\/wp-json\/wp\/v2\/comments?post=224880"}],"version-history":[{"count":0,"href":"https:\/\/aromasentia.com\/fr\/wp-json\/wp\/v2\/product\/224880\/revisions"}],"wp:featuredmedia":[{"embeddable":true,"href":"https:\/\/aromasentia.com\/fr\/wp-json\/wp\/v2\/media\/669279"}],"wp:attachment":[{"href":"https:\/\/aromasentia.com\/fr\/wp-json\/wp\/v2\/media?parent=224880"}],"wp:term":[{"taxonomy":"product_brand","embeddable":true,"href":"https:\/\/aromasentia.com\/fr\/wp-json\/wp\/v2\/product_brand?post=224880"},{"taxonomy":"product_cat","embeddable":true,"href":"https:\/\/aromasentia.com\/fr\/wp-json\/wp\/v2\/product_cat?post=224880"},{"taxonomy":"product_tag","embeddable":true,"href":"https:\/\/aromasentia.com\/fr\/wp-json\/wp\/v2\/product_tag?post=224880"}],"curies":[{"name":"wp","href":"https:\/\/api.w.org\/{rel}","templated":true}]}}